{"id":11095,"date":"2025-10-09T00:00:00","date_gmt":"2025-10-08T22:00:00","guid":{"rendered":"https:\/\/yotavis.ch\/product\/it6952a\/"},"modified":"2026-04-24T13:48:52","modified_gmt":"2026-04-24T11:48:52","slug":"it6952a","status":"publish","type":"product","link":"https:\/\/yotavis.ch\/de\/produkt\/it6952a\/","title":{"rendered":"IT6952A"},"content":{"rendered":"<p>Das IT6952A ist ein Gleichstromnetzteil mit einer maximalen Ausgangsspannung von 60 Volt und einer Stromkapazit\u00e4t von 25 Ampere, das bis zu 600 Watt Leistung liefert. Es verf\u00fcgt \u00fcber ein 2U-Half-Rack-Design und eignet sich daher f\u00fcr die Integration in Standardger\u00e4te-Racks. Dieses Modell verf\u00fcgt \u00fcber einen einzigen Ausgangskanal, der eine gezielte Leistungsabgabe erm\u00f6glicht. Das Ger\u00e4t unterst\u00fctzt Fernsteuerungsfunktionen, die den Betrieb und die \u00dcberwachung aus der Ferne erm\u00f6glichen. Zu den Anschlussm\u00f6glichkeiten geh\u00f6ren standardm\u00e4\u00dfige RS232- und USB-Schnittstellen, die die Kommunikation mit verschiedenen Steuerungssystemen und Computern erm\u00f6glichen. Das Netzger\u00e4t wurde von ITECH entwickelt, einer Marke, die f\u00fcr ihre elektronischen Pr\u00fcf- und Messger\u00e4te bekannt ist. Durch die Kombination von Spannungs-, Strom- und Leistungswerten ist es f\u00fcr eine Reihe von Pr\u00fcf- und Entwicklungsszenarien geeignet, bei denen eine stabile Gleichstromversorgung erforderlich ist.<\/p>","protected":false},"excerpt":{"rendered":"<p>DC-Netzteil 60V \/ 25A \/600W, 2U Halbrack, Standard RS232\/USB Schnittstelle<\/p>","protected":false},"featured_media":11577,"comment_status":"closed","ping_status":"closed","template":"","meta":{"_acf_changed":false,"slim_seo":{"title":"IT6952A - YOTAVIS AG","description":"DC-Netzteil 60V \/ 25A \/600W, 2U Halbrack, Standard RS232\/USB Schnittstelle"}},"product_brand":[822],"product_cat":[516,515],"product_tag":[],"class_list":{"0":"post-11095","1":"product","2":"type-product","3":"status-publish","4":"has-post-thumbnail","6":"product_brand-itech","7":"product_cat-dc-source-en","8":"product_cat-power-en","9":"pa_current-a-401","10":"pa_output-number-146","11":"pa_power-w-582","12":"pa_remote-control-yes","13":"pa_voltage-v-314","15":"first","16":"instock","17":"taxable","18":"shipping-taxable","19":"product-type-simple"},"acf":[],"_links":{"self":[{"href":"https:\/\/yotavis.ch\/de\/wp-json\/wp\/v2\/product\/11095","targetHints":{"allow":["GET"]}}],"collection":[{"href":"https:\/\/yotavis.ch\/de\/wp-json\/wp\/v2\/product"}],"about":[{"href":"https:\/\/yotavis.ch\/de\/wp-json\/wp\/v2\/types\/product"}],"replies":[{"embeddable":true,"href":"https:\/\/yotavis.ch\/de\/wp-json\/wp\/v2\/comments?post=11095"}],"wp:featuredmedia":[{"embeddable":true,"href":"https:\/\/yotavis.ch\/de\/wp-json\/wp\/v2\/media\/11577"}],"wp:attachment":[{"href":"https:\/\/yotavis.ch\/de\/wp-json\/wp\/v2\/media?parent=11095"}],"wp:term":[{"taxonomy":"product_brand","embeddable":true,"href":"https:\/\/yotavis.ch\/de\/wp-json\/wp\/v2\/product_brand?post=11095"},{"taxonomy":"product_cat","embeddable":true,"href":"https:\/\/yotavis.ch\/de\/wp-json\/wp\/v2\/product_cat?post=11095"},{"taxonomy":"product_tag","embeddable":true,"href":"https:\/\/yotavis.ch\/de\/wp-json\/wp\/v2\/product_tag?post=11095"}],"curies":[{"name":"wp","href":"https:\/\/api.w.org\/{rel}","templated":true}]}}