{"id":11097,"date":"2025-10-09T00:00:00","date_gmt":"2025-10-08T22:00:00","guid":{"rendered":"https:\/\/yotavis.ch\/product\/it6922ag\/"},"modified":"2026-04-24T13:48:53","modified_gmt":"2026-04-24T11:48:53","slug":"it6922ag","status":"publish","type":"product","link":"https:\/\/yotavis.ch\/de\/produkt\/it6922ag\/","title":{"rendered":"IT6922A(G)"},"content":{"rendered":"<p>Das ITECH IT6922A(G) ist ein Gleichstromnetzteil, das eine maximale Ausgangsleistung von 60 Volt und 5 Ampere liefert und eine Gesamtleistung von 100 Watt bereitstellt. Es verf\u00fcgt \u00fcber einen einzigen Ausgangskanal, der einen einfachen Betrieb und Anschluss erm\u00f6glicht. Dieses Modell unterst\u00fctzt die Fernbedienungsfunktion, so dass der Benutzer das Ger\u00e4t aus der Ferne steuern kann, was den Komfort und die Integration in automatisierte Systeme erh\u00f6ht. Das Netzger\u00e4t ist mit einer GPIB-Schnittstelle ausgestattet, die die Kommunikation und Steuerung \u00fcber Standard-Instrumentenprotokolle erleichtert. Die Konstruktion ist auf die Bereitstellung einer stabilen und zuverl\u00e4ssigen Gleichstromversorgung ausgerichtet, die f\u00fcr verschiedene Anwendungen geeignet ist, die pr\u00e4zise Spannungs- und Stromeinstellungen erfordern. Durch die Kombination seiner Spannungs-, Strom- und Leistungsspezifikationen eignet sich das Ger\u00e4t f\u00fcr Tests, Entwicklung und andere technische Umgebungen, in denen eine kontrollierte Stromversorgung unerl\u00e4sslich ist. Die Fernsteuerungs- und GPIB-Schnittstellenoptionen unterstreichen seine Anpassungsf\u00e4higkeit f\u00fcr den Einsatz in komplexen Setups und automatisierten Testszenarien.<\/p>","protected":false},"excerpt":{"rendered":"<p>DC-Netzteil 60V \/ 5A \/100W mit GPIB-Schnittstelle<\/p>","protected":false},"featured_media":11577,"comment_status":"closed","ping_status":"closed","template":"","meta":{"_acf_changed":false,"slim_seo":{"title":"IT6922A(G) - YOTAVIS AG","description":"DC-Netzteil 60V \/ 5A \/100W mit GPIB-Schnittstelle"}},"product_brand":[822],"product_cat":[516,515],"product_tag":[],"class_list":{"0":"post-11097","1":"product","2":"type-product","3":"status-publish","4":"has-post-thumbnail","6":"product_brand-itech","7":"product_cat-dc-source-en","8":"product_cat-power-en","9":"pa_current-a-392","10":"pa_output-number-146","11":"pa_power-w-481","12":"pa_remote-control-yes","13":"pa_voltage-v-314","15":"first","16":"instock","17":"taxable","18":"shipping-taxable","19":"product-type-simple"},"acf":[],"_links":{"self":[{"href":"https:\/\/yotavis.ch\/de\/wp-json\/wp\/v2\/product\/11097","targetHints":{"allow":["GET"]}}],"collection":[{"href":"https:\/\/yotavis.ch\/de\/wp-json\/wp\/v2\/product"}],"about":[{"href":"https:\/\/yotavis.ch\/de\/wp-json\/wp\/v2\/types\/product"}],"replies":[{"embeddable":true,"href":"https:\/\/yotavis.ch\/de\/wp-json\/wp\/v2\/comments?post=11097"}],"wp:featuredmedia":[{"embeddable":true,"href":"https:\/\/yotavis.ch\/de\/wp-json\/wp\/v2\/media\/11577"}],"wp:attachment":[{"href":"https:\/\/yotavis.ch\/de\/wp-json\/wp\/v2\/media?parent=11097"}],"wp:term":[{"taxonomy":"product_brand","embeddable":true,"href":"https:\/\/yotavis.ch\/de\/wp-json\/wp\/v2\/product_brand?post=11097"},{"taxonomy":"product_cat","embeddable":true,"href":"https:\/\/yotavis.ch\/de\/wp-json\/wp\/v2\/product_cat?post=11097"},{"taxonomy":"product_tag","embeddable":true,"href":"https:\/\/yotavis.ch\/de\/wp-json\/wp\/v2\/product_tag?post=11097"}],"curies":[{"name":"wp","href":"https:\/\/api.w.org\/{rel}","templated":true}]}}