{"id":11099,"date":"2025-10-09T00:00:00","date_gmt":"2025-10-08T22:00:00","guid":{"rendered":"https:\/\/yotavis.ch\/product\/it6933ag\/"},"modified":"2026-04-24T13:48:54","modified_gmt":"2026-04-24T11:48:54","slug":"it6933ag","status":"publish","type":"product","link":"https:\/\/yotavis.ch\/de\/produkt\/it6933ag\/","title":{"rendered":"IT6933A(G)"},"content":{"rendered":"<p>Das ITECH IT6933A(G) ist ein Gleichstromnetzteil, das eine maximale Ausgangsspannung von 150 Volt und einen Strom von bis zu 5 Ampere liefern kann, was eine Gesamtleistung von 200 Watt ergibt. Es verf\u00fcgt \u00fcber einen einzigen Ausgangskanal, was eine einfache Bedienung und einen einfachen Anschluss erm\u00f6glicht. Dieses Modell unterst\u00fctzt die Fernsteuerungsfunktionalit\u00e4t, so dass der Benutzer das Ger\u00e4t aus der Ferne steuern kann, was den Komfort und die Integration in automatisierte Systeme erh\u00f6ht. Dar\u00fcber hinaus ist das IT6933A(G) mit einer GPIB-Schnittstelle ausgestattet, die die Kommunikation und Steuerung \u00fcber Standard-Instrumentierungsprotokolle erm\u00f6glicht. Durch die Kombination seiner Spannungs-, Strom- und Leistungsspezifikationen eignet sich das Ger\u00e4t f\u00fcr verschiedene Anwendungen, die eine stabile und pr\u00e4zise Gleichstromversorgung erfordern. Das Design des Ger\u00e4ts konzentriert sich auf die Bereitstellung einer zuverl\u00e4ssigen Leistung mit der F\u00e4higkeit, in komplexe Pr\u00fcf- und Messaufbauten integriert zu werden. Seine Schnittstellenoptionen und Ausgangseigenschaften gew\u00e4hrleisten die Kompatibilit\u00e4t mit einer Reihe von elektronischen Ger\u00e4ten und Pr\u00fcfumgebungen.<\/p>","protected":false},"excerpt":{"rendered":"<p>DC PSU 150V \/ 5A \/200W  with GPIB interface<\/p>","protected":false},"featured_media":12179,"comment_status":"closed","ping_status":"closed","template":"","meta":{"_acf_changed":false,"slim_seo":{"title":"IT6933A(G) - YOTAVIS AG","description":"DC-Netzteil 150V \/ 5A \/200W mit GPIB-Schnittstelle"}},"product_brand":[822],"product_cat":[516,515],"product_tag":[],"class_list":{"0":"post-11099","1":"product","2":"type-product","3":"status-publish","4":"has-post-thumbnail","6":"product_brand-itech","7":"product_cat-dc-source-en","8":"product_cat-power-en","9":"pa_current-a-392","10":"pa_output-number-146","11":"pa_power-w-414","12":"pa_remote-control-yes","13":"pa_voltage-v-150","15":"first","16":"instock","17":"taxable","18":"shipping-taxable","19":"product-type-simple"},"acf":[],"_links":{"self":[{"href":"https:\/\/yotavis.ch\/de\/wp-json\/wp\/v2\/product\/11099","targetHints":{"allow":["GET"]}}],"collection":[{"href":"https:\/\/yotavis.ch\/de\/wp-json\/wp\/v2\/product"}],"about":[{"href":"https:\/\/yotavis.ch\/de\/wp-json\/wp\/v2\/types\/product"}],"replies":[{"embeddable":true,"href":"https:\/\/yotavis.ch\/de\/wp-json\/wp\/v2\/comments?post=11099"}],"wp:featuredmedia":[{"embeddable":true,"href":"https:\/\/yotavis.ch\/de\/wp-json\/wp\/v2\/media\/12179"}],"wp:attachment":[{"href":"https:\/\/yotavis.ch\/de\/wp-json\/wp\/v2\/media?parent=11099"}],"wp:term":[{"taxonomy":"product_brand","embeddable":true,"href":"https:\/\/yotavis.ch\/de\/wp-json\/wp\/v2\/product_brand?post=11099"},{"taxonomy":"product_cat","embeddable":true,"href":"https:\/\/yotavis.ch\/de\/wp-json\/wp\/v2\/product_cat?post=11099"},{"taxonomy":"product_tag","embeddable":true,"href":"https:\/\/yotavis.ch\/de\/wp-json\/wp\/v2\/product_tag?post=11099"}],"curies":[{"name":"wp","href":"https:\/\/api.w.org\/{rel}","templated":true}]}}