{"id":11101,"date":"2025-10-09T00:00:00","date_gmt":"2025-10-08T22:00:00","guid":{"rendered":"https:\/\/yotavis.ch\/product\/it6952ag\/"},"modified":"2026-04-24T13:48:54","modified_gmt":"2026-04-24T11:48:54","slug":"it6952ag","status":"publish","type":"product","link":"https:\/\/yotavis.ch\/de\/produkt\/it6952ag\/","title":{"rendered":"IT6952A(G)"},"content":{"rendered":"<p>Das IT6952A(G) ist ein Gleichstromnetzteil, das bis zu 60 Volt und 25 Ampere liefern kann und eine maximale Ausgangsleistung von 600 Watt hat. Es verf\u00fcgt \u00fcber einen einzigen Ausgangskanal, der eine gezielte und kontrollierte Leistungsabgabe erm\u00f6glicht. Dieses Modell unterst\u00fctzt die Fernbedienungsfunktion, so dass der Benutzer das Ger\u00e4t bequem und flexibel aus der Ferne bedienen kann. Das Netzteil ist mit einer GPIB-Schnittstelle ausgestattet, die die Kommunikation und Integration mit anderen Ger\u00e4ten oder automatisierten Pr\u00fcfsystemen erleichtert. Das IT6952A(G) wurde entwickelt, um verschiedene Pr\u00fcf- und Betriebsanforderungen zu erf\u00fcllen, und bietet eine zuverl\u00e4ssige Gleichstromversorgung mit pr\u00e4zisen Spannungs- und Stromeinstellungen. Aufgrund seiner Spezifikationen eignet er sich f\u00fcr Anwendungen, die stabile und einstellbare Stromquellen innerhalb der angegebenen Spannungs- und Stromgrenzen erfordern.<\/p>","protected":false},"excerpt":{"rendered":"<p>DC-Netzteil 60V \/ 25A \/600W mit GPIB-Schnittstelle<\/p>","protected":false},"featured_media":11577,"comment_status":"closed","ping_status":"closed","template":"","meta":{"_acf_changed":false,"slim_seo":{"title":"IT6952A(G) - YOTAVIS AG","description":"DC-Netzteil 60V \/ 25A \/600W mit GPIB-Schnittstelle"}},"product_brand":[822],"product_cat":[516,515],"product_tag":[],"class_list":{"0":"post-11101","1":"product","2":"type-product","3":"status-publish","4":"has-post-thumbnail","6":"product_brand-itech","7":"product_cat-dc-source-en","8":"product_cat-power-en","9":"pa_current-a-401","10":"pa_output-number-146","11":"pa_power-w-582","12":"pa_remote-control-yes","13":"pa_voltage-v-314","15":"first","16":"instock","17":"taxable","18":"shipping-taxable","19":"product-type-simple"},"acf":[],"_links":{"self":[{"href":"https:\/\/yotavis.ch\/de\/wp-json\/wp\/v2\/product\/11101","targetHints":{"allow":["GET"]}}],"collection":[{"href":"https:\/\/yotavis.ch\/de\/wp-json\/wp\/v2\/product"}],"about":[{"href":"https:\/\/yotavis.ch\/de\/wp-json\/wp\/v2\/types\/product"}],"replies":[{"embeddable":true,"href":"https:\/\/yotavis.ch\/de\/wp-json\/wp\/v2\/comments?post=11101"}],"wp:featuredmedia":[{"embeddable":true,"href":"https:\/\/yotavis.ch\/de\/wp-json\/wp\/v2\/media\/11577"}],"wp:attachment":[{"href":"https:\/\/yotavis.ch\/de\/wp-json\/wp\/v2\/media?parent=11101"}],"wp:term":[{"taxonomy":"product_brand","embeddable":true,"href":"https:\/\/yotavis.ch\/de\/wp-json\/wp\/v2\/product_brand?post=11101"},{"taxonomy":"product_cat","embeddable":true,"href":"https:\/\/yotavis.ch\/de\/wp-json\/wp\/v2\/product_cat?post=11101"},{"taxonomy":"product_tag","embeddable":true,"href":"https:\/\/yotavis.ch\/de\/wp-json\/wp\/v2\/product_tag?post=11101"}],"curies":[{"name":"wp","href":"https:\/\/api.w.org\/{rel}","templated":true}]}}