{"id":11102,"date":"2025-10-09T00:00:00","date_gmt":"2025-10-08T22:00:00","guid":{"rendered":"https:\/\/yotavis.ch\/product\/it6953ag\/"},"modified":"2026-04-24T13:48:54","modified_gmt":"2026-04-24T11:48:54","slug":"it6953ag","status":"publish","type":"product","link":"https:\/\/yotavis.ch\/de\/produkt\/it6953ag\/","title":{"rendered":"IT6953A(G)"},"content":{"rendered":"<p>Das IT6953A(G) ist ein Gleichstromnetzteil mit einer maximalen Ausgangsspannung von 150 Volt und einem maximalen Strom von 10 Ampere, das eine Gesamtleistung von 600 Watt liefert. Es verf\u00fcgt \u00fcber einen einzigen Ausgangskanal, der eine gezielte Leistungsabgabe in verschiedenen Anwendungen erm\u00f6glicht. Dieses Modell unterst\u00fctzt die Fernbedienungsfunktion, so dass der Benutzer das Ger\u00e4t bequem und pr\u00e4zise aus der Ferne bedienen kann. Das Netzger\u00e4t ist mit einer GPIB-Schnittstelle ausgestattet, die die Kommunikation und Integration mit anderen Ger\u00e4ten und Systemen erleichtert. Das von ITECH entwickelte IT6953A(G) erf\u00fcllt mit seinen Spannungs-, Strom- und Leistungsspezifikationen die Anforderungen von Test- und Entwicklungsumgebungen, die stabile und zuverl\u00e4ssige DC-Stromquellen erfordern. Die Fernsteuerung und die GPIB-Schnittstelle verbessern die Nutzbarkeit in automatisierten Testaufbauten und komplexen Konfigurationen. Dieses Netzteil eignet sich f\u00fcr Szenarien, in denen eine kontrollierte und einstellbare Gleichstromversorgung f\u00fcr Ger\u00e4tetests oder den Betrieb unerl\u00e4sslich ist.<\/p>","protected":false},"excerpt":{"rendered":"<p>DC-Netzteil 150V \/ 10A \/ 600W mit GPIB-Schnittstelle<\/p>","protected":false},"featured_media":11577,"comment_status":"closed","ping_status":"closed","template":"","meta":{"_acf_changed":false,"slim_seo":{"title":"IT6953A(G) - YOTAVIS AG","description":"DC-Netzteil 150V \/ 10A \/ 600W mit GPIB-Schnittstelle"}},"product_brand":[822],"product_cat":[516,515],"product_tag":[],"class_list":{"0":"post-11102","1":"product","2":"type-product","3":"status-publish","4":"has-post-thumbnail","6":"product_brand-itech","7":"product_cat-dc-source-en","8":"product_cat-power-en","9":"pa_current-a-397","10":"pa_output-number-146","11":"pa_power-w-582","12":"pa_remote-control-yes","13":"pa_voltage-v-150","15":"first","16":"instock","17":"taxable","18":"shipping-taxable","19":"product-type-simple"},"acf":[],"_links":{"self":[{"href":"https:\/\/yotavis.ch\/de\/wp-json\/wp\/v2\/product\/11102","targetHints":{"allow":["GET"]}}],"collection":[{"href":"https:\/\/yotavis.ch\/de\/wp-json\/wp\/v2\/product"}],"about":[{"href":"https:\/\/yotavis.ch\/de\/wp-json\/wp\/v2\/types\/product"}],"replies":[{"embeddable":true,"href":"https:\/\/yotavis.ch\/de\/wp-json\/wp\/v2\/comments?post=11102"}],"wp:featuredmedia":[{"embeddable":true,"href":"https:\/\/yotavis.ch\/de\/wp-json\/wp\/v2\/media\/11577"}],"wp:attachment":[{"href":"https:\/\/yotavis.ch\/de\/wp-json\/wp\/v2\/media?parent=11102"}],"wp:term":[{"taxonomy":"product_brand","embeddable":true,"href":"https:\/\/yotavis.ch\/de\/wp-json\/wp\/v2\/product_brand?post=11102"},{"taxonomy":"product_cat","embeddable":true,"href":"https:\/\/yotavis.ch\/de\/wp-json\/wp\/v2\/product_cat?post=11102"},{"taxonomy":"product_tag","embeddable":true,"href":"https:\/\/yotavis.ch\/de\/wp-json\/wp\/v2\/product_tag?post=11102"}],"curies":[{"name":"wp","href":"https:\/\/api.w.org\/{rel}","templated":true}]}}