{"id":11104,"date":"2025-10-09T00:00:00","date_gmt":"2025-10-08T22:00:00","guid":{"rendered":"https:\/\/yotavis.ch\/product\/it-m7721l\/"},"modified":"2026-04-24T13:48:57","modified_gmt":"2026-04-24T11:48:57","slug":"it-m7721l","status":"publish","type":"product","link":"https:\/\/yotavis.ch\/de\/produkt\/it-m7721l\/","title":{"rendered":"IT-M7721L"},"content":{"rendered":"<p>Das IT-M7721L ist ein AC\/DC-Netzteil mit einer Nennleistung von 300 Watt, das eine Stromst\u00e4rke von bis zu 3 Ampere bei einer Spannung von 300 Volt liefern kann. Es verf\u00fcgt \u00fcber einen einzigen Ausgangskanal und unterst\u00fctzt die Fernbedienungsfunktion, die eine bequeme Bedienung aus der Ferne erm\u00f6glicht. Das Ger\u00e4t ist so konzipiert, dass es in ein 1U-Half-Rack passt und somit f\u00fcr die Integration in Standardger\u00e4te-Racks geeignet ist. Es arbeitet mit einer maximalen Frequenz von 100 Hz und ist somit mit verschiedenen Anwendungen kompatibel, die eine stabile Stromversorgung erfordern. Dieses von ITECH hergestellte Netzteil kombiniert die wichtigsten elektrischen Spezifikationen mit einem kompakten Formfaktor. Es unterst\u00fctzt sowohl AC- als auch DC-Ausg\u00e4nge und ist somit vielseitig f\u00fcr unterschiedliche Test- und Betriebsanforderungen einsetzbar. Die integrierte Fernsteuerung verbessert die Einsatzf\u00e4higkeit in automatisierten oder kontrollierten Umgebungen.<\/p>","protected":false},"excerpt":{"rendered":"<p>300V\/3A\/300VA AC\/DC-Netzteil; 1U Halb-Rack<\/p>","protected":false},"featured_media":11965,"comment_status":"closed","ping_status":"closed","template":"","meta":{"_acf_changed":false,"slim_seo":{"title":"IT-M7721L - YOTAVIS AG","description":"300V\/3A\/300VA AC\/DC-Netzteil; 1U Halb-Rack"}},"product_brand":[822],"product_cat":[625,515],"product_tag":[],"class_list":{"0":"post-11104","1":"product","2":"type-product","3":"status-publish","4":"has-post-thumbnail","6":"product_brand-itech","7":"product_cat-ac-dc-source-en","8":"product_cat-power-en","9":"pa_current-a-485","10":"pa_max-frequency-hz-1043","11":"pa_output-number-146","12":"pa_power-w-416","13":"pa_remote-control-yes","14":"pa_voltage-v-624","16":"first","17":"instock","18":"taxable","19":"shipping-taxable","20":"product-type-simple"},"acf":[],"_links":{"self":[{"href":"https:\/\/yotavis.ch\/de\/wp-json\/wp\/v2\/product\/11104","targetHints":{"allow":["GET"]}}],"collection":[{"href":"https:\/\/yotavis.ch\/de\/wp-json\/wp\/v2\/product"}],"about":[{"href":"https:\/\/yotavis.ch\/de\/wp-json\/wp\/v2\/types\/product"}],"replies":[{"embeddable":true,"href":"https:\/\/yotavis.ch\/de\/wp-json\/wp\/v2\/comments?post=11104"}],"wp:featuredmedia":[{"embeddable":true,"href":"https:\/\/yotavis.ch\/de\/wp-json\/wp\/v2\/media\/11965"}],"wp:attachment":[{"href":"https:\/\/yotavis.ch\/de\/wp-json\/wp\/v2\/media?parent=11104"}],"wp:term":[{"taxonomy":"product_brand","embeddable":true,"href":"https:\/\/yotavis.ch\/de\/wp-json\/wp\/v2\/product_brand?post=11104"},{"taxonomy":"product_cat","embeddable":true,"href":"https:\/\/yotavis.ch\/de\/wp-json\/wp\/v2\/product_cat?post=11104"},{"taxonomy":"product_tag","embeddable":true,"href":"https:\/\/yotavis.ch\/de\/wp-json\/wp\/v2\/product_tag?post=11104"}],"curies":[{"name":"wp","href":"https:\/\/api.w.org\/{rel}","templated":true}]}}