{"id":11105,"date":"2025-10-09T00:00:00","date_gmt":"2025-10-08T22:00:00","guid":{"rendered":"https:\/\/yotavis.ch\/product\/it-m7722l\/"},"modified":"2026-04-24T13:48:57","modified_gmt":"2026-04-24T11:48:57","slug":"it-m7722l","status":"publish","type":"product","link":"https:\/\/yotavis.ch\/de\/produkt\/it-m7722l\/","title":{"rendered":"IT-M7722L"},"content":{"rendered":"<p>Das IT-M7722L von ITECH ist ein AC\/DC-Netzteil, das eine maximale Ausgangsleistung von 600 Watt liefert. Es arbeitet mit einer Spannung von 300 Volt und einem Strom von 6 Ampere und eignet sich damit f\u00fcr verschiedene Anwendungen, die eine stabile Stromversorgung erfordern. Dieses Modell hat einen Formfaktor von 1U (Half Rack), der eine effiziente Nutzung des Platzes in den Racks erm\u00f6glicht. Es verf\u00fcgt \u00fcber einen einzigen Ausgangskanal und bietet damit eine unkomplizierte Stromversorgungsl\u00f6sung. Das Ger\u00e4t unterst\u00fctzt die Fernsteuerungsfunktionalit\u00e4t, so dass die Benutzer es bequem und flexibel aus der Ferne bedienen k\u00f6nnen. Dar\u00fcber hinaus kann das IT-M7722L Frequenzen bis zu 100 Hz verarbeiten und erf\u00fcllt damit eine Reihe von Pr\u00fcf- und Betriebsanforderungen. Sein Design und seine Spezifikationen machen ihn zu einer praktischen Wahl f\u00fcr Umgebungen, in denen eine pr\u00e4zise und zuverl\u00e4ssige Stromversorgung unerl\u00e4sslich ist.<\/p>","protected":false},"excerpt":{"rendered":"<p>300V\/6A\/600VA AC\/DC-Netzteil; 1U Halb-Rack<\/p>","protected":false},"featured_media":11965,"comment_status":"closed","ping_status":"closed","template":"","meta":{"_acf_changed":false,"slim_seo":{"title":"IT-M7722L - YOTAVIS AG","description":"300V\/6A\/600VA AC\/DC-Netzteil; 1U Halb-Rack"}},"product_brand":[822],"product_cat":[625,515],"product_tag":[],"class_list":{"0":"post-11105","1":"product","2":"type-product","3":"status-publish","4":"has-post-thumbnail","6":"product_brand-itech","7":"product_cat-ac-dc-source-en","8":"product_cat-power-en","9":"pa_current-a-399","10":"pa_max-frequency-hz-1043","11":"pa_output-number-146","12":"pa_power-w-582","13":"pa_remote-control-yes","14":"pa_voltage-v-624","16":"first","17":"instock","18":"taxable","19":"shipping-taxable","20":"product-type-simple"},"acf":[],"_links":{"self":[{"href":"https:\/\/yotavis.ch\/de\/wp-json\/wp\/v2\/product\/11105","targetHints":{"allow":["GET"]}}],"collection":[{"href":"https:\/\/yotavis.ch\/de\/wp-json\/wp\/v2\/product"}],"about":[{"href":"https:\/\/yotavis.ch\/de\/wp-json\/wp\/v2\/types\/product"}],"replies":[{"embeddable":true,"href":"https:\/\/yotavis.ch\/de\/wp-json\/wp\/v2\/comments?post=11105"}],"wp:featuredmedia":[{"embeddable":true,"href":"https:\/\/yotavis.ch\/de\/wp-json\/wp\/v2\/media\/11965"}],"wp:attachment":[{"href":"https:\/\/yotavis.ch\/de\/wp-json\/wp\/v2\/media?parent=11105"}],"wp:term":[{"taxonomy":"product_brand","embeddable":true,"href":"https:\/\/yotavis.ch\/de\/wp-json\/wp\/v2\/product_brand?post=11105"},{"taxonomy":"product_cat","embeddable":true,"href":"https:\/\/yotavis.ch\/de\/wp-json\/wp\/v2\/product_cat?post=11105"},{"taxonomy":"product_tag","embeddable":true,"href":"https:\/\/yotavis.ch\/de\/wp-json\/wp\/v2\/product_tag?post=11105"}],"curies":[{"name":"wp","href":"https:\/\/api.w.org\/{rel}","templated":true}]}}