{"id":11751,"date":"2025-10-09T00:00:00","date_gmt":"2025-10-08T22:00:00","guid":{"rendered":"https:\/\/yotavis.ch\/product\/it6018d-500-120salve\/"},"modified":"2026-03-02T16:32:01","modified_gmt":"2026-03-02T15:32:01","slug":"it6018d-500-120slave","status":"publish","type":"product","link":"https:\/\/yotavis.ch\/de\/produkt\/it6018d-500-120slave\/","title":{"rendered":"IT6018D-500-120Slave"},"content":{"rendered":"<p>Die ITECH IT6018D-500-120Slave ist eine DC-Stromquelle, die f\u00fcr eine zuverl\u00e4ssige Leistung ausgelegt ist. Mit einer Leistungskapazit\u00e4t von 18.000 Watt arbeitet sie mit einer Spannung von bis zu 500 Volt und unterst\u00fctzt einen Strom von 960 Ampere. Das Ger\u00e4t verf\u00fcgt \u00fcber einen einzigen Ausgang und eignet sich daher f\u00fcr Anwendungen, die eine pr\u00e4zise und stabile Stromversorgung erfordern. Es ist ideal f\u00fcr Industrie- und Laborumgebungen und gew\u00e4hrleistet einen gleichm\u00e4\u00dfigen Betrieb unter anspruchsvollen Bedingungen. Seine fortschrittlichen Funktionen erm\u00f6glichen ein effizientes Energiemanagement und eine robuste Steuerung f\u00fcr verschiedene Pr\u00fcf- und Stromversorgungsanforderungen.<\/p>","protected":false},"excerpt":{"rendered":"<p>500V\/120A\/18kW DC-Netzteil, 3U, SLAVE<\/p>","protected":false},"featured_media":12289,"comment_status":"closed","ping_status":"closed","template":"","meta":{"_acf_changed":false,"slim_seo":{"title":"IT6018D-500-120Slave - YOTAVIS AG","description":"500V\/120A\/18kW DC-Netzteil, 3U, SLAVE"}},"product_brand":[822],"product_cat":[516,515],"product_tag":[],"class_list":{"0":"post-11751","1":"product","2":"type-product","3":"status-publish","4":"has-post-thumbnail","6":"product_brand-itech","7":"product_cat-dc-source-en","8":"product_cat-power-en","9":"pa_current-a-946","10":"pa_output-number-146","11":"pa_power-w-629","12":"pa_voltage-v-604","14":"first","15":"instock","16":"taxable","17":"shipping-taxable","18":"product-type-simple"},"acf":[],"_links":{"self":[{"href":"https:\/\/yotavis.ch\/de\/wp-json\/wp\/v2\/product\/11751","targetHints":{"allow":["GET"]}}],"collection":[{"href":"https:\/\/yotavis.ch\/de\/wp-json\/wp\/v2\/product"}],"about":[{"href":"https:\/\/yotavis.ch\/de\/wp-json\/wp\/v2\/types\/product"}],"replies":[{"embeddable":true,"href":"https:\/\/yotavis.ch\/de\/wp-json\/wp\/v2\/comments?post=11751"}],"wp:featuredmedia":[{"embeddable":true,"href":"https:\/\/yotavis.ch\/de\/wp-json\/wp\/v2\/media\/12289"}],"wp:attachment":[{"href":"https:\/\/yotavis.ch\/de\/wp-json\/wp\/v2\/media?parent=11751"}],"wp:term":[{"taxonomy":"product_brand","embeddable":true,"href":"https:\/\/yotavis.ch\/de\/wp-json\/wp\/v2\/product_brand?post=11751"},{"taxonomy":"product_cat","embeddable":true,"href":"https:\/\/yotavis.ch\/de\/wp-json\/wp\/v2\/product_cat?post=11751"},{"taxonomy":"product_tag","embeddable":true,"href":"https:\/\/yotavis.ch\/de\/wp-json\/wp\/v2\/product_tag?post=11751"}],"curies":[{"name":"wp","href":"https:\/\/api.w.org\/{rel}","templated":true}]}}