{"id":12391,"date":"2025-10-09T00:00:00","date_gmt":"2025-10-08T22:00:00","guid":{"rendered":"https:\/\/yotavis.ch\/product\/dc-lisn-combo1c\/"},"modified":"2026-04-24T13:35:24","modified_gmt":"2026-04-24T11:35:24","slug":"dc-lisn-combo1c","status":"publish","type":"product","link":"https:\/\/yotavis.ch\/de\/produkt\/dc-lisn-combo1c\/","title":{"rendered":"DC-LISN-Combo1C"},"content":{"rendered":"<p>Die DC-LISN-Combo1C von Tekbox umfasst eine Kombination von Komponenten, die f\u00fcr spezifische Anschluss- und Abschlussanforderungen entwickelt wurden. Sie enth\u00e4lt zwei TBOH01-Einheiten und eine TBLM02-Einheit, die eine vielseitige Einrichtung erm\u00f6glichen. Das Paket enth\u00e4lt auch einen BNC-Abschluss, der f\u00fcr den richtigen Signalabschluss in verschiedenen Anwendungen unerl\u00e4sslich ist. Die mitgelieferten Kabel sind ein N-Stecker-auf-BNC-Stecker-Kabel mit einer L\u00e4nge von 75 cm und dem Koaxialtyp RG58 sowie zwei BNC-Stecker-auf-BNC-Stecker-Kabel mit einer L\u00e4nge von jeweils 35 cm und dem Koaxialtyp RG223. Diese Kabel erm\u00f6glichen zuverl\u00e4ssige Verbindungen zwischen Ger\u00e4ten mit unterschiedlichen Steckertypen. Die Verwendung von RG58- und RG223-Koaxialkabeln weist auf die Kompatibilit\u00e4t mit Standard-Signal\u00fcbertragungsanforderungen hin. Diese Kombination von Komponenten und Kabeln unterst\u00fctzt eine Reihe von Pr\u00fcf- und Messkonfigurationen, bei denen BNC- und N-Stecker zum Einsatz kommen.<\/p>","protected":false},"excerpt":{"rendered":"<p>2 TBOH01, 1 TBLM02, 1 BNC-Abschluss, 1x N-Stecker auf BNC-Stecker 75 cm RG58, 2x BNC-Stecker auf BNC-Stecker 35 cm RG223<\/p>","protected":false},"featured_media":13041,"comment_status":"closed","ping_status":"closed","template":"","meta":{"_acf_changed":false,"slim_seo":{"title":"DC-LISN-Combo1C - YOTAVIS AG","description":"2 TBOH01, 1 TBLM02, 1 BNC-Abschluss, 1x N-Stecker auf BNC-Stecker 75 cm RG58, 2x BNC-Stecker auf BNC-Stecker 35 cm RG223"}},"product_brand":[645],"product_cat":[526,649],"product_tag":[],"class_list":{"0":"post-12391","1":"product","2":"type-product","3":"status-publish","4":"has-post-thumbnail","6":"product_brand-tekbox","7":"product_cat-accessories","8":"product_cat-emc-test-equipment-accessories","10":"first","11":"instock","12":"taxable","13":"shipping-taxable","14":"purchasable","15":"product-type-simple"},"acf":[],"_links":{"self":[{"href":"https:\/\/yotavis.ch\/de\/wp-json\/wp\/v2\/product\/12391","targetHints":{"allow":["GET"]}}],"collection":[{"href":"https:\/\/yotavis.ch\/de\/wp-json\/wp\/v2\/product"}],"about":[{"href":"https:\/\/yotavis.ch\/de\/wp-json\/wp\/v2\/types\/product"}],"replies":[{"embeddable":true,"href":"https:\/\/yotavis.ch\/de\/wp-json\/wp\/v2\/comments?post=12391"}],"wp:featuredmedia":[{"embeddable":true,"href":"https:\/\/yotavis.ch\/de\/wp-json\/wp\/v2\/media\/13041"}],"wp:attachment":[{"href":"https:\/\/yotavis.ch\/de\/wp-json\/wp\/v2\/media?parent=12391"}],"wp:term":[{"taxonomy":"product_brand","embeddable":true,"href":"https:\/\/yotavis.ch\/de\/wp-json\/wp\/v2\/product_brand?post=12391"},{"taxonomy":"product_cat","embeddable":true,"href":"https:\/\/yotavis.ch\/de\/wp-json\/wp\/v2\/product_cat?post=12391"},{"taxonomy":"product_tag","embeddable":true,"href":"https:\/\/yotavis.ch\/de\/wp-json\/wp\/v2\/product_tag?post=12391"}],"curies":[{"name":"wp","href":"https:\/\/api.w.org\/{rel}","templated":true}]}}