{"id":12419,"date":"2025-10-09T00:00:00","date_gmt":"2025-10-08T22:00:00","guid":{"rendered":"https:\/\/yotavis.ch\/product\/sdg3082x\/"},"modified":"2026-04-24T13:36:55","modified_gmt":"2026-04-24T11:36:55","slug":"sdg3082x","status":"publish","type":"product","link":"https:\/\/yotavis.ch\/de\/produkt\/sdg3082x\/","title":{"rendered":"SDG3082X"},"content":{"rendered":"<p>Der SDG3082X verf\u00fcgt \u00fcber eine maximale Frequenz von 80 MHz und ist mit einem 7-Zoll-Touchscreen f\u00fcr die Benutzerinteraktion ausgestattet. Er bietet eine vertikale Aufl\u00f6sung von 16 Bit und unterst\u00fctzt 2 Kan\u00e4le, was eine vielseitige Signalerzeugung erm\u00f6glicht. Das Ger\u00e4t arbeitet mit einer hohen Abtastrate von 1,2 GSa\/s, was eine genaue Wiedergabe der Wellenform gew\u00e4hrleistet. Es verf\u00fcgt \u00fcber eine Speichertiefe von 20 Mpts pro Kanal, die optional auf 40 Mpts erweitert werden kann, und bietet damit ausreichend Speicherplatz f\u00fcr komplexe Wellenformen. Der maximale Amplitudenausgang betr\u00e4gt \u00b110 V und eignet sich f\u00fcr eine Reihe von Testszenarien. Der SDG3082X umfasst Modulationsmodi wie ASK, PSK, FSK und QAM und erweitert damit seine Funktionalit\u00e4t f\u00fcr verschiedene Kommunikationsprotokolle. Dar\u00fcber hinaus erm\u00f6glicht die SigIQPro-Software die Erstellung und Bearbeitung von Vektorsignalen und erweitert damit die M\u00f6glichkeiten des Ger\u00e4ts f\u00fcr erweiterte Signalverarbeitungsaufgaben.<\/p>","protected":false},"excerpt":{"rendered":"<p>80 MHz; 7&#8221; touch screen, 16-bit,2 channels; 1.2 GSa\/s; wave length: 20 Mpts\/CH (40Mpts optional), maximum amplitude \u00b110 V, Includes modulation modes such as ASK, PSK, FSK and QAM. SigIQPro software provides vector signal creation and editing<\/p>","protected":false},"featured_media":12999,"comment_status":"closed","ping_status":"closed","template":"","meta":{"_acf_changed":false,"slim_seo":{"title":"SDG3082X - YOTAVIS AG","description":"80 MHz; 7'' touch screen, 16-bit,2 channels; 1.2 GSa\/s; wave length: 20 Mpts\/CH (40Mpts optional), maximum amplitude \u00b110 V, Includes modulation modes such as AS"}},"product_brand":[506],"product_cat":[1189,541,513],"product_tag":[],"class_list":{"0":"post-12419","1":"product","2":"type-product","3":"status-publish","4":"has-post-thumbnail","6":"product_brand-siglent","7":"product_cat-afg","8":"product_cat-awg","9":"product_cat-generator","10":"pa_amplitude-v-106","11":"pa_burst-yes","12":"pa_channels-350","13":"pa_frequency-mhz-131","14":"pa_memory-mpts-1026","15":"pa_pulse-width-min-ns-1027","16":"pa_sampling-rate-ms-s-297","17":"pa_sweep-yes","18":"pa_transition-time-min-ns-743","19":"pa_vertical-resolution-bits-125","21":"first","22":"instock","23":"taxable","24":"shipping-taxable","25":"product-type-simple"},"acf":[],"_links":{"self":[{"href":"https:\/\/yotavis.ch\/de\/wp-json\/wp\/v2\/product\/12419","targetHints":{"allow":["GET"]}}],"collection":[{"href":"https:\/\/yotavis.ch\/de\/wp-json\/wp\/v2\/product"}],"about":[{"href":"https:\/\/yotavis.ch\/de\/wp-json\/wp\/v2\/types\/product"}],"replies":[{"embeddable":true,"href":"https:\/\/yotavis.ch\/de\/wp-json\/wp\/v2\/comments?post=12419"}],"wp:featuredmedia":[{"embeddable":true,"href":"https:\/\/yotavis.ch\/de\/wp-json\/wp\/v2\/media\/12999"}],"wp:attachment":[{"href":"https:\/\/yotavis.ch\/de\/wp-json\/wp\/v2\/media?parent=12419"}],"wp:term":[{"taxonomy":"product_brand","embeddable":true,"href":"https:\/\/yotavis.ch\/de\/wp-json\/wp\/v2\/product_brand?post=12419"},{"taxonomy":"product_cat","embeddable":true,"href":"https:\/\/yotavis.ch\/de\/wp-json\/wp\/v2\/product_cat?post=12419"},{"taxonomy":"product_tag","embeddable":true,"href":"https:\/\/yotavis.ch\/de\/wp-json\/wp\/v2\/product_tag?post=12419"}],"curies":[{"name":"wp","href":"https:\/\/api.w.org\/{rel}","templated":true}]}}