{"id":12420,"date":"2025-10-09T00:00:00","date_gmt":"2025-10-08T22:00:00","guid":{"rendered":"https:\/\/yotavis.ch\/product\/sdg3162x\/"},"modified":"2026-04-24T13:36:56","modified_gmt":"2026-04-24T11:36:56","slug":"sdg3162x","status":"publish","type":"product","link":"https:\/\/yotavis.ch\/de\/produkt\/sdg3162x\/","title":{"rendered":"SDG3162X"},"content":{"rendered":"<p>Der SDG3162X verf\u00fcgt \u00fcber einen 7-Zoll-Touchscreen und arbeitet mit einer Frequenz von 160 MHz. Er unterst\u00fctzt eine vertikale Aufl\u00f6sung von 16 Bit und verf\u00fcgt \u00fcber 2 Kan\u00e4le f\u00fcr die Signalausgabe. Das Ger\u00e4t bietet eine hohe Abtastrate von 1,2 GSa\/s und erm\u00f6glicht eine detaillierte Wellenformerzeugung mit einer Speichertiefe von 20 Mpts pro Kanal, die optional auf 40 Mpts erweitert werden kann. Er bietet eine maximale Amplitude von \u00b110 V und erm\u00f6glicht so einen breiten Bereich von Signalpegeln. Der SDG3162X verf\u00fcgt \u00fcber Modulationsmodi wie ASK, PSK, FSK und QAM und ist damit vielseitig f\u00fcr verschiedene Anwendungen der Signalerzeugung einsetzbar. Au\u00dferdem wird er mit der Software SigIQPro geliefert, die die Erstellung und Bearbeitung von Vektorsignalen erleichtert. Das Ger\u00e4t unterst\u00fctzt Sweep- und Burst-Funktionen mit einer minimalen \u00dcbergangszeit von 3 ns und einer minimalen Pulsbreite von 8 ns.<\/p>","protected":false},"excerpt":{"rendered":"<p>160 MHz; 7&#8221; touch screen,16-bit, 2 channels; 1.2 GSa\/s; wave length: 20 Mpts\/CH (40Mpts optional), maximum amplitude \u00b110 V, Includes modulation modes such as ASK, PSK, FSK and QAM. SigIQPro software provides vector signal creation and editing<\/p>","protected":false},"featured_media":13016,"comment_status":"closed","ping_status":"closed","template":"","meta":{"_acf_changed":false,"slim_seo":{"title":"SDG3162X - YOTAVIS AG","description":"160 MHz; 7'' touch screen,16-bit, 2 channels; 1.2 GSa\/s; wave length: 20 Mpts\/CH (40Mpts optional), maximum amplitude \u00b110 V, Includes modulation modes such as A"}},"product_brand":[506],"product_cat":[1189,541,513],"product_tag":[],"class_list":{"0":"post-12420","1":"product","2":"type-product","3":"status-publish","4":"has-post-thumbnail","6":"product_brand-siglent","7":"product_cat-afg","8":"product_cat-awg","9":"product_cat-generator","10":"pa_amplitude-v-106","11":"pa_burst-yes","12":"pa_channels-350","13":"pa_frequency-mhz-1028","14":"pa_memory-mpts-1029","15":"pa_pulse-width-min-ns-1027","16":"pa_sampling-rate-ms-s-297","17":"pa_sweep-yes","18":"pa_transition-time-min-ns-743","19":"pa_vertical-resolution-bits-125","21":"first","22":"instock","23":"taxable","24":"shipping-taxable","25":"product-type-simple"},"acf":[],"_links":{"self":[{"href":"https:\/\/yotavis.ch\/de\/wp-json\/wp\/v2\/product\/12420","targetHints":{"allow":["GET"]}}],"collection":[{"href":"https:\/\/yotavis.ch\/de\/wp-json\/wp\/v2\/product"}],"about":[{"href":"https:\/\/yotavis.ch\/de\/wp-json\/wp\/v2\/types\/product"}],"replies":[{"embeddable":true,"href":"https:\/\/yotavis.ch\/de\/wp-json\/wp\/v2\/comments?post=12420"}],"wp:featuredmedia":[{"embeddable":true,"href":"https:\/\/yotavis.ch\/de\/wp-json\/wp\/v2\/media\/13016"}],"wp:attachment":[{"href":"https:\/\/yotavis.ch\/de\/wp-json\/wp\/v2\/media?parent=12420"}],"wp:term":[{"taxonomy":"product_brand","embeddable":true,"href":"https:\/\/yotavis.ch\/de\/wp-json\/wp\/v2\/product_brand?post=12420"},{"taxonomy":"product_cat","embeddable":true,"href":"https:\/\/yotavis.ch\/de\/wp-json\/wp\/v2\/product_cat?post=12420"},{"taxonomy":"product_tag","embeddable":true,"href":"https:\/\/yotavis.ch\/de\/wp-json\/wp\/v2\/product_tag?post=12420"}],"curies":[{"name":"wp","href":"https:\/\/api.w.org\/{rel}","templated":true}]}}