{"id":12422,"date":"2025-10-09T00:00:00","date_gmt":"2025-10-08T22:00:00","guid":{"rendered":"https:\/\/yotavis.ch\/product\/sdg-3000x-iq\/"},"modified":"2026-04-24T13:36:57","modified_gmt":"2026-04-24T11:36:57","slug":"sdg-3000x-iq","status":"publish","type":"product","link":"https:\/\/yotavis.ch\/de\/produkt\/sdg-3000x-iq\/","title":{"rendered":"SDG-3000X-IQ"},"content":{"rendered":"<p>Der SDG-3000X-IQ ist ein IQ-Signalgenerator Funktionssoftware, die von Siglent entwickelt wurde Diese Software wurde entwickelt, um IQ-Signalerzeugungsfunktionen f\u00fcr verschiedene Anwendungen bereitzustellen Es werden keine Angaben zu Leistung, Spannung, Strom oder Ausgangsnummer gemacht Das Produkt enth\u00e4lt keine Informationen zu Fernsteuerung, maximaler Frequenz, Kan\u00e4len, Bandbreite, Abtastrate, Speichertiefe, vertikaler Aufl\u00f6sung, digitalen Kan\u00e4len, oder Touchscreen-Funktionen Es werden keine Angaben zu Frequenz, Amplitude, Wobbelung, Burst, \u00dcbergangszeit, Impulsbreite, Phasenrauschen, IQ-Bandbreite, Ziffern, maximaler Gleich- oder Wechselspannung und -strom, Widerstand, echtem Effektivwert, Abtastgeschwindigkeit, Grundgenauigkeit oder Frequenzbereich gemacht. Die Software enth\u00e4lt auch keine Angaben zu Amplitudenbereich, Dynamikbereich, Anschl\u00fcssen, Handheld-F\u00e4higkeit, Analysebandbreite, DANL, RTSA, Protokoll, Schnittstelle, HF-Sensoren, Anschl\u00fcssen, Wellenl\u00e4nge, Geschwindigkeit, Maximalpegel, IOLM oder Modularit\u00e4t.<\/p>","protected":false},"excerpt":{"rendered":"<p>IQ Signal Generator Funktion\uff08Software\uff09<\/p>","protected":false},"featured_media":13018,"comment_status":"closed","ping_status":"closed","template":"","meta":{"_acf_changed":false,"slim_seo":{"title":"SDG-3000X-IQ - YOTAVIS AG","description":"IQ Signal Generator Funktion\uff08Software\uff09"}},"product_brand":[506],"product_cat":[526,651],"product_tag":[],"class_list":{"0":"post-12422","1":"product","2":"type-product","3":"status-publish","4":"has-post-thumbnail","6":"product_brand-siglent","7":"product_cat-accessories","8":"product_cat-software","10":"first","11":"instock","12":"taxable","13":"shipping-taxable","14":"product-type-simple"},"acf":[],"_links":{"self":[{"href":"https:\/\/yotavis.ch\/de\/wp-json\/wp\/v2\/product\/12422","targetHints":{"allow":["GET"]}}],"collection":[{"href":"https:\/\/yotavis.ch\/de\/wp-json\/wp\/v2\/product"}],"about":[{"href":"https:\/\/yotavis.ch\/de\/wp-json\/wp\/v2\/types\/product"}],"replies":[{"embeddable":true,"href":"https:\/\/yotavis.ch\/de\/wp-json\/wp\/v2\/comments?post=12422"}],"wp:featuredmedia":[{"embeddable":true,"href":"https:\/\/yotavis.ch\/de\/wp-json\/wp\/v2\/media\/13018"}],"wp:attachment":[{"href":"https:\/\/yotavis.ch\/de\/wp-json\/wp\/v2\/media?parent=12422"}],"wp:term":[{"taxonomy":"product_brand","embeddable":true,"href":"https:\/\/yotavis.ch\/de\/wp-json\/wp\/v2\/product_brand?post=12422"},{"taxonomy":"product_cat","embeddable":true,"href":"https:\/\/yotavis.ch\/de\/wp-json\/wp\/v2\/product_cat?post=12422"},{"taxonomy":"product_tag","embeddable":true,"href":"https:\/\/yotavis.ch\/de\/wp-json\/wp\/v2\/product_tag?post=12422"}],"curies":[{"name":"wp","href":"https:\/\/api.w.org\/{rel}","templated":true}]}}