{"id":12426,"date":"2025-10-09T00:00:00","date_gmt":"2025-10-08T22:00:00","guid":{"rendered":"https:\/\/yotavis.ch\/product\/pxb20k-500\/"},"modified":"2026-04-24T13:36:59","modified_gmt":"2026-04-24T11:36:59","slug":"pxb20k-500","status":"publish","type":"product","link":"https:\/\/yotavis.ch\/de\/produkt\/pxb20k-500\/","title":{"rendered":"PXB20K-500"},"content":{"rendered":"<p>Das Kikusui PXB20K-500 ist ein bidirektionales DC-Netzteil mit einer Ausgangsleistung von 20.000 Watt. Es arbeitet in einem Spannungsbereich von 0 bis 500 Volt und kann einen maximalen Strom von 120 Ampere liefern. Dieses Modell verf\u00fcgt \u00fcber einen einzigen Ausgangskanal, der eine gezielte Leistungsabgabe erm\u00f6glicht. Es ist mit einer Fernbedienung ausgestattet, die es dem Benutzer erm\u00f6glicht, das Ger\u00e4t bequem und flexibel aus der Ferne zu bedienen. Das Netzger\u00e4t ist so konzipiert, dass es Hochleistungsanwendungen mit Pr\u00e4zision und Zuverl\u00e4ssigkeit bew\u00e4ltigt. Dank seiner bidirektionalen Funktionalit\u00e4t kann es sowohl als Stromquelle als auch als Stromsenke dienen und eignet sich daher f\u00fcr eine Vielzahl von Test- und Betriebsszenarien. Die Kombination aus hohen Spannungs-, Strom- und Leistungswerten macht dieses Ger\u00e4t f\u00fcr anspruchsvolle elektrische Umgebungen geeignet.<\/p>","protected":false},"excerpt":{"rendered":"<p>Bidirektionale DC-Stromversorgung, 20kW, 0 bis 500V<\/p>","protected":false},"featured_media":13222,"comment_status":"closed","ping_status":"closed","template":"","meta":{"_acf_changed":false,"slim_seo":{"title":"PXB20K-500 - YOTAVIS AG","description":"Bidirektionale DC-Stromversorgung, 20kW, 0 bis 500V"}},"product_brand":[551],"product_cat":[546,515],"product_tag":[],"class_list":{"0":"post-12426","1":"product","2":"type-product","3":"status-publish","4":"has-post-thumbnail","6":"product_brand-kikusui","7":"product_cat-dc-2-quadrants-en","8":"product_cat-power-en","9":"pa_current-a-559","10":"pa_output-number-146","11":"pa_power-w-640","12":"pa_remote-control-yes","13":"pa_voltage-v-604","15":"first","16":"instock","17":"taxable","18":"shipping-taxable","19":"product-type-simple"},"acf":[],"_links":{"self":[{"href":"https:\/\/yotavis.ch\/de\/wp-json\/wp\/v2\/product\/12426","targetHints":{"allow":["GET"]}}],"collection":[{"href":"https:\/\/yotavis.ch\/de\/wp-json\/wp\/v2\/product"}],"about":[{"href":"https:\/\/yotavis.ch\/de\/wp-json\/wp\/v2\/types\/product"}],"replies":[{"embeddable":true,"href":"https:\/\/yotavis.ch\/de\/wp-json\/wp\/v2\/comments?post=12426"}],"wp:featuredmedia":[{"embeddable":true,"href":"https:\/\/yotavis.ch\/de\/wp-json\/wp\/v2\/media\/13222"}],"wp:attachment":[{"href":"https:\/\/yotavis.ch\/de\/wp-json\/wp\/v2\/media?parent=12426"}],"wp:term":[{"taxonomy":"product_brand","embeddable":true,"href":"https:\/\/yotavis.ch\/de\/wp-json\/wp\/v2\/product_brand?post=12426"},{"taxonomy":"product_cat","embeddable":true,"href":"https:\/\/yotavis.ch\/de\/wp-json\/wp\/v2\/product_cat?post=12426"},{"taxonomy":"product_tag","embeddable":true,"href":"https:\/\/yotavis.ch\/de\/wp-json\/wp\/v2\/product_tag?post=12426"}],"curies":[{"name":"wp","href":"https:\/\/api.w.org\/{rel}","templated":true}]}}