{"id":12428,"date":"2025-10-09T00:00:00","date_gmt":"2025-10-08T22:00:00","guid":{"rendered":"https:\/\/yotavis.ch\/product\/pxb20k-1500\/"},"modified":"2026-04-24T13:37:00","modified_gmt":"2026-04-24T11:37:00","slug":"pxb20k-1500","status":"publish","type":"product","link":"https:\/\/yotavis.ch\/de\/produkt\/pxb20k-1500\/","title":{"rendered":"PXB20K-1500"},"content":{"rendered":"<p>Das Kikusui PXB20K-1500 ist ein bidirektionales DC-Netzteil mit einer Ausgangsleistung von 20.000 Watt. Es arbeitet in einem Spannungsbereich von 0 bis 1500 Volt und kann einen maximalen Strom von 30 Ampere liefern. Dieses Modell verf\u00fcgt \u00fcber einen einzigen Ausgangskanal, der eine gezielte Leistungsabgabe erm\u00f6glicht. Es ist mit einer Fernbedienung ausgestattet, die es dem Benutzer erm\u00f6glicht, das Ger\u00e4t aus der Ferne zu bedienen. Das Netzger\u00e4t ist f\u00fcr Hochleistungsanwendungen ausgelegt, die eine pr\u00e4zise Spannungs- und Stromregelung erfordern. Dank seiner bidirektionalen Funktionalit\u00e4t kann es sowohl als Stromquelle als auch als Stromsenke dienen und eignet sich daher f\u00fcr eine Vielzahl von Test- und Betriebsszenarien. Die Kombination aus hohen Spannungs-, Strom- und Leistungswerten macht dieses Ger\u00e4t zu einer robusten Wahl f\u00fcr anspruchsvolle elektrische Umgebungen.<\/p>","protected":false},"excerpt":{"rendered":"<p>Bidirektionale DC-Stromversorgung, 20kW, 0 bis 1500V<\/p>","protected":false},"featured_media":13222,"comment_status":"closed","ping_status":"closed","template":"","meta":{"_acf_changed":false,"slim_seo":{"title":"PXB20K-1500 - YOTAVIS AG","description":"Bidirektionale DC-Stromversorgung, 20kW, 0 bis 1500V"}},"product_brand":[551],"product_cat":[546,515],"product_tag":[],"class_list":{"0":"post-12428","1":"product","2":"type-product","3":"status-publish","4":"has-post-thumbnail","6":"product_brand-kikusui","7":"product_cat-dc-2-quadrants-en","8":"product_cat-power-en","9":"pa_current-a-404","10":"pa_output-number-146","11":"pa_power-w-640","12":"pa_remote-control-yes","13":"pa_voltage-v-928","15":"first","16":"instock","17":"taxable","18":"shipping-taxable","19":"product-type-simple"},"acf":[],"_links":{"self":[{"href":"https:\/\/yotavis.ch\/de\/wp-json\/wp\/v2\/product\/12428","targetHints":{"allow":["GET"]}}],"collection":[{"href":"https:\/\/yotavis.ch\/de\/wp-json\/wp\/v2\/product"}],"about":[{"href":"https:\/\/yotavis.ch\/de\/wp-json\/wp\/v2\/types\/product"}],"replies":[{"embeddable":true,"href":"https:\/\/yotavis.ch\/de\/wp-json\/wp\/v2\/comments?post=12428"}],"wp:featuredmedia":[{"embeddable":true,"href":"https:\/\/yotavis.ch\/de\/wp-json\/wp\/v2\/media\/13222"}],"wp:attachment":[{"href":"https:\/\/yotavis.ch\/de\/wp-json\/wp\/v2\/media?parent=12428"}],"wp:term":[{"taxonomy":"product_brand","embeddable":true,"href":"https:\/\/yotavis.ch\/de\/wp-json\/wp\/v2\/product_brand?post=12428"},{"taxonomy":"product_cat","embeddable":true,"href":"https:\/\/yotavis.ch\/de\/wp-json\/wp\/v2\/product_cat?post=12428"},{"taxonomy":"product_tag","embeddable":true,"href":"https:\/\/yotavis.ch\/de\/wp-json\/wp\/v2\/product_tag?post=12428"}],"curies":[{"name":"wp","href":"https:\/\/api.w.org\/{rel}","templated":true}]}}