{"id":12429,"date":"2025-10-09T00:00:00","date_gmt":"2025-10-08T22:00:00","guid":{"rendered":"https:\/\/yotavis.ch\/product\/pxz20k-500\/"},"modified":"2026-04-24T13:37:01","modified_gmt":"2026-04-24T11:37:01","slug":"pxz20k-500","status":"publish","type":"product","link":"https:\/\/yotavis.ch\/de\/produkt\/pxz20k-500\/","title":{"rendered":"PXZ20K-500"},"content":{"rendered":"<p>Die PXZ20K-500 ist eine regenerative elektronische Gleichstromlast mit einer Leistungskapazit\u00e4t von 20.000 Watt. Sie arbeitet in einem Spannungsbereich von 10 bis 500 Volt und unterst\u00fctzt einen maximalen Strom von 120 Ampere. Dieses Ger\u00e4t ist mit einer einzigen Ausgangsnummer ausgestattet, was eine gezielte und effiziente Lastpr\u00fcfung erm\u00f6glicht. Es verf\u00fcgt \u00fcber eine Fernbedienungsfunktion, die es dem Benutzer erm\u00f6glicht, das Ger\u00e4t bequem und sicher aus der Ferne zu bedienen. Das von Kikusui hergestellte PXZ20K-500 ist f\u00fcr den pr\u00e4zisen Einsatz bei hohen Leistungen ausgelegt. Durch die Kombination ihrer Spannungs- und Stromspezifikationen ist sie f\u00fcr eine Vielzahl von Pr\u00fcfszenarien geeignet, bei denen eine genaue Lastsimulation erforderlich ist. Diese elektronische Last wurde f\u00fcr eine zuverl\u00e4ssige Leistung in anspruchsvollen Umgebungen entwickelt.<\/p>","protected":false},"excerpt":{"rendered":"<p>Regenerative elektronische DC-Last: 20kW, 10 bis 500V, 120A<\/p>","protected":false},"featured_media":13232,"comment_status":"closed","ping_status":"closed","template":"","meta":{"_acf_changed":false,"slim_seo":{"title":"PXZ20K-500 - YOTAVIS AG","description":"Regenerative elektronische DC-Last: 20kW, 10 bis 500V, 120A"}},"product_brand":[551],"product_cat":[1014,515],"product_tag":[],"class_list":{"0":"post-12429","1":"product","2":"type-product","3":"status-publish","4":"has-post-thumbnail","6":"product_brand-kikusui","7":"product_cat-dc-load","8":"product_cat-power-en","9":"pa_current-a-559","10":"pa_output-number-146","11":"pa_power-w-640","12":"pa_remote-control-yes","13":"pa_voltage-v-604","15":"first","16":"instock","17":"taxable","18":"shipping-taxable","19":"product-type-simple"},"acf":[],"_links":{"self":[{"href":"https:\/\/yotavis.ch\/de\/wp-json\/wp\/v2\/product\/12429","targetHints":{"allow":["GET"]}}],"collection":[{"href":"https:\/\/yotavis.ch\/de\/wp-json\/wp\/v2\/product"}],"about":[{"href":"https:\/\/yotavis.ch\/de\/wp-json\/wp\/v2\/types\/product"}],"replies":[{"embeddable":true,"href":"https:\/\/yotavis.ch\/de\/wp-json\/wp\/v2\/comments?post=12429"}],"wp:featuredmedia":[{"embeddable":true,"href":"https:\/\/yotavis.ch\/de\/wp-json\/wp\/v2\/media\/13232"}],"wp:attachment":[{"href":"https:\/\/yotavis.ch\/de\/wp-json\/wp\/v2\/media?parent=12429"}],"wp:term":[{"taxonomy":"product_brand","embeddable":true,"href":"https:\/\/yotavis.ch\/de\/wp-json\/wp\/v2\/product_brand?post=12429"},{"taxonomy":"product_cat","embeddable":true,"href":"https:\/\/yotavis.ch\/de\/wp-json\/wp\/v2\/product_cat?post=12429"},{"taxonomy":"product_tag","embeddable":true,"href":"https:\/\/yotavis.ch\/de\/wp-json\/wp\/v2\/product_tag?post=12429"}],"curies":[{"name":"wp","href":"https:\/\/api.w.org\/{rel}","templated":true}]}}