{"id":12430,"date":"2025-10-09T00:00:00","date_gmt":"2025-10-08T22:00:00","guid":{"rendered":"https:\/\/yotavis.ch\/product\/pxz20k-1000\/"},"modified":"2026-04-24T13:37:01","modified_gmt":"2026-04-24T11:37:01","slug":"pxz20k-1000","status":"publish","type":"product","link":"https:\/\/yotavis.ch\/de\/produkt\/pxz20k-1000\/","title":{"rendered":"PXZ20K-1000"},"content":{"rendered":"<p>Die PXZ20K-1000 ist eine regenerative elektronische Gleichstromlast mit einer Leistungskapazit\u00e4t von 20.000 Watt. Sie arbeitet in einem Spannungsbereich von 20 bis 1000 Volt und unterst\u00fctzt einen maximalen Strom von 60 Ampere. Dieses Ger\u00e4t ist mit einer einzigen Ausgangsnummer ausgestattet, die eine gezielte und effiziente Lastpr\u00fcfung erm\u00f6glicht. Es verf\u00fcgt \u00fcber eine Fernbedienungsfunktion, mit der der Benutzer das Ger\u00e4t bequem und sicher aus der Ferne bedienen kann. Das Produkt wird von Kikusui hergestellt, einer Marke, die f\u00fcr ihre elektronischen Pr\u00fcfger\u00e4te bekannt ist. Das Design unterst\u00fctzt Anwendungen mit hoher Leistung und eignet sich daher f\u00fcr verschiedene Pr\u00fcfumgebungen, die ein pr\u00e4zises Lastmanagement erfordern. Durch seine R\u00fcckspeisef\u00e4higkeit kann Energie in die Stromquelle zur\u00fcckgespeist werden, was die Energieeffizienz w\u00e4hrend des Betriebs erh\u00f6ht.<\/p>","protected":false},"excerpt":{"rendered":"<p>Regenerative elektronische DC-Last: 20kW, 20 bis 1000V, 60A<\/p>","protected":false},"featured_media":13232,"comment_status":"closed","ping_status":"closed","template":"","meta":{"_acf_changed":false,"slim_seo":{"title":"PXZ20K-1000 - YOTAVIS AG","description":"Regenerative elektronische DC-Last: 20kW, 20 bis 1000V, 60A"}},"product_brand":[551],"product_cat":[1014,515],"product_tag":[],"class_list":{"0":"post-12430","1":"product","2":"type-product","3":"status-publish","4":"has-post-thumbnail","6":"product_brand-kikusui","7":"product_cat-dc-load","8":"product_cat-power-en","9":"pa_current-a-406","10":"pa_output-number-146","11":"pa_power-w-640","12":"pa_remote-control-yes","13":"pa_voltage-v-639","15":"first","16":"instock","17":"taxable","18":"shipping-taxable","19":"product-type-simple"},"acf":[],"_links":{"self":[{"href":"https:\/\/yotavis.ch\/de\/wp-json\/wp\/v2\/product\/12430","targetHints":{"allow":["GET"]}}],"collection":[{"href":"https:\/\/yotavis.ch\/de\/wp-json\/wp\/v2\/product"}],"about":[{"href":"https:\/\/yotavis.ch\/de\/wp-json\/wp\/v2\/types\/product"}],"replies":[{"embeddable":true,"href":"https:\/\/yotavis.ch\/de\/wp-json\/wp\/v2\/comments?post=12430"}],"wp:featuredmedia":[{"embeddable":true,"href":"https:\/\/yotavis.ch\/de\/wp-json\/wp\/v2\/media\/13232"}],"wp:attachment":[{"href":"https:\/\/yotavis.ch\/de\/wp-json\/wp\/v2\/media?parent=12430"}],"wp:term":[{"taxonomy":"product_brand","embeddable":true,"href":"https:\/\/yotavis.ch\/de\/wp-json\/wp\/v2\/product_brand?post=12430"},{"taxonomy":"product_cat","embeddable":true,"href":"https:\/\/yotavis.ch\/de\/wp-json\/wp\/v2\/product_cat?post=12430"},{"taxonomy":"product_tag","embeddable":true,"href":"https:\/\/yotavis.ch\/de\/wp-json\/wp\/v2\/product_tag?post=12430"}],"curies":[{"name":"wp","href":"https:\/\/api.w.org\/{rel}","templated":true}]}}