{"id":12435,"date":"2025-10-09T00:00:00","date_gmt":"2025-10-08T22:00:00","guid":{"rendered":"https:\/\/yotavis.ch\/product\/bnc-pvc-2506\/"},"modified":"2026-04-24T13:37:21","modified_gmt":"2026-04-24T11:37:21","slug":"bnc-pvc-2506","status":"publish","type":"product","link":"https:\/\/yotavis.ch\/de\/produkt\/bnc-pvc-2506\/","title":{"rendered":"BNC PVC-2506"},"content":{"rendered":"<p>Der BNC PVC-2506 ist f\u00fcr gepulste I\/V-Messanwendungen konzipiert. Er arbeitet mit einer Frequenz von 0,05 MHz und unterst\u00fctzt eine Amplitude von 50 V. Das Ger\u00e4t hat eine minimale \u00dcbergangszeit von 200 ns und eine minimale Pulsbreite von 1000 ns. Diese Spezifikationen zeigen, dass der Baustein in der Lage ist, pr\u00e4zise Timing-Anforderungen bei gepulsten Messungen zu erf\u00fcllen. Das Produkt wird von BNC hergestellt, was die Konsistenz von Design und Leistung gew\u00e4hrleistet. Seine detaillierten Parameter konzentrieren sich auf die elektrischen Eigenschaften, die f\u00fcr eine genaue gepulste I\/U-Analyse erforderlich sind. Dieses Modell eignet sich f\u00fcr Benutzer, die in ihren Messaufbauten eine spezifische Kontrolle \u00fcber die Impulszeit und -amplitude ben\u00f6tigen.<\/p>","protected":false},"excerpt":{"rendered":"<p>BNC PVC-2506 Gepulste I\/V-Messung<\/p>","protected":false},"featured_media":10358,"comment_status":"closed","ping_status":"closed","template":"","meta":{"_acf_changed":false,"slim_seo":{"title":"BNC PVC-2506 - YOTAVIS AG","description":"BNC PVC-2506 Gepulste I\/V-Messung"}},"product_brand":[1202],"product_cat":[513,671],"product_tag":[],"class_list":{"0":"post-12435","1":"product","2":"type-product","3":"status-publish","4":"has-post-thumbnail","6":"product_brand-bnc","7":"product_cat-generator","8":"product_cat-pulse-generator","9":"pa_amplitude-v-672","10":"pa_channels-384","11":"pa_frequency-mhz-0-05","12":"pa_pulse-width-min-ns-755","13":"pa_transition-time-min-ns-754","15":"first","16":"instock","17":"taxable","18":"shipping-taxable","19":"product-type-simple"},"acf":[],"_links":{"self":[{"href":"https:\/\/yotavis.ch\/de\/wp-json\/wp\/v2\/product\/12435","targetHints":{"allow":["GET"]}}],"collection":[{"href":"https:\/\/yotavis.ch\/de\/wp-json\/wp\/v2\/product"}],"about":[{"href":"https:\/\/yotavis.ch\/de\/wp-json\/wp\/v2\/types\/product"}],"replies":[{"embeddable":true,"href":"https:\/\/yotavis.ch\/de\/wp-json\/wp\/v2\/comments?post=12435"}],"wp:featuredmedia":[{"embeddable":true,"href":"https:\/\/yotavis.ch\/de\/wp-json\/wp\/v2\/media\/10358"}],"wp:attachment":[{"href":"https:\/\/yotavis.ch\/de\/wp-json\/wp\/v2\/media?parent=12435"}],"wp:term":[{"taxonomy":"product_brand","embeddable":true,"href":"https:\/\/yotavis.ch\/de\/wp-json\/wp\/v2\/product_brand?post=12435"},{"taxonomy":"product_cat","embeddable":true,"href":"https:\/\/yotavis.ch\/de\/wp-json\/wp\/v2\/product_cat?post=12435"},{"taxonomy":"product_tag","embeddable":true,"href":"https:\/\/yotavis.ch\/de\/wp-json\/wp\/v2\/product_tag?post=12435"}],"curies":[{"name":"wp","href":"https:\/\/api.w.org\/{rel}","templated":true}]}}