{"id":12457,"date":"2025-10-09T00:00:00","date_gmt":"2025-10-08T22:00:00","guid":{"rendered":"https:\/\/yotavis.ch\/product\/tbma1c\/"},"modified":"2026-04-24T13:38:24","modified_gmt":"2026-04-24T11:38:24","slug":"tbma1c","status":"publish","type":"product","link":"https:\/\/yotavis.ch\/de\/produkt\/tbma1c\/","title":{"rendered":"TBMA1C"},"content":{"rendered":"<p>Die TBMA1C ist eine bikonische Messantenne f\u00fcr den Betrieb in einem Frequenzbereich von 20 MHz bis 1000 MHz. Die von Tekbox hergestellte Antenne verf\u00fcgt \u00fcber einen Typ-N-Stecker, der aufgrund seiner Langlebigkeit und zuverl\u00e4ssigen Leistung h\u00e4ufig f\u00fcr HF-Anwendungen verwendet wird. Durch die breite Frequenzabdeckung eignet sie sich f\u00fcr verschiedene Messaufgaben in niedrigen bis hohen Frequenzb\u00e4ndern. Ihr bikonisches Design erm\u00f6glicht einen konsistenten und pr\u00e4zisen Signalempfang \u00fcber den angegebenen Frequenzbereich. Die Antenne wurde f\u00fcr Mess- und Testumgebungen entwickelt, in denen ein pr\u00e4ziser Frequenzgang unerl\u00e4sslich ist. Dank ihrer robusten Konstruktion und des standardisierten Steckertyps l\u00e4sst sich die TBMA1C problemlos in bestehende Testaufbauten integrieren. Dieses Produkt ist auf Fachleute zugeschnitten, die eine zuverl\u00e4ssige Antennenl\u00f6sung f\u00fcr die Frequenzanalyse und die Pr\u00fcfung der elektromagnetischen Vertr\u00e4glichkeit ben\u00f6tigen.<\/p>","protected":false},"excerpt":{"rendered":"<p>20MHz - 1000 MHz Bikonische Messantenne<\/p>","protected":false},"featured_media":13024,"comment_status":"closed","ping_status":"closed","template":"","meta":{"_acf_changed":false,"slim_seo":{"title":"TBMA1C - YOTAVIS AG","description":"20MHz - 1000 MHz Bikonische Messantenne"}},"product_brand":[645],"product_cat":[526,527],"product_tag":[],"class_list":{"0":"post-12457","1":"product","2":"type-product","3":"status-publish","4":"has-post-thumbnail","6":"product_brand-tekbox","7":"product_cat-accessories","8":"product_cat-antenna-en","9":"pa_connector-type-n","11":"first","12":"instock","13":"taxable","14":"shipping-taxable","15":"purchasable","16":"product-type-simple"},"acf":[],"_links":{"self":[{"href":"https:\/\/yotavis.ch\/de\/wp-json\/wp\/v2\/product\/12457","targetHints":{"allow":["GET"]}}],"collection":[{"href":"https:\/\/yotavis.ch\/de\/wp-json\/wp\/v2\/product"}],"about":[{"href":"https:\/\/yotavis.ch\/de\/wp-json\/wp\/v2\/types\/product"}],"replies":[{"embeddable":true,"href":"https:\/\/yotavis.ch\/de\/wp-json\/wp\/v2\/comments?post=12457"}],"wp:featuredmedia":[{"embeddable":true,"href":"https:\/\/yotavis.ch\/de\/wp-json\/wp\/v2\/media\/13024"}],"wp:attachment":[{"href":"https:\/\/yotavis.ch\/de\/wp-json\/wp\/v2\/media?parent=12457"}],"wp:term":[{"taxonomy":"product_brand","embeddable":true,"href":"https:\/\/yotavis.ch\/de\/wp-json\/wp\/v2\/product_brand?post=12457"},{"taxonomy":"product_cat","embeddable":true,"href":"https:\/\/yotavis.ch\/de\/wp-json\/wp\/v2\/product_cat?post=12457"},{"taxonomy":"product_tag","embeddable":true,"href":"https:\/\/yotavis.ch\/de\/wp-json\/wp\/v2\/product_tag?post=12457"}],"curies":[{"name":"wp","href":"https:\/\/api.w.org\/{rel}","templated":true}]}}