{"id":12458,"date":"2025-10-09T00:00:00","date_gmt":"2025-10-08T22:00:00","guid":{"rendered":"https:\/\/yotavis.ch\/product\/tbemcl1-cal\/"},"modified":"2026-04-24T13:38:25","modified_gmt":"2026-04-24T11:38:25","slug":"tbemcl1-cal","status":"publish","type":"product","link":"https:\/\/yotavis.ch\/de\/produkt\/tbemcl1-cal\/","title":{"rendered":"TBEMCL1-CAL"},"content":{"rendered":"<p>TBEMCL1-CAL ist eine von Tekbox hergestellte EM-Zangen-Kalibriervorrichtung. Dieses Produkt wurde entwickelt, um die Kalibrierung von elektromagnetischen Klemmen zu unterst\u00fctzen. Es dient als Spezialwerkzeug in seinem Anwendungsbereich und gew\u00e4hrleistet genaue und zuverl\u00e4ssige Kalibrierungsprozesse. Die Vorrichtung ist Teil der Kalibrierungsausr\u00fcstung von Tekbox und spiegelt die Ausrichtung der Marke auf Pr\u00e4zisionsinstrumente wider. W\u00e4hrend die spezifischen elektrischen und technischen Spezifikationen wie Leistung, Spannung, Strom, Frequenz und Bandbreite nicht im Detail angegeben werden, ist die Hauptfunktion des Produkts eindeutig auf Kalibrierungsaufgaben ausgerichtet. Das Design und der Aufbau des TBEMCL1-CAL unterst\u00fctzen seine Rolle bei der Aufrechterhaltung der Genauigkeit von EM-Zangenmessungen. Diese Halterung ist eine Komponente, die in umfassendere Kalibrier- und Testaufbauten passt, in denen elektromagnetische Zangen verwendet werden.<\/p>","protected":false},"excerpt":{"rendered":"<p>EM-Klammer-Kalibrierungshalterung<\/p>","protected":false},"featured_media":13021,"comment_status":"closed","ping_status":"closed","template":"","meta":{"_acf_changed":false,"slim_seo":{"title":"TBEMCL1-CAL - YOTAVIS AG","description":"EM-Klammer-Kalibrierungshalterung"}},"product_brand":[645],"product_cat":[526,649],"product_tag":[],"class_list":{"0":"post-12458","1":"product","2":"type-product","3":"status-publish","4":"has-post-thumbnail","6":"product_brand-tekbox","7":"product_cat-accessories","8":"product_cat-emc-test-equipment-accessories","10":"first","11":"instock","12":"taxable","13":"shipping-taxable","14":"purchasable","15":"product-type-simple"},"acf":[],"_links":{"self":[{"href":"https:\/\/yotavis.ch\/de\/wp-json\/wp\/v2\/product\/12458","targetHints":{"allow":["GET"]}}],"collection":[{"href":"https:\/\/yotavis.ch\/de\/wp-json\/wp\/v2\/product"}],"about":[{"href":"https:\/\/yotavis.ch\/de\/wp-json\/wp\/v2\/types\/product"}],"replies":[{"embeddable":true,"href":"https:\/\/yotavis.ch\/de\/wp-json\/wp\/v2\/comments?post=12458"}],"wp:featuredmedia":[{"embeddable":true,"href":"https:\/\/yotavis.ch\/de\/wp-json\/wp\/v2\/media\/13021"}],"wp:attachment":[{"href":"https:\/\/yotavis.ch\/de\/wp-json\/wp\/v2\/media?parent=12458"}],"wp:term":[{"taxonomy":"product_brand","embeddable":true,"href":"https:\/\/yotavis.ch\/de\/wp-json\/wp\/v2\/product_brand?post=12458"},{"taxonomy":"product_cat","embeddable":true,"href":"https:\/\/yotavis.ch\/de\/wp-json\/wp\/v2\/product_cat?post=12458"},{"taxonomy":"product_tag","embeddable":true,"href":"https:\/\/yotavis.ch\/de\/wp-json\/wp\/v2\/product_tag?post=12458"}],"curies":[{"name":"wp","href":"https:\/\/api.w.org\/{rel}","templated":true}]}}