{"id":12554,"date":"2025-10-09T00:00:00","date_gmt":"2025-10-08T22:00:00","guid":{"rendered":"https:\/\/yotavis.ch\/product\/splicer-t-502s-kit\/"},"modified":"2026-04-24T13:49:49","modified_gmt":"2026-04-24T11:49:49","slug":"splicer-t-502s-kit","status":"publish","type":"product","link":"https:\/\/yotavis.ch\/de\/produkt\/splicer-t-502s-kit\/","title":{"rendered":"Splei\u00dfer\/T-502S-KIT"},"content":{"rendered":"<p>Der Splicer\/T-502S-KIT ist ein von Sumitomo hergestelltes Fusionssplei\u00dfger\u00e4t der Spitzenklasse mit aktiver Mantelausrichtung. Dieses Ger\u00e4t wurde entwickelt, um ein pr\u00e4zises und zuverl\u00e4ssiges Splei\u00dfen von Glasfasern durch aktive Mantelausrichtungstechnologie zu erm\u00f6glichen. Es wurde entwickelt, um eine genaue Ausrichtung der Faserkerne w\u00e4hrend des Fusionsprozesses zu gew\u00e4hrleisten, was f\u00fcr die Minimierung von Signalverlusten und die Aufrechterhaltung einer optimalen Leistung in Glasfasernetzen entscheidend ist. Das Kit enth\u00e4lt alle notwendigen Komponenten, um effiziente Splei\u00dfvorg\u00e4nge zu erm\u00f6glichen. Das Know-how von Sumitomo in der Glasfasertechnologie spiegelt sich im Design und in der Funktionalit\u00e4t dieses Splei\u00dfger\u00e4ts wider, so dass es sich f\u00fcr den professionellen Einsatz in verschiedenen Telekommunikations- und Datenkommunikationsanwendungen eignet. Der Splicer\/T-502S-KIT unterst\u00fctzt qualitativ hochwertige Splei\u00dfarbeiten, wobei der Schwerpunkt auf Langlebigkeit und Benutzerfreundlichkeit liegt. Er ist ein Spezialwerkzeug f\u00fcr Techniker und Ingenieure, die mit Glasfaserkabeln arbeiten.<\/p>","protected":false},"excerpt":{"rendered":"<p>Aktive, plattierte Fusionssplei\u00dfmaschine Elite<\/p>","protected":false},"featured_media":13255,"comment_status":"closed","ping_status":"closed","template":"","meta":{"_acf_changed":false,"slim_seo":{"title":"Splicer\/T-502S-KIT - YOTAVIS AG","description":"Aktive, plattierte Fusionssplei\u00dfmaschine Elite"}},"product_brand":[1075],"product_cat":[1035,1076],"product_tag":[],"class_list":{"0":"post-12554","1":"product","2":"type-product","3":"status-publish","4":"has-post-thumbnail","6":"product_brand-sumitomo","7":"product_cat-optical","8":"product_cat-splicer","10":"first","11":"instock","12":"taxable","13":"shipping-taxable","14":"product-type-simple"},"acf":[],"_links":{"self":[{"href":"https:\/\/yotavis.ch\/de\/wp-json\/wp\/v2\/product\/12554","targetHints":{"allow":["GET"]}}],"collection":[{"href":"https:\/\/yotavis.ch\/de\/wp-json\/wp\/v2\/product"}],"about":[{"href":"https:\/\/yotavis.ch\/de\/wp-json\/wp\/v2\/types\/product"}],"replies":[{"embeddable":true,"href":"https:\/\/yotavis.ch\/de\/wp-json\/wp\/v2\/comments?post=12554"}],"wp:featuredmedia":[{"embeddable":true,"href":"https:\/\/yotavis.ch\/de\/wp-json\/wp\/v2\/media\/13255"}],"wp:attachment":[{"href":"https:\/\/yotavis.ch\/de\/wp-json\/wp\/v2\/media?parent=12554"}],"wp:term":[{"taxonomy":"product_brand","embeddable":true,"href":"https:\/\/yotavis.ch\/de\/wp-json\/wp\/v2\/product_brand?post=12554"},{"taxonomy":"product_cat","embeddable":true,"href":"https:\/\/yotavis.ch\/de\/wp-json\/wp\/v2\/product_cat?post=12554"},{"taxonomy":"product_tag","embeddable":true,"href":"https:\/\/yotavis.ch\/de\/wp-json\/wp\/v2\/product_tag?post=12554"}],"curies":[{"name":"wp","href":"https:\/\/api.w.org\/{rel}","templated":true}]}}