{"id":12564,"date":"2025-10-09T00:00:00","date_gmt":"2025-10-08T22:00:00","guid":{"rendered":"https:\/\/yotavis.ch\/product\/jr-7\/"},"modified":"2026-04-24T13:49:55","modified_gmt":"2026-04-24T11:49:55","slug":"jr-7","status":"publish","type":"product","link":"https:\/\/yotavis.ch\/de\/produkt\/jr-7\/","title":{"rendered":"JR-7"},"content":{"rendered":"<p>Das beheizte Abbeizger\u00e4t JR-7 ist ein Produkt von Sumitomo. Es ist f\u00fcr Anwendungen konzipiert, die w\u00e4rmeunterst\u00fctzte Abisolierverfahren erfordern. Das Ger\u00e4t tr\u00e4gt die Modellbezeichnung JR-7 und wird mit der Marke Sumitomo in Verbindung gebracht. Es werden keine zus\u00e4tzlichen technischen Spezifikationen wie Leistung, Spannung, Strom oder Frequenz angegeben. Das Produkt enth\u00e4lt keine Informationen \u00fcber Fernsteuerungsm\u00f6glichkeiten, Kan\u00e4le, Bandbreite oder Speichertiefe. Es gibt keine Angaben zu digitalen Funktionen, Touchscreen-Funktionalit\u00e4t oder Abtastraten. Die Beschreibung konzentriert sich ausschlie\u00dflich auf den Produktnamen und die Marke, ohne n\u00e4here Angaben zu den Betriebsparametern oder physikalischen Eigenschaften zu machen.<\/p>","protected":false},"excerpt":{"rendered":"<p>JR-7 beheizter Abstreifer<\/p>","protected":false},"featured_media":13338,"comment_status":"closed","ping_status":"closed","template":"","meta":{"_acf_changed":false,"slim_seo":{"title":"JR-7 - YOTAVIS AG","description":"JR-7 beheizter Abstreifer"}},"product_brand":[1075],"product_cat":[1035,1078],"product_tag":[],"class_list":{"0":"post-12564","1":"product","2":"type-product","3":"status-publish","4":"has-post-thumbnail","6":"product_brand-sumitomo","7":"product_cat-optical","8":"product_cat-others-optical","10":"first","11":"instock","12":"taxable","13":"shipping-taxable","14":"product-type-simple"},"acf":[],"_links":{"self":[{"href":"https:\/\/yotavis.ch\/de\/wp-json\/wp\/v2\/product\/12564","targetHints":{"allow":["GET"]}}],"collection":[{"href":"https:\/\/yotavis.ch\/de\/wp-json\/wp\/v2\/product"}],"about":[{"href":"https:\/\/yotavis.ch\/de\/wp-json\/wp\/v2\/types\/product"}],"replies":[{"embeddable":true,"href":"https:\/\/yotavis.ch\/de\/wp-json\/wp\/v2\/comments?post=12564"}],"wp:featuredmedia":[{"embeddable":true,"href":"https:\/\/yotavis.ch\/de\/wp-json\/wp\/v2\/media\/13338"}],"wp:attachment":[{"href":"https:\/\/yotavis.ch\/de\/wp-json\/wp\/v2\/media?parent=12564"}],"wp:term":[{"taxonomy":"product_brand","embeddable":true,"href":"https:\/\/yotavis.ch\/de\/wp-json\/wp\/v2\/product_brand?post=12564"},{"taxonomy":"product_cat","embeddable":true,"href":"https:\/\/yotavis.ch\/de\/wp-json\/wp\/v2\/product_cat?post=12564"},{"taxonomy":"product_tag","embeddable":true,"href":"https:\/\/yotavis.ch\/de\/wp-json\/wp\/v2\/product_tag?post=12564"}],"curies":[{"name":"wp","href":"https:\/\/api.w.org\/{rel}","templated":true}]}}