{"id":12566,"date":"2025-10-09T00:00:00","date_gmt":"2025-10-08T22:00:00","guid":{"rendered":"https:\/\/yotavis.ch\/product\/electrode-er-10\/"},"modified":"2026-04-24T13:49:55","modified_gmt":"2026-04-24T11:49:55","slug":"electrode-er-10","status":"publish","type":"product","link":"https:\/\/yotavis.ch\/de\/produkt\/electrode-er-10\/","title":{"rendered":"Elektrode ER-10"},"content":{"rendered":"<p>Die Elektrode ER-10 ist ein Produkt der Marke Sumitomo. Es wird mit dem Code Electrodes\/ER-10\/T-25e,39,400S,66,55,57x,71x_&amp;_72x bezeichnet. Dieses Produkt ist als Elektrodenkomponente konzipiert und wird wahrscheinlich in verschiedenen industriellen oder technischen Anwendungen eingesetzt. Die Beschreibung enth\u00e4lt eine Reihe von Zahlen und Buchstaben, die m\u00f6glicherweise bestimmten Modell- oder Teilenummern entsprechen und auf verschiedene Gr\u00f6\u00dfen oder Konfigurationen hinweisen. Das Produkt enth\u00e4lt keine Angaben zu elektrischen Spezifikationen wie Leistung, Spannung oder Stromst\u00e4rke. Es gibt keine Informationen \u00fcber Steuerungsfunktionen, Frequenz, Kan\u00e4le oder Speicherkapazit\u00e4t. Das Fehlen dieser Angaben deutet darauf hin, dass es sich bei der Elektrode ER-10 um eine spezielle Komponente und nicht um ein eigenst\u00e4ndiges elektronisches Ger\u00e4t handelt. Sie ist Teil der Sumitomo-Elektrodenreihe, die typischerweise beim Schwei\u00dfen, bei der elektrischen Leitung oder \u00e4hnlichen Prozessen eingesetzt wird.<\/p>","protected":false},"excerpt":{"rendered":"<p>Electrodes\/ER-10\/T-25e,39,400S,66,55,57x,71x_&amp;_72x<\/p>","protected":false},"featured_media":13345,"comment_status":"closed","ping_status":"closed","template":"","meta":{"_acf_changed":false,"slim_seo":{"title":"Electrode ER-10 - YOTAVIS AG","description":"Electrodes\/ER-10\/T-25e,39,400S,66,55,57x,71x_&amp;_72x"}},"product_brand":[1075],"product_cat":[1035,1078],"product_tag":[],"class_list":{"0":"post-12566","1":"product","2":"type-product","3":"status-publish","4":"has-post-thumbnail","6":"product_brand-sumitomo","7":"product_cat-optical","8":"product_cat-others-optical","10":"first","11":"instock","12":"taxable","13":"shipping-taxable","14":"product-type-simple"},"acf":[],"_links":{"self":[{"href":"https:\/\/yotavis.ch\/de\/wp-json\/wp\/v2\/product\/12566","targetHints":{"allow":["GET"]}}],"collection":[{"href":"https:\/\/yotavis.ch\/de\/wp-json\/wp\/v2\/product"}],"about":[{"href":"https:\/\/yotavis.ch\/de\/wp-json\/wp\/v2\/types\/product"}],"replies":[{"embeddable":true,"href":"https:\/\/yotavis.ch\/de\/wp-json\/wp\/v2\/comments?post=12566"}],"wp:featuredmedia":[{"embeddable":true,"href":"https:\/\/yotavis.ch\/de\/wp-json\/wp\/v2\/media\/13345"}],"wp:attachment":[{"href":"https:\/\/yotavis.ch\/de\/wp-json\/wp\/v2\/media?parent=12566"}],"wp:term":[{"taxonomy":"product_brand","embeddable":true,"href":"https:\/\/yotavis.ch\/de\/wp-json\/wp\/v2\/product_brand?post=12566"},{"taxonomy":"product_cat","embeddable":true,"href":"https:\/\/yotavis.ch\/de\/wp-json\/wp\/v2\/product_cat?post=12566"},{"taxonomy":"product_tag","embeddable":true,"href":"https:\/\/yotavis.ch\/de\/wp-json\/wp\/v2\/product_tag?post=12566"}],"curies":[{"name":"wp","href":"https:\/\/api.w.org\/{rel}","templated":true}]}}