{"id":12868,"date":"2025-10-09T00:00:00","date_gmt":"2025-10-08T22:00:00","guid":{"rendered":"https:\/\/yotavis.ch\/product\/shs810x\/"},"modified":"2026-02-02T09:54:30","modified_gmt":"2026-02-02T08:54:30","slug":"shs810x-2","status":"publish","type":"product","link":"https:\/\/yotavis.ch\/de\/produkt\/shs810x-2\/","title":{"rendered":"SHS810X"},"content":{"rendered":"<p>Das Siglent SHS810X Handoszilloskop bietet eine Bandbreite von 100 MHz und verf\u00fcgt \u00fcber 2 Kan\u00e4le zur Signalmessung. Es unterst\u00fctzt eine Abtastrate von 500 MS\/s pro Kanal, was eine detaillierte Wellenformanalyse erm\u00f6glicht. Das Ger\u00e4t hat eine Speichertiefe von 12 Mpts, was eine l\u00e4ngere Datenerfassung w\u00e4hrend der Tests erm\u00f6glicht. Mit einer vertikalen Aufl\u00f6sung von 8 Bit bietet es eine pr\u00e4zise Signaldarstellung. Das Oszilloskop arbeitet mit einer maximalen Abtastrate von 1 GSa\/s \u00fcber seine Kan\u00e4le. Es enth\u00e4lt keine digitalen Kan\u00e4le oder eine Touchscreen-Oberfl\u00e4che. Dieses Modell ist f\u00fcr den portablen Einsatz konzipiert und vereint wesentliche Messfunktionen in einem kompakten Formfaktor.      <\/p>","protected":false},"excerpt":{"rendered":"<p>100 MHz; 2 Kan\u00e4le, 1 GSa\/s; Handoszilloskop<\/p>","protected":false},"featured_media":12893,"comment_status":"closed","ping_status":"closed","template":"","meta":{"_acf_changed":false,"slim_seo":{"title":"SHS810X - YOTAVIS AG","description":"100 MHz; 2 Kan\u00e4le, 1 GSa\/s; Handoszilloskop"}},"product_brand":[506],"product_cat":[507],"product_tag":[],"class_list":{"0":"post-12868","1":"product","2":"type-product","3":"status-publish","4":"has-post-thumbnail","6":"product_brand-siglent","7":"product_cat-oscilloscope","8":"pa_bandwidth-mhz-1140","9":"pa_channels-1141","10":"pa_digital-channels-nein","11":"pa_memory-depht-mpts-1143","12":"pa_sampling-rate-channels-ms-s-1144","13":"pa_touch-screen-nein","14":"pa_vertical-resolution-bits-1146","16":"first","17":"instock","18":"taxable","19":"shipping-taxable","20":"purchasable","21":"product-type-simple"},"acf":[],"_links":{"self":[{"href":"https:\/\/yotavis.ch\/de\/wp-json\/wp\/v2\/product\/12868","targetHints":{"allow":["GET"]}}],"collection":[{"href":"https:\/\/yotavis.ch\/de\/wp-json\/wp\/v2\/product"}],"about":[{"href":"https:\/\/yotavis.ch\/de\/wp-json\/wp\/v2\/types\/product"}],"replies":[{"embeddable":true,"href":"https:\/\/yotavis.ch\/de\/wp-json\/wp\/v2\/comments?post=12868"}],"wp:featuredmedia":[{"embeddable":true,"href":"https:\/\/yotavis.ch\/de\/wp-json\/wp\/v2\/media\/12893"}],"wp:attachment":[{"href":"https:\/\/yotavis.ch\/de\/wp-json\/wp\/v2\/media?parent=12868"}],"wp:term":[{"taxonomy":"product_brand","embeddable":true,"href":"https:\/\/yotavis.ch\/de\/wp-json\/wp\/v2\/product_brand?post=12868"},{"taxonomy":"product_cat","embeddable":true,"href":"https:\/\/yotavis.ch\/de\/wp-json\/wp\/v2\/product_cat?post=12868"},{"taxonomy":"product_tag","embeddable":true,"href":"https:\/\/yotavis.ch\/de\/wp-json\/wp\/v2\/product_tag?post=12868"}],"curies":[{"name":"wp","href":"https:\/\/api.w.org\/{rel}","templated":true}]}}