{"id":3537,"date":"2025-10-09T00:00:00","date_gmt":"2025-10-08T22:00:00","guid":{"rendered":"https:\/\/yotavis.ch\/product\/sds5034x\/"},"modified":"2026-04-24T13:26:55","modified_gmt":"2026-04-24T11:26:55","slug":"sds5034x","status":"publish","type":"product","link":"https:\/\/yotavis.ch\/de\/produkt\/sds5034x\/","title":{"rendered":"SDS5034X"},"content":{"rendered":"<p>Das Siglent SDS5034X ist ein 4-Kanal-Oszilloskop mit einer Bandbreite von 350 MHz und einer Abtastrate von 5 GS\/s. Es verf\u00fcgt \u00fcber eine Abtastrate pro Kanal von 2500 MS\/s und eine Speichertiefe von 500 Mpts, was eine detaillierte Signalanalyse erm\u00f6glicht. Das Ger\u00e4t verf\u00fcgt \u00fcber eine vertikale Aufl\u00f6sung von 8 Bit und bietet damit pr\u00e4zise Messm\u00f6glichkeiten. Dieses Oszilloskop ist mit einer Touchscreen-Oberfl\u00e4che ausgestattet, die die Interaktion mit dem Benutzer und die Bedienung erleichtert. Die Kombination aus vier Kan\u00e4len und hoher Bandbreite macht es f\u00fcr eine Vielzahl von Pr\u00fcf- und Diagnoseanwendungen geeignet. Das SDS5034X ist darauf ausgelegt, komplexe Wellenformen mit Genauigkeit und Effizienz zu verarbeiten.<\/p>","protected":false},"excerpt":{"rendered":"<p>4Ch 350MHz 5GS\/s Oszilloskop<\/p>","protected":false},"featured_media":4757,"comment_status":"closed","ping_status":"closed","template":"","meta":{"_acf_changed":false,"slim_seo":{"title":"SDS5034X - YOTAVIS AG","description":"4Ch 350MHz 5GS\/s Oszilloskop"}},"product_brand":[506],"product_cat":[508,507],"product_tag":[],"class_list":{"0":"post-3537","1":"product","2":"type-product","3":"status-publish","4":"has-post-thumbnail","6":"product_brand-siglent","7":"product_cat-desktop-en","8":"product_cat-oscilloscope","9":"pa_bandwidth-mhz-76","10":"pa_channels-338","11":"pa_digital-channels-opt","12":"pa_memory-depht-mpts-77","13":"pa_sampling-rate-channels-ms-s-339","14":"pa_touch-screen-yes","15":"pa_vertical-resolution-bits-340","17":"first","18":"instock","19":"taxable","20":"shipping-taxable","21":"purchasable","22":"product-type-simple"},"acf":[],"_links":{"self":[{"href":"https:\/\/yotavis.ch\/de\/wp-json\/wp\/v2\/product\/3537","targetHints":{"allow":["GET"]}}],"collection":[{"href":"https:\/\/yotavis.ch\/de\/wp-json\/wp\/v2\/product"}],"about":[{"href":"https:\/\/yotavis.ch\/de\/wp-json\/wp\/v2\/types\/product"}],"replies":[{"embeddable":true,"href":"https:\/\/yotavis.ch\/de\/wp-json\/wp\/v2\/comments?post=3537"}],"wp:featuredmedia":[{"embeddable":true,"href":"https:\/\/yotavis.ch\/de\/wp-json\/wp\/v2\/media\/4757"}],"wp:attachment":[{"href":"https:\/\/yotavis.ch\/de\/wp-json\/wp\/v2\/media?parent=3537"}],"wp:term":[{"taxonomy":"product_brand","embeddable":true,"href":"https:\/\/yotavis.ch\/de\/wp-json\/wp\/v2\/product_brand?post=3537"},{"taxonomy":"product_cat","embeddable":true,"href":"https:\/\/yotavis.ch\/de\/wp-json\/wp\/v2\/product_cat?post=3537"},{"taxonomy":"product_tag","embeddable":true,"href":"https:\/\/yotavis.ch\/de\/wp-json\/wp\/v2\/product_tag?post=3537"}],"curies":[{"name":"wp","href":"https:\/\/api.w.org\/{rel}","templated":true}]}}