{"id":3538,"date":"2025-10-09T00:00:00","date_gmt":"2025-10-08T22:00:00","guid":{"rendered":"https:\/\/yotavis.ch\/product\/sds5054x\/"},"modified":"2026-04-24T13:26:55","modified_gmt":"2026-04-24T11:26:55","slug":"sds5054x","status":"publish","type":"product","link":"https:\/\/yotavis.ch\/de\/produkt\/sds5054x\/","title":{"rendered":"SDS5054X"},"content":{"rendered":"<p>Das Siglent SDS5054X ist ein 4-Kanal-Oszilloskop mit einer Bandbreite von 500 MHz und einer Abtastrate von 5 GS\/s. Es verf\u00fcgt \u00fcber eine Abtastrate pro Kanal von 2500 MS\/s und eine Speichertiefe von 500 Mpts, was eine detaillierte Signalanalyse erm\u00f6glicht. Das Ger\u00e4t verf\u00fcgt \u00fcber eine vertikale Aufl\u00f6sung von 8 Bit und bietet damit pr\u00e4zise Messm\u00f6glichkeiten. Dieses Modell verf\u00fcgt \u00fcber eine Touchscreen-Schnittstelle, die die Interaktion mit dem Benutzer und die Benutzerfreundlichkeit erh\u00f6ht. Das Oszilloskop ist f\u00fcr die gleichzeitige Verarbeitung mehrerer Eingangssignale \u00fcber seine vier Kan\u00e4le ausgelegt. Dank seiner Spezifikationen eignet es sich f\u00fcr verschiedene Anwendungen, die eine Hochgeschwindigkeitsdatenerfassung und Signalvisualisierung erfordern. Die Kombination aus Bandbreite, Abtastrate und Speichertiefe unterst\u00fctzt die umfassende Erfassung und Analyse von Wellenformen.<\/p>","protected":false},"excerpt":{"rendered":"<p>4Ch 500MHz 5GS\/s Oszilloskop<\/p>","protected":false},"featured_media":4757,"comment_status":"closed","ping_status":"closed","template":"","meta":{"_acf_changed":false,"slim_seo":{"title":"SDS5054X - YOTAVIS AG","description":"4Ch 500MHz 5GS\/s Oszilloskop"}},"product_brand":[506],"product_cat":[508,507],"product_tag":[],"class_list":{"0":"post-3538","1":"product","2":"type-product","3":"status-publish","4":"has-post-thumbnail","6":"product_brand-siglent","7":"product_cat-desktop-en","8":"product_cat-oscilloscope","9":"pa_bandwidth-mhz-83","10":"pa_channels-338","11":"pa_digital-channels-opt","12":"pa_memory-depht-mpts-77","13":"pa_sampling-rate-channels-ms-s-339","14":"pa_touch-screen-yes","15":"pa_vertical-resolution-bits-340","17":"first","18":"instock","19":"taxable","20":"shipping-taxable","21":"purchasable","22":"product-type-simple"},"acf":[],"_links":{"self":[{"href":"https:\/\/yotavis.ch\/de\/wp-json\/wp\/v2\/product\/3538","targetHints":{"allow":["GET"]}}],"collection":[{"href":"https:\/\/yotavis.ch\/de\/wp-json\/wp\/v2\/product"}],"about":[{"href":"https:\/\/yotavis.ch\/de\/wp-json\/wp\/v2\/types\/product"}],"replies":[{"embeddable":true,"href":"https:\/\/yotavis.ch\/de\/wp-json\/wp\/v2\/comments?post=3538"}],"wp:featuredmedia":[{"embeddable":true,"href":"https:\/\/yotavis.ch\/de\/wp-json\/wp\/v2\/media\/4757"}],"wp:attachment":[{"href":"https:\/\/yotavis.ch\/de\/wp-json\/wp\/v2\/media?parent=3538"}],"wp:term":[{"taxonomy":"product_brand","embeddable":true,"href":"https:\/\/yotavis.ch\/de\/wp-json\/wp\/v2\/product_brand?post=3538"},{"taxonomy":"product_cat","embeddable":true,"href":"https:\/\/yotavis.ch\/de\/wp-json\/wp\/v2\/product_cat?post=3538"},{"taxonomy":"product_tag","embeddable":true,"href":"https:\/\/yotavis.ch\/de\/wp-json\/wp\/v2\/product_tag?post=3538"}],"curies":[{"name":"wp","href":"https:\/\/api.w.org\/{rel}","templated":true}]}}