{"id":3540,"date":"2025-10-09T00:00:00","date_gmt":"2025-10-08T22:00:00","guid":{"rendered":"https:\/\/yotavis.ch\/product\/spl2016\/"},"modified":"2026-04-24T13:26:56","modified_gmt":"2026-04-24T11:26:56","slug":"spl2016","status":"publish","type":"product","link":"https:\/\/yotavis.ch\/de\/produkt\/spl2016\/","title":{"rendered":"SPL2016"},"content":{"rendered":"<p>Der Siglent SPL2016 ist ein Logiktester, der f\u00fcr 16 Kan\u00e4le mit einer Abtastrate von 500MSa\/s ausgelegt ist. Dieses Ger\u00e4t ist f\u00fcr Anwendungen geeignet, die eine mehrkanalige Logikanalyse erfordern. Es bietet pr\u00e4zises Timing und Signalintegrit\u00e4t f\u00fcr digitale Schaltungen durch Abtastung mit einer hohen Rate, die eine detaillierte Beobachtung von Signal\u00fcberg\u00e4ngen erm\u00f6glicht. Die 16-Kanal-F\u00e4higkeit erm\u00f6glicht die gleichzeitige \u00dcberwachung mehrerer Signale, was f\u00fcr komplexe digitale Systeme unerl\u00e4sslich ist. Die Logiksonde ist so konzipiert, dass sie in verschiedenen Testumgebungen eine zuverl\u00e4ssige Leistung erbringt. Sein Design unterst\u00fctzt die effiziente Fehlersuche und \u00dcberpr\u00fcfung von digitalen Signalen. Der SPL2016 ist ein praktisches Werkzeug f\u00fcr Ingenieure und Techniker, die mit digitaler Elektronik arbeiten.<\/p>","protected":false},"excerpt":{"rendered":"<p>Logic Probe\uff0c 16-Kanal, 500MSa\/s<\/p>","protected":false},"featured_media":4764,"comment_status":"closed","ping_status":"closed","template":"","meta":{"_acf_changed":false,"slim_seo":{"title":"SPL2016 - YOTAVIS AG","description":"Logic Probe\uff0c 16-Kanal, 500MSa\/s"}},"product_brand":[506],"product_cat":[510,509],"product_tag":[],"class_list":{"0":"post-3540","1":"product","2":"type-product","3":"status-publish","4":"has-post-thumbnail","6":"product_brand-siglent","7":"product_cat-others-en","8":"product_cat-probes-en","10":"first","11":"instock","12":"taxable","13":"shipping-taxable","14":"purchasable","15":"product-type-simple"},"acf":[],"_links":{"self":[{"href":"https:\/\/yotavis.ch\/de\/wp-json\/wp\/v2\/product\/3540","targetHints":{"allow":["GET"]}}],"collection":[{"href":"https:\/\/yotavis.ch\/de\/wp-json\/wp\/v2\/product"}],"about":[{"href":"https:\/\/yotavis.ch\/de\/wp-json\/wp\/v2\/types\/product"}],"replies":[{"embeddable":true,"href":"https:\/\/yotavis.ch\/de\/wp-json\/wp\/v2\/comments?post=3540"}],"wp:featuredmedia":[{"embeddable":true,"href":"https:\/\/yotavis.ch\/de\/wp-json\/wp\/v2\/media\/4764"}],"wp:attachment":[{"href":"https:\/\/yotavis.ch\/de\/wp-json\/wp\/v2\/media?parent=3540"}],"wp:term":[{"taxonomy":"product_brand","embeddable":true,"href":"https:\/\/yotavis.ch\/de\/wp-json\/wp\/v2\/product_brand?post=3540"},{"taxonomy":"product_cat","embeddable":true,"href":"https:\/\/yotavis.ch\/de\/wp-json\/wp\/v2\/product_cat?post=3540"},{"taxonomy":"product_tag","embeddable":true,"href":"https:\/\/yotavis.ch\/de\/wp-json\/wp\/v2\/product_tag?post=3540"}],"curies":[{"name":"wp","href":"https:\/\/api.w.org\/{rel}","templated":true}]}}