{"id":3541,"date":"2025-10-09T00:00:00","date_gmt":"2025-10-08T22:00:00","guid":{"rendered":"https:\/\/yotavis.ch\/product\/sap1000\/"},"modified":"2026-04-24T13:26:58","modified_gmt":"2026-04-24T11:26:58","slug":"sap1000","status":"publish","type":"product","link":"https:\/\/yotavis.ch\/de\/produkt\/sap1000\/","title":{"rendered":"SAP1000"},"content":{"rendered":"<p>Der SAP1000 ist ein aktiver Tastkopf mit einer Bandbreite von 1000 MHz, der f\u00fcr den Betrieb mit einer maximalen Spannung von 8 V ausgelegt ist. Er wird von Siglent hergestellt und verf\u00fcgt \u00fcber eine mit Siglent-Ger\u00e4ten kompatible Schnittstelle. Dieses Produkt ist f\u00fcr den Einsatz in Anwendungen vorgesehen, bei denen Hochfrequenzsignale bis zu 1 GHz gemessen werden m\u00fcssen. Der aktive Tastkopf ist so konstruiert, dass er genaue Signalmessungen innerhalb seines spezifizierten Spannungsbereichs liefert. Sein Design unterst\u00fctzt die Integration mit anderen Siglent-Ger\u00e4ten, was eine nahtlose Konnektivit\u00e4t und Bedienung erm\u00f6glicht. Der SAP1000 eignet sich f\u00fcr verschiedene Test- und Messszenarien, bei denen eine pr\u00e4zise Signalerfassung erforderlich ist.<\/p>","protected":false},"excerpt":{"rendered":"<p>Aktiver Tastkopf, 1 GHz<\/p>","protected":false},"featured_media":4767,"comment_status":"closed","ping_status":"closed","template":"","meta":{"_acf_changed":false,"slim_seo":{"title":"SAP1000 - YOTAVIS AG","description":"Aktiver Tastkopf, 1 GHz"}},"product_brand":[506],"product_cat":[511,509],"product_tag":[],"class_list":{"0":"post-3541","1":"product","2":"type-product","3":"status-publish","4":"has-post-thumbnail","6":"product_brand-siglent","7":"product_cat-active-probes-en","8":"product_cat-probes-en","9":"pa_bandwidth-mhz-84","10":"pa_interface-siglent","11":"pa_voltage-max-v-86","13":"first","14":"instock","15":"taxable","16":"shipping-taxable","17":"purchasable","18":"product-type-simple"},"acf":[],"_links":{"self":[{"href":"https:\/\/yotavis.ch\/de\/wp-json\/wp\/v2\/product\/3541","targetHints":{"allow":["GET"]}}],"collection":[{"href":"https:\/\/yotavis.ch\/de\/wp-json\/wp\/v2\/product"}],"about":[{"href":"https:\/\/yotavis.ch\/de\/wp-json\/wp\/v2\/types\/product"}],"replies":[{"embeddable":true,"href":"https:\/\/yotavis.ch\/de\/wp-json\/wp\/v2\/comments?post=3541"}],"wp:featuredmedia":[{"embeddable":true,"href":"https:\/\/yotavis.ch\/de\/wp-json\/wp\/v2\/media\/4767"}],"wp:attachment":[{"href":"https:\/\/yotavis.ch\/de\/wp-json\/wp\/v2\/media?parent=3541"}],"wp:term":[{"taxonomy":"product_brand","embeddable":true,"href":"https:\/\/yotavis.ch\/de\/wp-json\/wp\/v2\/product_brand?post=3541"},{"taxonomy":"product_cat","embeddable":true,"href":"https:\/\/yotavis.ch\/de\/wp-json\/wp\/v2\/product_cat?post=3541"},{"taxonomy":"product_tag","embeddable":true,"href":"https:\/\/yotavis.ch\/de\/wp-json\/wp\/v2\/product_tag?post=3541"}],"curies":[{"name":"wp","href":"https:\/\/api.w.org\/{rel}","templated":true}]}}