{"id":3546,"date":"2025-10-09T00:00:00","date_gmt":"2025-10-08T22:00:00","guid":{"rendered":"https:\/\/yotavis.ch\/product\/sds2204x-hd\/"},"modified":"2026-04-24T13:27:04","modified_gmt":"2026-04-24T11:27:04","slug":"sds2204x-hd","status":"publish","type":"product","link":"https:\/\/yotavis.ch\/de\/produkt\/sds2204x-hd\/","title":{"rendered":"SDS2204X HD"},"content":{"rendered":"<p>Das Siglent SDS2204X HD ist ein 4-Kanal-Oszilloskop mit einer vertikalen Aufl\u00f6sung von 12 Bit und einer Bandbreite von 200 MHz. Es bietet eine hohe Abtastrate von 1000 MS\/s pro Kanal und erm\u00f6glicht so eine detaillierte Signalanalyse. Das Ger\u00e4t verf\u00fcgt \u00fcber eine Speichertiefe von 200 Mpts, die eine erweiterte Wellenformerfassung und -analyse unterst\u00fctzt. Dieses Oszilloskop ist mit einer Touchscreen-Oberfl\u00e4che ausgestattet, die die Interaktion mit dem Benutzer und die Bedienung erleichtert. Durch die Kombination aus vier Kan\u00e4len und hoher Abtastrate eignet sich das Ger\u00e4t f\u00fcr die \u00dcberwachung komplexer Signale und die Fehlersuche. Die 12-Bit-Aufl\u00f6sung erm\u00f6glicht pr\u00e4zise Messungen, w\u00e4hrend die Bandbreite von 200 MHz sicherstellt, dass ein gro\u00dfer Bereich von Signalfrequenzen verarbeitet werden kann. Insgesamt bietet der SDS2204X HD fortschrittliche Funktionen, die f\u00fcr detaillierte elektronische Tests und Messungen entwickelt wurden.<\/p>","protected":false},"excerpt":{"rendered":"<p>4K 12bit 200 MHz Oszilloskop<\/p>","protected":false},"featured_media":4787,"comment_status":"closed","ping_status":"closed","template":"","meta":{"_acf_changed":false,"slim_seo":{"title":"SDS2204X HD - YOTAVIS AG","description":"4K 12bit 200 MHz Oszilloskop"}},"product_brand":[506],"product_cat":[508,507],"product_tag":[],"class_list":{"0":"post-3546","1":"product","2":"type-product","3":"status-publish","4":"has-post-thumbnail","6":"product_brand-siglent","7":"product_cat-desktop-en","8":"product_cat-oscilloscope","9":"pa_bandwidth-mhz-92","10":"pa_channels-338","11":"pa_digital-channels-opt","12":"pa_memory-depht-mpts-91","13":"pa_sampling-rate-channels-ms-s-349","14":"pa_touch-screen-yes","15":"pa_vertical-resolution-bits-348","17":"first","18":"instock","19":"taxable","20":"shipping-taxable","21":"purchasable","22":"product-type-simple"},"acf":[],"_links":{"self":[{"href":"https:\/\/yotavis.ch\/de\/wp-json\/wp\/v2\/product\/3546","targetHints":{"allow":["GET"]}}],"collection":[{"href":"https:\/\/yotavis.ch\/de\/wp-json\/wp\/v2\/product"}],"about":[{"href":"https:\/\/yotavis.ch\/de\/wp-json\/wp\/v2\/types\/product"}],"replies":[{"embeddable":true,"href":"https:\/\/yotavis.ch\/de\/wp-json\/wp\/v2\/comments?post=3546"}],"wp:featuredmedia":[{"embeddable":true,"href":"https:\/\/yotavis.ch\/de\/wp-json\/wp\/v2\/media\/4787"}],"wp:attachment":[{"href":"https:\/\/yotavis.ch\/de\/wp-json\/wp\/v2\/media?parent=3546"}],"wp:term":[{"taxonomy":"product_brand","embeddable":true,"href":"https:\/\/yotavis.ch\/de\/wp-json\/wp\/v2\/product_brand?post=3546"},{"taxonomy":"product_cat","embeddable":true,"href":"https:\/\/yotavis.ch\/de\/wp-json\/wp\/v2\/product_cat?post=3546"},{"taxonomy":"product_tag","embeddable":true,"href":"https:\/\/yotavis.ch\/de\/wp-json\/wp\/v2\/product_tag?post=3546"}],"curies":[{"name":"wp","href":"https:\/\/api.w.org\/{rel}","templated":true}]}}