{"id":3550,"date":"2025-10-09T00:00:00","date_gmt":"2025-10-08T22:00:00","guid":{"rendered":"https:\/\/yotavis.ch\/product\/sds2204x-plus\/"},"modified":"2026-04-24T13:27:10","modified_gmt":"2026-04-24T11:27:10","slug":"sds2204x-plus","status":"publish","type":"product","link":"https:\/\/yotavis.ch\/de\/produkt\/sds2204x-plus\/","title":{"rendered":"SDS2204X Plus"},"content":{"rendered":"<p>Das Siglent SDS2204X Plus ist ein 4-Kanal-Oszilloskop mit einer Bandbreite von 200 MHz und einer Abtastrate von 2 GS\/s. Es verf\u00fcgt \u00fcber eine Speichertiefe von 400 Mpts, was eine detaillierte Signalanalyse \u00fcber l\u00e4ngere Zeitr\u00e4ume erm\u00f6glicht. Das Ger\u00e4t bietet eine vertikale Aufl\u00f6sung von 8 Bit, die eine pr\u00e4zise Darstellung von Wellenformen erm\u00f6glicht. Jeder Kanal unterst\u00fctzt eine Abtastrate von 1000 MS\/s, was eine genaue Erfassung von Hochgeschwindigkeitssignalen gew\u00e4hrleistet. Das Oszilloskop ist mit einer Touchscreen-Oberfl\u00e4che ausgestattet, die die Interaktion mit dem Benutzer und die Bedienung erleichtert. Die vier Kan\u00e4le sind f\u00fcr die gleichzeitige Verarbeitung mehrerer Eingangssignale ausgelegt und erm\u00f6glichen umfassende Pr\u00fcf- und Messaufgaben. Dieses Modell eignet sich f\u00fcr verschiedene Anwendungen, die eine detaillierte Visualisierung und Analyse von Wellenformen erfordern.<\/p>","protected":false},"excerpt":{"rendered":"<p>4Ch 200MHz 2GS\/s Oszilloskop<\/p>","protected":false},"featured_media":4803,"comment_status":"closed","ping_status":"closed","template":"","meta":{"_acf_changed":false,"slim_seo":{"title":"SDS2204X Plus - YOTAVIS AG","description":"4Ch 200MHz 2GS\/s Oszilloskop"}},"product_brand":[506],"product_cat":[508,507],"product_tag":[],"class_list":{"0":"post-3550","1":"product","2":"type-product","3":"status-publish","4":"has-post-thumbnail","6":"product_brand-siglent","7":"product_cat-desktop-en","8":"product_cat-oscilloscope","9":"pa_bandwidth-mhz-92","10":"pa_channels-338","11":"pa_digital-channels-opt","12":"pa_memory-depht-mpts-89","13":"pa_sampling-rate-channels-ms-s-349","14":"pa_touch-screen-yes","15":"pa_vertical-resolution-bits-340","17":"first","18":"instock","19":"taxable","20":"shipping-taxable","21":"purchasable","22":"product-type-simple"},"acf":[],"_links":{"self":[{"href":"https:\/\/yotavis.ch\/de\/wp-json\/wp\/v2\/product\/3550","targetHints":{"allow":["GET"]}}],"collection":[{"href":"https:\/\/yotavis.ch\/de\/wp-json\/wp\/v2\/product"}],"about":[{"href":"https:\/\/yotavis.ch\/de\/wp-json\/wp\/v2\/types\/product"}],"replies":[{"embeddable":true,"href":"https:\/\/yotavis.ch\/de\/wp-json\/wp\/v2\/comments?post=3550"}],"wp:featuredmedia":[{"embeddable":true,"href":"https:\/\/yotavis.ch\/de\/wp-json\/wp\/v2\/media\/4803"}],"wp:attachment":[{"href":"https:\/\/yotavis.ch\/de\/wp-json\/wp\/v2\/media?parent=3550"}],"wp:term":[{"taxonomy":"product_brand","embeddable":true,"href":"https:\/\/yotavis.ch\/de\/wp-json\/wp\/v2\/product_brand?post=3550"},{"taxonomy":"product_cat","embeddable":true,"href":"https:\/\/yotavis.ch\/de\/wp-json\/wp\/v2\/product_cat?post=3550"},{"taxonomy":"product_tag","embeddable":true,"href":"https:\/\/yotavis.ch\/de\/wp-json\/wp\/v2\/product_tag?post=3550"}],"curies":[{"name":"wp","href":"https:\/\/api.w.org\/{rel}","templated":true}]}}