{"id":3551,"date":"2025-10-09T00:00:00","date_gmt":"2025-10-08T22:00:00","guid":{"rendered":"https:\/\/yotavis.ch\/product\/sds2354x-plus\/"},"modified":"2026-04-24T13:27:10","modified_gmt":"2026-04-24T11:27:10","slug":"sds2354x-plus","status":"publish","type":"product","link":"https:\/\/yotavis.ch\/de\/produkt\/sds2354x-plus\/","title":{"rendered":"SDS2354X Plus"},"content":{"rendered":"<p>Das Siglent SDS2354X Plus ist ein 4-Kanal-Oszilloskop mit einer Bandbreite von 350 MHz und einer Abtastrate von 2 GS\/s. Es verf\u00fcgt \u00fcber eine Speichertiefe von 400 Mpts, was eine detaillierte Signalanalyse \u00fcber l\u00e4ngere Zeitr\u00e4ume erm\u00f6glicht. Das Ger\u00e4t bietet eine vertikale Aufl\u00f6sung von 8 Bit und damit pr\u00e4zise Messm\u00f6glichkeiten. Jeder Kanal unterst\u00fctzt eine Abtastrate von 1000 MS\/s, was eine genaue Erfassung von Hochgeschwindigkeitssignalen gew\u00e4hrleistet. Das Oszilloskop ist mit einer Touchscreen-Oberfl\u00e4che ausgestattet, die die Interaktion mit dem Benutzer und die Bedienung erleichtert. Dieses Modell ist f\u00fcr die gleichzeitige Verarbeitung mehrerer Eingangssignale ausgelegt und eignet sich daher f\u00fcr komplexe Pr\u00fcfumgebungen. Die Kombination aus Bandbreite, Abtastrate und Speichertiefe macht das SDS2354X Plus zu einem vielseitigen Werkzeug f\u00fcr verschiedene elektronische Messanwendungen.<\/p>","protected":false},"excerpt":{"rendered":"<p>4Ch 350MHz 2GS\/s Oszilloskop<\/p>","protected":false},"featured_media":4804,"comment_status":"closed","ping_status":"closed","template":"","meta":{"_acf_changed":false,"slim_seo":{"title":"SDS2354X Plus - YOTAVIS AG","description":"4Ch 350MHz 2GS\/s Oszilloskop"}},"product_brand":[506],"product_cat":[508,507],"product_tag":[],"class_list":{"0":"post-3551","1":"product","2":"type-product","3":"status-publish","4":"has-post-thumbnail","6":"product_brand-siglent","7":"product_cat-desktop-en","8":"product_cat-oscilloscope","9":"pa_bandwidth-mhz-76","10":"pa_channels-338","11":"pa_digital-channels-opt","12":"pa_memory-depht-mpts-89","13":"pa_sampling-rate-channels-ms-s-349","14":"pa_touch-screen-yes","15":"pa_vertical-resolution-bits-340","17":"first","18":"instock","19":"taxable","20":"shipping-taxable","21":"purchasable","22":"product-type-simple"},"acf":[],"_links":{"self":[{"href":"https:\/\/yotavis.ch\/de\/wp-json\/wp\/v2\/product\/3551","targetHints":{"allow":["GET"]}}],"collection":[{"href":"https:\/\/yotavis.ch\/de\/wp-json\/wp\/v2\/product"}],"about":[{"href":"https:\/\/yotavis.ch\/de\/wp-json\/wp\/v2\/types\/product"}],"replies":[{"embeddable":true,"href":"https:\/\/yotavis.ch\/de\/wp-json\/wp\/v2\/comments?post=3551"}],"wp:featuredmedia":[{"embeddable":true,"href":"https:\/\/yotavis.ch\/de\/wp-json\/wp\/v2\/media\/4804"}],"wp:attachment":[{"href":"https:\/\/yotavis.ch\/de\/wp-json\/wp\/v2\/media?parent=3551"}],"wp:term":[{"taxonomy":"product_brand","embeddable":true,"href":"https:\/\/yotavis.ch\/de\/wp-json\/wp\/v2\/product_brand?post=3551"},{"taxonomy":"product_cat","embeddable":true,"href":"https:\/\/yotavis.ch\/de\/wp-json\/wp\/v2\/product_cat?post=3551"},{"taxonomy":"product_tag","embeddable":true,"href":"https:\/\/yotavis.ch\/de\/wp-json\/wp\/v2\/product_tag?post=3551"}],"curies":[{"name":"wp","href":"https:\/\/api.w.org\/{rel}","templated":true}]}}