{"id":3552,"date":"2025-10-09T00:00:00","date_gmt":"2025-10-08T22:00:00","guid":{"rendered":"https:\/\/yotavis.ch\/product\/sds1102x-hd\/"},"modified":"2026-04-24T13:27:14","modified_gmt":"2026-04-24T11:27:14","slug":"sds1102x-hd","status":"publish","type":"product","link":"https:\/\/yotavis.ch\/de\/produkt\/sds1102x-hd\/","title":{"rendered":"SDS1102X HD"},"content":{"rendered":"<p>Das Siglent SDS1102X HD ist ein 2-Kanal-Oszilloskop mit einer vertikalen Aufl\u00f6sung von 12 Bit und einer Bandbreite von 100 MHz. Es bietet eine Abtastrate von 500 MS\/s pro Kanal und erm\u00f6glicht so eine detaillierte Signalanalyse. Das Ger\u00e4t verf\u00fcgt \u00fcber eine Speichertiefe von 100 Mpts und bietet damit ausreichend Speicherplatz f\u00fcr Wellenformdaten. Dieses Oszilloskop ist mit einer Touchscreen-Oberfl\u00e4che ausgestattet, die die Interaktion mit dem Benutzer und die Bedienung erleichtert. Mit zwei Eingangskan\u00e4len unterst\u00fctzt es die gleichzeitige Messung von mehreren Signalen. Die Kombination aus hoher Aufl\u00f6sung und gro\u00dfer Speichertiefe macht es f\u00fcr verschiedene elektronische Pr\u00fcf- und Diagnoseanwendungen geeignet. Das Modell ist so konzipiert, dass es eine pr\u00e4zise Wellenformerfassung und -analyse ohne zus\u00e4tzliche Fernsteuerungs- oder Digitalkanaloptionen erm\u00f6glicht.<\/p>","protected":false},"excerpt":{"rendered":"<p>2K 12bit 100 MHz Oszilloskop<\/p>","protected":false},"featured_media":7898,"comment_status":"closed","ping_status":"closed","template":"","meta":{"_acf_changed":false,"slim_seo":{"title":"SDS1102X HD - YOTAVIS AG","description":"2K 12bit 100 MHz Oszilloskop"}},"product_brand":[506],"product_cat":[508,507],"product_tag":[],"class_list":{"0":"post-3552","1":"product","2":"type-product","3":"status-publish","4":"has-post-thumbnail","6":"product_brand-siglent","7":"product_cat-desktop-en","8":"product_cat-oscilloscope","9":"pa_bandwidth-mhz-90","10":"pa_channels-350","11":"pa_digital-channels-opt","12":"pa_memory-depht-mpts-93","13":"pa_sampling-rate-channels-ms-s-351","14":"pa_touch-screen-yes","15":"pa_vertical-resolution-bits-348","17":"first","18":"instock","19":"taxable","20":"shipping-taxable","21":"purchasable","22":"product-type-simple"},"acf":[],"_links":{"self":[{"href":"https:\/\/yotavis.ch\/de\/wp-json\/wp\/v2\/product\/3552","targetHints":{"allow":["GET"]}}],"collection":[{"href":"https:\/\/yotavis.ch\/de\/wp-json\/wp\/v2\/product"}],"about":[{"href":"https:\/\/yotavis.ch\/de\/wp-json\/wp\/v2\/types\/product"}],"replies":[{"embeddable":true,"href":"https:\/\/yotavis.ch\/de\/wp-json\/wp\/v2\/comments?post=3552"}],"wp:featuredmedia":[{"embeddable":true,"href":"https:\/\/yotavis.ch\/de\/wp-json\/wp\/v2\/media\/7898"}],"wp:attachment":[{"href":"https:\/\/yotavis.ch\/de\/wp-json\/wp\/v2\/media?parent=3552"}],"wp:term":[{"taxonomy":"product_brand","embeddable":true,"href":"https:\/\/yotavis.ch\/de\/wp-json\/wp\/v2\/product_brand?post=3552"},{"taxonomy":"product_cat","embeddable":true,"href":"https:\/\/yotavis.ch\/de\/wp-json\/wp\/v2\/product_cat?post=3552"},{"taxonomy":"product_tag","embeddable":true,"href":"https:\/\/yotavis.ch\/de\/wp-json\/wp\/v2\/product_tag?post=3552"}],"curies":[{"name":"wp","href":"https:\/\/api.w.org\/{rel}","templated":true}]}}