{"id":3557,"date":"2025-10-09T00:00:00","date_gmt":"2025-10-08T22:00:00","guid":{"rendered":"https:\/\/yotavis.ch\/product\/sds804x-hd\/"},"modified":"2026-04-24T13:27:16","modified_gmt":"2026-04-24T11:27:16","slug":"sds804x-hd","status":"publish","type":"product","link":"https:\/\/yotavis.ch\/de\/produkt\/sds804x-hd\/","title":{"rendered":"SDS804X HD"},"content":{"rendered":"<p>Das Siglent SDS804X HD ist ein 4-Kanal-Oszilloskop mit einer vertikalen Aufl\u00f6sung von 12 Bit und einer Bandbreite von 70 MHz. Es bietet eine Abtastrate von 500 MS\/s pro Kanal und erm\u00f6glicht so eine detaillierte Signalanalyse. Das Ger\u00e4t verf\u00fcgt \u00fcber eine Speichertiefe von 50 Mpts, die eine erweiterte Wellenformerfassung und -pr\u00fcfung unterst\u00fctzt. Dieses Oszilloskop ist mit einer Touchscreen-Oberfl\u00e4che ausgestattet, die die Interaktion mit dem Benutzer und die Bedienung erleichtert. Durch die Kombination aus hoher vertikaler Aufl\u00f6sung und gro\u00dfer Speichertiefe ist es f\u00fcr pr\u00e4zise Messungen und komplexe Signalauswertungen geeignet. Die vier Kan\u00e4le bieten mehrere Eingangsoptionen f\u00fcr die gleichzeitige Signal\u00fcberwachung. Insgesamt vereint das SDS804X HD diese technischen Spezifikationen, um verschiedene Pr\u00fcf- und Diagnoseanwendungen zu unterst\u00fctzen.<\/p>","protected":false},"excerpt":{"rendered":"<p>4K 12bit 70 MHz Oszilloskop<\/p>","protected":false},"featured_media":4822,"comment_status":"closed","ping_status":"closed","template":"","meta":{"_acf_changed":false,"slim_seo":{"title":"SDS804X HD - YOTAVIS AG","description":"4K 12bit 70 MHz Oszilloskop"}},"product_brand":[506],"product_cat":[508,507],"product_tag":[],"class_list":{"0":"post-3557","1":"product","2":"type-product","3":"status-publish","4":"has-post-thumbnail","6":"product_brand-siglent","7":"product_cat-desktop-en","8":"product_cat-oscilloscope","9":"pa_bandwidth-mhz-94","10":"pa_channels-338","11":"pa_digital-channels-opt","12":"pa_memory-depht-mpts-95","13":"pa_sampling-rate-channels-ms-s-351","14":"pa_touch-screen-yes","15":"pa_vertical-resolution-bits-348","17":"first","18":"instock","19":"taxable","20":"shipping-taxable","21":"purchasable","22":"product-type-simple"},"acf":[],"_links":{"self":[{"href":"https:\/\/yotavis.ch\/de\/wp-json\/wp\/v2\/product\/3557","targetHints":{"allow":["GET"]}}],"collection":[{"href":"https:\/\/yotavis.ch\/de\/wp-json\/wp\/v2\/product"}],"about":[{"href":"https:\/\/yotavis.ch\/de\/wp-json\/wp\/v2\/types\/product"}],"replies":[{"embeddable":true,"href":"https:\/\/yotavis.ch\/de\/wp-json\/wp\/v2\/comments?post=3557"}],"wp:featuredmedia":[{"embeddable":true,"href":"https:\/\/yotavis.ch\/de\/wp-json\/wp\/v2\/media\/4822"}],"wp:attachment":[{"href":"https:\/\/yotavis.ch\/de\/wp-json\/wp\/v2\/media?parent=3557"}],"wp:term":[{"taxonomy":"product_brand","embeddable":true,"href":"https:\/\/yotavis.ch\/de\/wp-json\/wp\/v2\/product_brand?post=3557"},{"taxonomy":"product_cat","embeddable":true,"href":"https:\/\/yotavis.ch\/de\/wp-json\/wp\/v2\/product_cat?post=3557"},{"taxonomy":"product_tag","embeddable":true,"href":"https:\/\/yotavis.ch\/de\/wp-json\/wp\/v2\/product_tag?post=3557"}],"curies":[{"name":"wp","href":"https:\/\/api.w.org\/{rel}","templated":true}]}}