{"id":3558,"date":"2025-10-09T00:00:00","date_gmt":"2025-10-08T22:00:00","guid":{"rendered":"https:\/\/yotavis.ch\/product\/sds812x-hd\/"},"modified":"2026-04-24T13:27:16","modified_gmt":"2026-04-24T11:27:16","slug":"sds812x-hd","status":"publish","type":"product","link":"https:\/\/yotavis.ch\/de\/produkt\/sds812x-hd\/","title":{"rendered":"SDS812X HD"},"content":{"rendered":"<p>Das Siglent SDS812X HD ist ein 2-Kanal-Oszilloskop mit einer vertikalen Aufl\u00f6sung von 12 Bit und einer Bandbreite von 100 MHz. Es bietet eine hohe Abtastrate von 1000 MS\/s pro Kanal, was eine detaillierte Signalanalyse erm\u00f6glicht. Das Ger\u00e4t verf\u00fcgt \u00fcber eine Speichertiefe von 50 Mpts, die eine erweiterte Wellenformerfassung und -analyse unterst\u00fctzt. Dieses Modell ist mit einer Touchscreen-Schnittstelle ausgestattet, die die Interaktion mit dem Benutzer und die Bedienung erleichtert. Das Oszilloskop wurde entwickelt, um eine Vielzahl von Messaufgaben mit Pr\u00e4zision zu bew\u00e4ltigen, unterst\u00fctzt durch seine fortschrittliche digitale Architektur. Durch die Kombination aus hoher Aufl\u00f6sung, Bandbreite und Abtastrate eignet es sich f\u00fcr eine Reihe von elektronischen Test- und Diagnoseanwendungen.<\/p>","protected":false},"excerpt":{"rendered":"<p>2K 12bit 100 MHz Oszilloskop<\/p>","protected":false},"featured_media":4823,"comment_status":"closed","ping_status":"closed","template":"","meta":{"_acf_changed":false,"slim_seo":{"title":"SDS812X HD - YOTAVIS AG","description":"2K 12bit 100 MHz Oszilloskop"}},"product_brand":[506],"product_cat":[508,507],"product_tag":[],"class_list":{"0":"post-3558","1":"product","2":"type-product","3":"status-publish","4":"has-post-thumbnail","6":"product_brand-siglent","7":"product_cat-desktop-en","8":"product_cat-oscilloscope","9":"pa_bandwidth-mhz-90","10":"pa_channels-350","11":"pa_digital-channels-opt","12":"pa_memory-depht-mpts-95","13":"pa_sampling-rate-channels-ms-s-349","14":"pa_touch-screen-yes","15":"pa_vertical-resolution-bits-348","17":"first","18":"instock","19":"taxable","20":"shipping-taxable","21":"purchasable","22":"product-type-simple"},"acf":[],"_links":{"self":[{"href":"https:\/\/yotavis.ch\/de\/wp-json\/wp\/v2\/product\/3558","targetHints":{"allow":["GET"]}}],"collection":[{"href":"https:\/\/yotavis.ch\/de\/wp-json\/wp\/v2\/product"}],"about":[{"href":"https:\/\/yotavis.ch\/de\/wp-json\/wp\/v2\/types\/product"}],"replies":[{"embeddable":true,"href":"https:\/\/yotavis.ch\/de\/wp-json\/wp\/v2\/comments?post=3558"}],"wp:featuredmedia":[{"embeddable":true,"href":"https:\/\/yotavis.ch\/de\/wp-json\/wp\/v2\/media\/4823"}],"wp:attachment":[{"href":"https:\/\/yotavis.ch\/de\/wp-json\/wp\/v2\/media?parent=3558"}],"wp:term":[{"taxonomy":"product_brand","embeddable":true,"href":"https:\/\/yotavis.ch\/de\/wp-json\/wp\/v2\/product_brand?post=3558"},{"taxonomy":"product_cat","embeddable":true,"href":"https:\/\/yotavis.ch\/de\/wp-json\/wp\/v2\/product_cat?post=3558"},{"taxonomy":"product_tag","embeddable":true,"href":"https:\/\/yotavis.ch\/de\/wp-json\/wp\/v2\/product_tag?post=3558"}],"curies":[{"name":"wp","href":"https:\/\/api.w.org\/{rel}","templated":true}]}}