{"id":3560,"date":"2025-10-09T00:00:00","date_gmt":"2025-10-08T22:00:00","guid":{"rendered":"https:\/\/yotavis.ch\/product\/sds822x-hd\/"},"modified":"2026-04-24T13:27:17","modified_gmt":"2026-04-24T11:27:17","slug":"sds822x-hd","status":"publish","type":"product","link":"https:\/\/yotavis.ch\/de\/produkt\/sds822x-hd\/","title":{"rendered":"SDS822X HD"},"content":{"rendered":"<p>Das Siglent SDS822X HD ist ein 2-Kanal-Oszilloskop mit einer vertikalen Aufl\u00f6sung von 12 Bit und einer Bandbreite von 200 MHz. Es bietet eine hohe Abtastrate von 1000 MS\/s pro Kanal und erm\u00f6glicht so eine detaillierte Signalanalyse. Das Ger\u00e4t verf\u00fcgt \u00fcber eine Speichertiefe von 50 Mpts, die eine erweiterte Wellenformerfassung und -analyse unterst\u00fctzt. Dieses Oszilloskop ist mit einer Touchscreen-Oberfl\u00e4che ausgestattet, die die Interaktion mit dem Benutzer und die Bedienung erleichtert. Durch die Kombination seiner Spezifikationen eignet es sich f\u00fcr verschiedene Anwendungen, die eine pr\u00e4zise Messung und Visualisierung von elektronischen Signalen erfordern. Die 12-Bit-Aufl\u00f6sung bietet eine verbesserte Signaltreue im Vergleich zu Oszilloskopen mit niedrigeren Bits, w\u00e4hrend die Bandbreite von 200 MHz sicherstellt, dass es einen gro\u00dfen Frequenzbereich verarbeiten kann. Das SDS822X HD wurde entwickelt, um eine genaue und zuverl\u00e4ssige Leistung f\u00fcr elektronische Tests und Fehlersuche zu liefern.<\/p>","protected":false},"excerpt":{"rendered":"<p>2K 12bit 200 MHz Oszilloskop<\/p>","protected":false},"featured_media":4825,"comment_status":"closed","ping_status":"closed","template":"","meta":{"_acf_changed":false,"slim_seo":{"title":"SDS822X HD - YOTAVIS AG","description":"2K 12bit 200 MHz Oszilloskop"}},"product_brand":[506],"product_cat":[508,507],"product_tag":[],"class_list":{"0":"post-3560","1":"product","2":"type-product","3":"status-publish","4":"has-post-thumbnail","6":"product_brand-siglent","7":"product_cat-desktop-en","8":"product_cat-oscilloscope","9":"pa_bandwidth-mhz-92","10":"pa_channels-350","11":"pa_digital-channels-opt","12":"pa_memory-depht-mpts-95","13":"pa_sampling-rate-channels-ms-s-349","14":"pa_touch-screen-yes","15":"pa_vertical-resolution-bits-348","17":"first","18":"instock","19":"taxable","20":"shipping-taxable","21":"purchasable","22":"product-type-simple"},"acf":[],"_links":{"self":[{"href":"https:\/\/yotavis.ch\/de\/wp-json\/wp\/v2\/product\/3560","targetHints":{"allow":["GET"]}}],"collection":[{"href":"https:\/\/yotavis.ch\/de\/wp-json\/wp\/v2\/product"}],"about":[{"href":"https:\/\/yotavis.ch\/de\/wp-json\/wp\/v2\/types\/product"}],"replies":[{"embeddable":true,"href":"https:\/\/yotavis.ch\/de\/wp-json\/wp\/v2\/comments?post=3560"}],"wp:featuredmedia":[{"embeddable":true,"href":"https:\/\/yotavis.ch\/de\/wp-json\/wp\/v2\/media\/4825"}],"wp:attachment":[{"href":"https:\/\/yotavis.ch\/de\/wp-json\/wp\/v2\/media?parent=3560"}],"wp:term":[{"taxonomy":"product_brand","embeddable":true,"href":"https:\/\/yotavis.ch\/de\/wp-json\/wp\/v2\/product_brand?post=3560"},{"taxonomy":"product_cat","embeddable":true,"href":"https:\/\/yotavis.ch\/de\/wp-json\/wp\/v2\/product_cat?post=3560"},{"taxonomy":"product_tag","embeddable":true,"href":"https:\/\/yotavis.ch\/de\/wp-json\/wp\/v2\/product_tag?post=3560"}],"curies":[{"name":"wp","href":"https:\/\/api.w.org\/{rel}","templated":true}]}}