{"id":3562,"date":"2025-10-09T00:00:00","date_gmt":"2025-10-08T22:00:00","guid":{"rendered":"https:\/\/yotavis.ch\/product\/sds1202x-e\/"},"modified":"2026-04-24T13:27:18","modified_gmt":"2026-04-24T11:27:18","slug":"sds1202x-e","status":"publish","type":"product","link":"https:\/\/yotavis.ch\/de\/produkt\/sds1202x-e\/","title":{"rendered":"SDS1202X-E"},"content":{"rendered":"<p>Das Siglent SDS1202X-E ist ein Zweikanal-Oszilloskop mit einer Bandbreite von 200 MHz, das f\u00fcr eine breite Palette von Signalanalyseaufgaben entwickelt wurde. Es verf\u00fcgt \u00fcber eine Abtastrate von 500 MS\/s pro Kanal, was eine detaillierte Erfassung von sich schnell \u00e4ndernden Signalen erm\u00f6glicht. Das Ger\u00e4t ist mit einer Speichertiefe von 7 Mpts ausgestattet und bietet damit ausreichend Speicherplatz f\u00fcr Signalformdaten w\u00e4hrend der Messungen. Mit einer vertikalen Aufl\u00f6sung von 8 Bit kann das Oszilloskop die Signalamplituden f\u00fcr eine pr\u00e4zise Analyse genau darstellen. Das SDS1202X-E verf\u00fcgt nicht \u00fcber eine Touchscreen-Schnittstelle und setzt stattdessen auf traditionelle Steuerungsmethoden. Dieses Modell eignet sich f\u00fcr Anwender, die eine zuverl\u00e4ssige Zweikanal-Signalbeobachtung mit soliden Bandbreiten- und Abtastfunktionen ben\u00f6tigen.<\/p>","protected":false},"excerpt":{"rendered":"<p>200MHz Zweikanal-Oszilloskop<\/p>","protected":false},"featured_media":4834,"comment_status":"closed","ping_status":"closed","template":"","meta":{"_acf_changed":false,"slim_seo":{"title":"SDS1202X-E - YOTAVIS AG","description":"200MHz Zweikanal-Oszilloskop"}},"product_brand":[506],"product_cat":[508,507],"product_tag":[],"class_list":{"0":"post-3562","1":"product","2":"type-product","3":"status-publish","4":"has-post-thumbnail","6":"product_brand-siglent","7":"product_cat-desktop-en","8":"product_cat-oscilloscope","9":"pa_bandwidth-mhz-92","10":"pa_channels-350","11":"pa_digital-channels-opt","12":"pa_memory-depht-mpts-96","13":"pa_sampling-rate-channels-ms-s-351","14":"pa_touch-screen-no","15":"pa_vertical-resolution-bits-340","17":"first","18":"instock","19":"taxable","20":"shipping-taxable","21":"purchasable","22":"product-type-simple"},"acf":[],"_links":{"self":[{"href":"https:\/\/yotavis.ch\/de\/wp-json\/wp\/v2\/product\/3562","targetHints":{"allow":["GET"]}}],"collection":[{"href":"https:\/\/yotavis.ch\/de\/wp-json\/wp\/v2\/product"}],"about":[{"href":"https:\/\/yotavis.ch\/de\/wp-json\/wp\/v2\/types\/product"}],"replies":[{"embeddable":true,"href":"https:\/\/yotavis.ch\/de\/wp-json\/wp\/v2\/comments?post=3562"}],"wp:featuredmedia":[{"embeddable":true,"href":"https:\/\/yotavis.ch\/de\/wp-json\/wp\/v2\/media\/4834"}],"wp:attachment":[{"href":"https:\/\/yotavis.ch\/de\/wp-json\/wp\/v2\/media?parent=3562"}],"wp:term":[{"taxonomy":"product_brand","embeddable":true,"href":"https:\/\/yotavis.ch\/de\/wp-json\/wp\/v2\/product_brand?post=3562"},{"taxonomy":"product_cat","embeddable":true,"href":"https:\/\/yotavis.ch\/de\/wp-json\/wp\/v2\/product_cat?post=3562"},{"taxonomy":"product_tag","embeddable":true,"href":"https:\/\/yotavis.ch\/de\/wp-json\/wp\/v2\/product_tag?post=3562"}],"curies":[{"name":"wp","href":"https:\/\/api.w.org\/{rel}","templated":true}]}}