{"id":3563,"date":"2025-10-09T00:00:00","date_gmt":"2025-10-08T22:00:00","guid":{"rendered":"https:\/\/yotavis.ch\/product\/sds1104x-e\/"},"modified":"2026-04-24T13:27:18","modified_gmt":"2026-04-24T11:27:18","slug":"sds1104x-e","status":"publish","type":"product","link":"https:\/\/yotavis.ch\/de\/produkt\/sds1104x-e\/","title":{"rendered":"SDS1104X-E"},"content":{"rendered":"<p>Das Siglent SDS1104X-E ist ein 100-MHz-Oszilloskop, das mit vier Kan\u00e4len ausgestattet ist und eine gleichzeitige Signalanalyse \u00fcber mehrere Eing\u00e4nge erm\u00f6glicht. Es verf\u00fcgt \u00fcber eine Abtastrate von 500 MS\/s pro Kanal, die eine detaillierte Wellenformerfassung und -analyse erm\u00f6glicht. Das Ger\u00e4t verf\u00fcgt \u00fcber eine Speichertiefe von 7 Mpts, was eine erweiterte Datenspeicherung f\u00fcr komplexe Signaluntersuchungen erm\u00f6glicht. Mit einer vertikalen Aufl\u00f6sung von 8 Bit bietet es pr\u00e4zise Amplitudenmessm\u00f6glichkeiten. Das Oszilloskop verf\u00fcgt nicht \u00fcber eine Touchscreen-Oberfl\u00e4che, sondern setzt auf traditionelle Steuerungsmethoden. Dieses Modell ist f\u00fcr eine Bandbreite von 100 MHz ausgelegt und eignet sich f\u00fcr eine Vielzahl von elektronischen Testanwendungen. Seine Konfiguration erm\u00f6glicht eine detaillierte Signalbeobachtung und Fehlersuche \u00fcber mehrere Kan\u00e4le, ohne dass digitale Kan\u00e4le oder Fernsteuerungsfunktionen erforderlich sind.<\/p>","protected":false},"excerpt":{"rendered":"<p>100MHz 4-Kanal Oszilloskop<\/p>","protected":false},"featured_media":4840,"comment_status":"closed","ping_status":"closed","template":"","meta":{"_acf_changed":false,"slim_seo":{"title":"SDS1104X-E - YOTAVIS AG","description":"100MHz 4-Kanal Oszilloskop"}},"product_brand":[506],"product_cat":[508,507],"product_tag":[],"class_list":{"0":"post-3563","1":"product","2":"type-product","3":"status-publish","4":"has-post-thumbnail","6":"product_brand-siglent","7":"product_cat-desktop-en","8":"product_cat-oscilloscope","9":"pa_bandwidth-mhz-90","10":"pa_channels-338","11":"pa_digital-channels-opt","12":"pa_memory-depht-mpts-96","13":"pa_sampling-rate-channels-ms-s-351","14":"pa_touch-screen-no","15":"pa_vertical-resolution-bits-340","17":"first","18":"instock","19":"taxable","20":"shipping-taxable","21":"purchasable","22":"product-type-simple"},"acf":[],"_links":{"self":[{"href":"https:\/\/yotavis.ch\/de\/wp-json\/wp\/v2\/product\/3563","targetHints":{"allow":["GET"]}}],"collection":[{"href":"https:\/\/yotavis.ch\/de\/wp-json\/wp\/v2\/product"}],"about":[{"href":"https:\/\/yotavis.ch\/de\/wp-json\/wp\/v2\/types\/product"}],"replies":[{"embeddable":true,"href":"https:\/\/yotavis.ch\/de\/wp-json\/wp\/v2\/comments?post=3563"}],"wp:featuredmedia":[{"embeddable":true,"href":"https:\/\/yotavis.ch\/de\/wp-json\/wp\/v2\/media\/4840"}],"wp:attachment":[{"href":"https:\/\/yotavis.ch\/de\/wp-json\/wp\/v2\/media?parent=3563"}],"wp:term":[{"taxonomy":"product_brand","embeddable":true,"href":"https:\/\/yotavis.ch\/de\/wp-json\/wp\/v2\/product_brand?post=3563"},{"taxonomy":"product_cat","embeddable":true,"href":"https:\/\/yotavis.ch\/de\/wp-json\/wp\/v2\/product_cat?post=3563"},{"taxonomy":"product_tag","embeddable":true,"href":"https:\/\/yotavis.ch\/de\/wp-json\/wp\/v2\/product_tag?post=3563"}],"curies":[{"name":"wp","href":"https:\/\/api.w.org\/{rel}","templated":true}]}}