{"id":3565,"date":"2025-10-09T00:00:00","date_gmt":"2025-10-08T22:00:00","guid":{"rendered":"https:\/\/yotavis.ch\/product\/sds1104x-u\/"},"modified":"2026-04-24T13:27:21","modified_gmt":"2026-04-24T11:27:21","slug":"sds1104x-u","status":"publish","type":"product","link":"https:\/\/yotavis.ch\/de\/produkt\/sds1104x-u\/","title":{"rendered":"SDS1104X-U"},"content":{"rendered":"<p>Das Siglent SDS1104X-U ist ein 100-MHz-Oszilloskop, das mit vier Kan\u00e4len ausgestattet ist und eine gleichzeitige Signalanalyse \u00fcber mehrere Eing\u00e4nge erm\u00f6glicht. Es verf\u00fcgt \u00fcber eine Abtastrate von 1000 MS\/s pro Kanal, die eine detaillierte Wellenformerfassung und -analyse erm\u00f6glicht. Das Ger\u00e4t verf\u00fcgt \u00fcber eine Speichertiefe von 14 Mpts, was eine erweiterte Datenspeicherung f\u00fcr komplexe Signaluntersuchungen erm\u00f6glicht. Mit einer vertikalen Aufl\u00f6sung von 8 Bit bietet das Oszilloskop pr\u00e4zise Amplitudenmessfunktionen. Dieses Modell verf\u00fcgt nicht \u00fcber digitale Kan\u00e4le oder eine Touchscreen-Schnittstelle. Die Kombination aus Bandbreite und Abtastrate macht es f\u00fcr eine Vielzahl von elektronischen Pr\u00fcf- und Diagnoseanwendungen geeignet.<\/p>","protected":false},"excerpt":{"rendered":"<p>100MHz 4-Kanal Oszilloskop<\/p>","protected":false},"featured_media":4847,"comment_status":"closed","ping_status":"closed","template":"","meta":{"_acf_changed":false,"slim_seo":{"title":"SDS1104X-U - YOTAVIS AG","description":"100MHz 4-Kanal Oszilloskop"}},"product_brand":[506],"product_cat":[508,507],"product_tag":[],"class_list":{"0":"post-3565","1":"product","2":"type-product","3":"status-publish","4":"has-post-thumbnail","6":"product_brand-siglent","7":"product_cat-desktop-en","8":"product_cat-oscilloscope","9":"pa_bandwidth-mhz-90","10":"pa_channels-338","11":"pa_digital-channels-no","12":"pa_memory-depht-mpts-98","13":"pa_sampling-rate-channels-ms-s-349","14":"pa_touch-screen-no","15":"pa_vertical-resolution-bits-340","17":"first","18":"instock","19":"taxable","20":"shipping-taxable","21":"purchasable","22":"product-type-simple"},"acf":[],"_links":{"self":[{"href":"https:\/\/yotavis.ch\/de\/wp-json\/wp\/v2\/product\/3565","targetHints":{"allow":["GET"]}}],"collection":[{"href":"https:\/\/yotavis.ch\/de\/wp-json\/wp\/v2\/product"}],"about":[{"href":"https:\/\/yotavis.ch\/de\/wp-json\/wp\/v2\/types\/product"}],"replies":[{"embeddable":true,"href":"https:\/\/yotavis.ch\/de\/wp-json\/wp\/v2\/comments?post=3565"}],"wp:featuredmedia":[{"embeddable":true,"href":"https:\/\/yotavis.ch\/de\/wp-json\/wp\/v2\/media\/4847"}],"wp:attachment":[{"href":"https:\/\/yotavis.ch\/de\/wp-json\/wp\/v2\/media?parent=3565"}],"wp:term":[{"taxonomy":"product_brand","embeddable":true,"href":"https:\/\/yotavis.ch\/de\/wp-json\/wp\/v2\/product_brand?post=3565"},{"taxonomy":"product_cat","embeddable":true,"href":"https:\/\/yotavis.ch\/de\/wp-json\/wp\/v2\/product_cat?post=3565"},{"taxonomy":"product_tag","embeddable":true,"href":"https:\/\/yotavis.ch\/de\/wp-json\/wp\/v2\/product_tag?post=3565"}],"curies":[{"name":"wp","href":"https:\/\/api.w.org\/{rel}","templated":true}]}}