{"id":3566,"date":"2025-10-09T00:00:00","date_gmt":"2025-10-08T22:00:00","guid":{"rendered":"https:\/\/yotavis.ch\/product\/sds1052dl\/"},"modified":"2026-04-24T13:27:22","modified_gmt":"2026-04-24T11:27:22","slug":"sds1052dl","status":"publish","type":"product","link":"https:\/\/yotavis.ch\/de\/produkt\/sds1052dl\/","title":{"rendered":"SDS1052DL+"},"content":{"rendered":"<p>Das Siglent SDS1052DL+ ist ein Zweikanal-Oszilloskop mit einer Bandbreite von 50 MHz, das f\u00fcr eine zuverl\u00e4ssige Signalanalyse konzipiert ist. Es verf\u00fcgt \u00fcber zwei Kan\u00e4le, die eine gleichzeitige Beobachtung mehrerer Signale erm\u00f6glichen. Das Ger\u00e4t bietet eine Abtastrate von 500 MS\/s pro Kanal, was eine detaillierte Erfassung von Wellenformdaten erm\u00f6glicht. Mit einer Speichertiefe von 2 Mpts kann es eine betr\u00e4chtliche Menge an Wellenforminformationen f\u00fcr die Analyse speichern. Die vertikale Aufl\u00f6sung betr\u00e4gt 8 Bit, was die Pr\u00e4zision der Signalmessung bestimmt. Dieses Oszilloskop verf\u00fcgt weder \u00fcber digitale Kan\u00e4le noch \u00fcber eine Touchscreen-Schnittstelle. Es ist f\u00fcr verschiedene Anwendungen geeignet, die eine genaue Signalvisualisierung und -messung erfordern.<\/p>","protected":false},"excerpt":{"rendered":"<p>50MHz Zweikanal-Oszilloskop<\/p>","protected":false},"featured_media":4859,"comment_status":"closed","ping_status":"closed","template":"","meta":{"_acf_changed":false,"slim_seo":{"title":"SDS1052DL+ - YOTAVIS AG","description":"50MHz Zweikanal-Oszilloskop"}},"product_brand":[506],"product_cat":[508,507],"product_tag":[],"class_list":{"0":"post-3566","1":"product","2":"type-product","3":"status-publish","4":"has-post-thumbnail","6":"product_brand-siglent","7":"product_cat-desktop-en","8":"product_cat-oscilloscope","9":"pa_bandwidth-mhz-100","10":"pa_channels-350","11":"pa_digital-channels-no","12":"pa_memory-depht-mpts-101","13":"pa_sampling-rate-channels-ms-s-351","14":"pa_touch-screen-no","15":"pa_vertical-resolution-bits-340","17":"first","18":"instock","19":"taxable","20":"shipping-taxable","21":"purchasable","22":"product-type-simple"},"acf":[],"_links":{"self":[{"href":"https:\/\/yotavis.ch\/de\/wp-json\/wp\/v2\/product\/3566","targetHints":{"allow":["GET"]}}],"collection":[{"href":"https:\/\/yotavis.ch\/de\/wp-json\/wp\/v2\/product"}],"about":[{"href":"https:\/\/yotavis.ch\/de\/wp-json\/wp\/v2\/types\/product"}],"replies":[{"embeddable":true,"href":"https:\/\/yotavis.ch\/de\/wp-json\/wp\/v2\/comments?post=3566"}],"wp:featuredmedia":[{"embeddable":true,"href":"https:\/\/yotavis.ch\/de\/wp-json\/wp\/v2\/media\/4859"}],"wp:attachment":[{"href":"https:\/\/yotavis.ch\/de\/wp-json\/wp\/v2\/media?parent=3566"}],"wp:term":[{"taxonomy":"product_brand","embeddable":true,"href":"https:\/\/yotavis.ch\/de\/wp-json\/wp\/v2\/product_brand?post=3566"},{"taxonomy":"product_cat","embeddable":true,"href":"https:\/\/yotavis.ch\/de\/wp-json\/wp\/v2\/product_cat?post=3566"},{"taxonomy":"product_tag","embeddable":true,"href":"https:\/\/yotavis.ch\/de\/wp-json\/wp\/v2\/product_tag?post=3566"}],"curies":[{"name":"wp","href":"https:\/\/api.w.org\/{rel}","templated":true}]}}