{"id":3567,"date":"2025-10-09T00:00:00","date_gmt":"2025-10-08T22:00:00","guid":{"rendered":"https:\/\/yotavis.ch\/product\/sds1102cml\/"},"modified":"2026-04-24T13:27:22","modified_gmt":"2026-04-24T11:27:22","slug":"sds1102cml","status":"publish","type":"product","link":"https:\/\/yotavis.ch\/de\/produkt\/sds1102cml\/","title":{"rendered":"SDS1102CML+"},"content":{"rendered":"<p>Das Siglent SDS1102CML+ ist ein Zweikanal-Oszilloskop mit einer Bandbreite von 100 MHz. Es verf\u00fcgt \u00fcber eine Abtastrate von 1000 MS\/s pro Kanal und erm\u00f6glicht so eine detaillierte Signalanalyse. Das Ger\u00e4t hat eine Speichertiefe von 0,032 Mpts und eine vertikale Aufl\u00f6sung von 8 Bit. Es verf\u00fcgt weder \u00fcber digitale Kan\u00e4le noch \u00fcber eine Touchscreen-Schnittstelle. Dieses Oszilloskop ist f\u00fcr die gleichzeitige Verarbeitung von zwei Eingangskan\u00e4len ausgelegt und eignet sich somit f\u00fcr verschiedene Messaufgaben. Das Modell wird durch die Marke Siglent gekennzeichnet und ist f\u00fcr seine spezifischen technischen Spezifikationen bekannt.<\/p>","protected":false},"excerpt":{"rendered":"<p>100MHz Zweikanal-Oszilloskop<\/p>","protected":false},"featured_media":4862,"comment_status":"closed","ping_status":"closed","template":"","meta":{"_acf_changed":false,"slim_seo":{"title":"SDS1102CML+ - YOTAVIS AG","description":"100MHz Zweikanal-Oszilloskop"}},"product_brand":[506],"product_cat":[508,507],"product_tag":[],"class_list":{"0":"post-3567","1":"product","2":"type-product","3":"status-publish","4":"has-post-thumbnail","6":"product_brand-siglent","7":"product_cat-desktop-en","8":"product_cat-oscilloscope","9":"pa_bandwidth-mhz-90","10":"pa_channels-350","11":"pa_digital-channels-no","12":"pa_memory-depht-mpts-0-032","13":"pa_sampling-rate-channels-ms-s-349","14":"pa_touch-screen-no","15":"pa_vertical-resolution-bits-340","17":"first","18":"instock","19":"taxable","20":"shipping-taxable","21":"purchasable","22":"product-type-simple"},"acf":[],"_links":{"self":[{"href":"https:\/\/yotavis.ch\/de\/wp-json\/wp\/v2\/product\/3567","targetHints":{"allow":["GET"]}}],"collection":[{"href":"https:\/\/yotavis.ch\/de\/wp-json\/wp\/v2\/product"}],"about":[{"href":"https:\/\/yotavis.ch\/de\/wp-json\/wp\/v2\/types\/product"}],"replies":[{"embeddable":true,"href":"https:\/\/yotavis.ch\/de\/wp-json\/wp\/v2\/comments?post=3567"}],"wp:featuredmedia":[{"embeddable":true,"href":"https:\/\/yotavis.ch\/de\/wp-json\/wp\/v2\/media\/4862"}],"wp:attachment":[{"href":"https:\/\/yotavis.ch\/de\/wp-json\/wp\/v2\/media?parent=3567"}],"wp:term":[{"taxonomy":"product_brand","embeddable":true,"href":"https:\/\/yotavis.ch\/de\/wp-json\/wp\/v2\/product_brand?post=3567"},{"taxonomy":"product_cat","embeddable":true,"href":"https:\/\/yotavis.ch\/de\/wp-json\/wp\/v2\/product_cat?post=3567"},{"taxonomy":"product_tag","embeddable":true,"href":"https:\/\/yotavis.ch\/de\/wp-json\/wp\/v2\/product_tag?post=3567"}],"curies":[{"name":"wp","href":"https:\/\/api.w.org\/{rel}","templated":true}]}}