{"id":3569,"date":"2025-10-09T00:00:00","date_gmt":"2025-10-08T22:00:00","guid":{"rendered":"https:\/\/yotavis.ch\/product\/shs820x\/"},"modified":"2026-04-24T13:27:23","modified_gmt":"2026-04-24T11:27:23","slug":"shs820x","status":"publish","type":"product","link":"https:\/\/yotavis.ch\/de\/produkt\/shs820x\/","title":{"rendered":"SHS820X"},"content":{"rendered":"<p>Das Handheld-Oszilloskop SHS820X von Siglent verf\u00fcgt \u00fcber eine Bandbreite von 200 MHz und bietet zwei Kan\u00e4le zur Signalmessung. Es unterst\u00fctzt eine Abtastrate von 500 MS\/s pro Kanal und erm\u00f6glicht so eine detaillierte Wellenformanalyse. Das Ger\u00e4t verf\u00fcgt \u00fcber eine Speichertiefe von 12 Mpts, was die Erfassung umfangreicher Signaldaten f\u00fcr eine gr\u00fcndliche Untersuchung erm\u00f6glicht. Mit einer vertikalen Aufl\u00f6sung von 8 Bit bietet das Oszilloskop pr\u00e4zise Amplitudenmessungen. Es arbeitet ohne digitale Kan\u00e4le und verf\u00fcgt nicht \u00fcber eine Touchscreen-Schnittstelle. Das SHS820X wurde f\u00fcr die Portabilit\u00e4t und den einfachen Einsatz in verschiedenen Testumgebungen entwickelt und kombiniert wesentliche Spezifikationen wie eine Gesamtabtastrate von 1 GSa\/s mit einem kompakten Handheld-Formfaktor.<\/p>","protected":false},"excerpt":{"rendered":"<p>200MHz; 2 Kan\u00e4le, 1GSa\/s; Handoszilloskop<\/p>","protected":false},"featured_media":4870,"comment_status":"closed","ping_status":"closed","template":"","meta":{"_acf_changed":false,"slim_seo":{"title":"SHS820X - YOTAVIS AG","description":"200MHz; 2 Kan\u00e4le, 1GSa\/s; Handoszilloskop"}},"product_brand":[506],"product_cat":[512,507],"product_tag":[],"class_list":{"0":"post-3569","1":"product","2":"type-product","3":"status-publish","4":"has-post-thumbnail","6":"product_brand-siglent","7":"product_cat-handheld-en","8":"product_cat-oscilloscope","9":"pa_bandwidth-mhz-92","10":"pa_channels-350","11":"pa_digital-channels-no","12":"pa_memory-depht-mpts-103","13":"pa_sampling-rate-channels-ms-s-351","14":"pa_touch-screen-no","15":"pa_vertical-resolution-bits-340","17":"first","18":"instock","19":"taxable","20":"shipping-taxable","21":"purchasable","22":"product-type-simple"},"acf":[],"_links":{"self":[{"href":"https:\/\/yotavis.ch\/de\/wp-json\/wp\/v2\/product\/3569","targetHints":{"allow":["GET"]}}],"collection":[{"href":"https:\/\/yotavis.ch\/de\/wp-json\/wp\/v2\/product"}],"about":[{"href":"https:\/\/yotavis.ch\/de\/wp-json\/wp\/v2\/types\/product"}],"replies":[{"embeddable":true,"href":"https:\/\/yotavis.ch\/de\/wp-json\/wp\/v2\/comments?post=3569"}],"wp:featuredmedia":[{"embeddable":true,"href":"https:\/\/yotavis.ch\/de\/wp-json\/wp\/v2\/media\/4870"}],"wp:attachment":[{"href":"https:\/\/yotavis.ch\/de\/wp-json\/wp\/v2\/media?parent=3569"}],"wp:term":[{"taxonomy":"product_brand","embeddable":true,"href":"https:\/\/yotavis.ch\/de\/wp-json\/wp\/v2\/product_brand?post=3569"},{"taxonomy":"product_cat","embeddable":true,"href":"https:\/\/yotavis.ch\/de\/wp-json\/wp\/v2\/product_cat?post=3569"},{"taxonomy":"product_tag","embeddable":true,"href":"https:\/\/yotavis.ch\/de\/wp-json\/wp\/v2\/product_tag?post=3569"}],"curies":[{"name":"wp","href":"https:\/\/api.w.org\/{rel}","templated":true}]}}