{"id":3570,"date":"2025-10-09T00:00:00","date_gmt":"2025-10-08T22:00:00","guid":{"rendered":"https:\/\/yotavis.ch\/product\/shs1102x\/"},"modified":"2026-04-24T13:27:23","modified_gmt":"2026-04-24T11:27:23","slug":"shs1102x","status":"publish","type":"product","link":"https:\/\/yotavis.ch\/de\/produkt\/shs1102x\/","title":{"rendered":"SHS1102X"},"content":{"rendered":"<p>Das SHS1102X ist ein Handheld-Oszilloskop von Siglent mit zwei isolierten Kan\u00e4len und einer Bandbreite von 100 MHz. Es bietet eine Abtastrate von 500 MS\/s pro Kanal und eine Speichertiefe von 12 Mpts, was eine detaillierte Signalanalyse erm\u00f6glicht. Das Ger\u00e4t verf\u00fcgt \u00fcber eine vertikale Aufl\u00f6sung von 8 Bit und bietet damit pr\u00e4zise Messm\u00f6glichkeiten. Es arbeitet mit einer maximalen Abtastrate von 1 GSa\/s \u00fcber seine beiden Kan\u00e4le. Dieses Oszilloskop verf\u00fcgt weder \u00fcber digitale Kan\u00e4le noch \u00fcber eine Touchscreen-Schnittstelle. Es wurde f\u00fcr den mobilen Einsatz konzipiert und unterst\u00fctzt die effiziente Datenerfassung und -analyse in verschiedenen Umgebungen. Dank der Kombination aus Bandbreite, Abtastrate und Speichertiefe eignet es sich f\u00fcr die Erfassung und Untersuchung eines breiten Spektrums elektronischer Signale.<\/p>","protected":false},"excerpt":{"rendered":"<p>100MHz; 2 isolierte Kan\u00e4le, 1GSa\/s; -Handoszilloskop<\/p>","protected":false},"featured_media":4871,"comment_status":"closed","ping_status":"closed","template":"","meta":{"_acf_changed":false,"slim_seo":{"title":"SHS1102X - YOTAVIS AG","description":"100MHz; 2 isolierte Kan\u00e4le, 1GSa\/s; -Handoszilloskop"}},"product_brand":[506],"product_cat":[512,507],"product_tag":[],"class_list":{"0":"post-3570","1":"product","2":"type-product","3":"status-publish","4":"has-post-thumbnail","6":"product_brand-siglent","7":"product_cat-handheld-en","8":"product_cat-oscilloscope","9":"pa_bandwidth-mhz-90","10":"pa_channels-350","11":"pa_digital-channels-no","12":"pa_memory-depht-mpts-103","13":"pa_sampling-rate-channels-ms-s-351","14":"pa_touch-screen-no","15":"pa_vertical-resolution-bits-340","17":"first","18":"instock","19":"taxable","20":"shipping-taxable","21":"purchasable","22":"product-type-simple"},"acf":[],"_links":{"self":[{"href":"https:\/\/yotavis.ch\/de\/wp-json\/wp\/v2\/product\/3570","targetHints":{"allow":["GET"]}}],"collection":[{"href":"https:\/\/yotavis.ch\/de\/wp-json\/wp\/v2\/product"}],"about":[{"href":"https:\/\/yotavis.ch\/de\/wp-json\/wp\/v2\/types\/product"}],"replies":[{"embeddable":true,"href":"https:\/\/yotavis.ch\/de\/wp-json\/wp\/v2\/comments?post=3570"}],"wp:featuredmedia":[{"embeddable":true,"href":"https:\/\/yotavis.ch\/de\/wp-json\/wp\/v2\/media\/4871"}],"wp:attachment":[{"href":"https:\/\/yotavis.ch\/de\/wp-json\/wp\/v2\/media?parent=3570"}],"wp:term":[{"taxonomy":"product_brand","embeddable":true,"href":"https:\/\/yotavis.ch\/de\/wp-json\/wp\/v2\/product_brand?post=3570"},{"taxonomy":"product_cat","embeddable":true,"href":"https:\/\/yotavis.ch\/de\/wp-json\/wp\/v2\/product_cat?post=3570"},{"taxonomy":"product_tag","embeddable":true,"href":"https:\/\/yotavis.ch\/de\/wp-json\/wp\/v2\/product_tag?post=3570"}],"curies":[{"name":"wp","href":"https:\/\/api.w.org\/{rel}","templated":true}]}}