{"id":3572,"date":"2025-10-09T00:00:00","date_gmt":"2025-10-08T22:00:00","guid":{"rendered":"https:\/\/yotavis.ch\/product\/sdg810\/"},"modified":"2026-04-24T13:27:24","modified_gmt":"2026-04-24T11:27:24","slug":"sdg810","status":"publish","type":"product","link":"https:\/\/yotavis.ch\/de\/produkt\/sdg810\/","title":{"rendered":"SDG810"},"content":{"rendered":"<p>Der Siglent SDG810 ist ein einkanaliger Arbitrary Waveform Generator mit einer maximalen Frequenz von 10 MHz. Er verf\u00fcgt \u00fcber eine Abtastrate von 125 MSa\/s, was eine pr\u00e4zise Signalerzeugung erm\u00f6glicht. Das Ger\u00e4t unterst\u00fctzt Sweep- und Burst-Modi und bietet damit vielseitige Optionen f\u00fcr die Ausgabe von Wellenformen. Seine Speichertiefe betr\u00e4gt 0,016 Mpts und erm\u00f6glicht die Speicherung von Wellenformdaten f\u00fcr die Ausgabe. Die minimale \u00dcbergangszeit betr\u00e4gt 20 ns und die minimale Impulsbreite 16 ns, beides kritische Parameter f\u00fcr die Timing-Genauigkeit bei der Signalerzeugung. Die Amplitude kann bis zu 10 V erreichen und eignet sich damit f\u00fcr verschiedene Pr\u00fcf- und Messanwendungen. Dieses Modell vereint wesentliche Merkmale f\u00fcr die Erzeugung von Wellenformen in einem kompakten Design.<\/p>","protected":false},"excerpt":{"rendered":"<p>10MHz; 1 Kanal; 125MSa\/s; AWG\/AFG<\/p>","protected":false},"featured_media":4887,"comment_status":"closed","ping_status":"closed","template":"","meta":{"_acf_changed":false,"slim_seo":{"title":"SDG810 - YOTAVIS AG","description":"10MHz; 1 Kanal; 125MSa\/s; AWG\/AFG"}},"product_brand":[506],"product_cat":[1189,541,513],"product_tag":[],"class_list":{"0":"post-3572","1":"product","2":"type-product","3":"status-publish","4":"has-post-thumbnail","6":"product_brand-siglent","7":"product_cat-afg","8":"product_cat-awg","9":"product_cat-generator","10":"pa_amplitude-v-106","11":"pa_burst-yes","12":"pa_channels-384","13":"pa_frequency-mhz-105","14":"pa_memory-mpts-0-016","15":"pa_pulse-width-min-ns-112","16":"pa_sampling-rate-ms-s-109","17":"pa_sweep-yes","18":"pa_transition-time-min-ns-111","19":"pa_vertical-resolution-bits-113","21":"first","22":"instock","23":"taxable","24":"shipping-taxable","25":"purchasable","26":"product-type-simple"},"acf":[],"_links":{"self":[{"href":"https:\/\/yotavis.ch\/de\/wp-json\/wp\/v2\/product\/3572","targetHints":{"allow":["GET"]}}],"collection":[{"href":"https:\/\/yotavis.ch\/de\/wp-json\/wp\/v2\/product"}],"about":[{"href":"https:\/\/yotavis.ch\/de\/wp-json\/wp\/v2\/types\/product"}],"replies":[{"embeddable":true,"href":"https:\/\/yotavis.ch\/de\/wp-json\/wp\/v2\/comments?post=3572"}],"wp:featuredmedia":[{"embeddable":true,"href":"https:\/\/yotavis.ch\/de\/wp-json\/wp\/v2\/media\/4887"}],"wp:attachment":[{"href":"https:\/\/yotavis.ch\/de\/wp-json\/wp\/v2\/media?parent=3572"}],"wp:term":[{"taxonomy":"product_brand","embeddable":true,"href":"https:\/\/yotavis.ch\/de\/wp-json\/wp\/v2\/product_brand?post=3572"},{"taxonomy":"product_cat","embeddable":true,"href":"https:\/\/yotavis.ch\/de\/wp-json\/wp\/v2\/product_cat?post=3572"},{"taxonomy":"product_tag","embeddable":true,"href":"https:\/\/yotavis.ch\/de\/wp-json\/wp\/v2\/product_tag?post=3572"}],"curies":[{"name":"wp","href":"https:\/\/api.w.org\/{rel}","templated":true}]}}