{"id":3573,"date":"2025-10-09T00:00:00","date_gmt":"2025-10-08T22:00:00","guid":{"rendered":"https:\/\/yotavis.ch\/product\/sdg830\/"},"modified":"2026-04-24T13:27:24","modified_gmt":"2026-04-24T11:27:24","slug":"sdg830","status":"publish","type":"product","link":"https:\/\/yotavis.ch\/de\/produkt\/sdg830\/","title":{"rendered":"SDG830"},"content":{"rendered":"<p>Der Siglent SDG830 ist ein 30MHz Arbitrary Waveform Generator mit einem einzigen Ausgangskanal. Er arbeitet mit einer maximalen Frequenz von 30MHz und unterst\u00fctzt eine Amplitude von bis zu 10 Volt. Das Ger\u00e4t bietet eine Abtastrate von 125MSa\/s und verf\u00fcgt \u00fcber eine Speichertiefe von 0,016Mpts. Er unterst\u00fctzt sowohl den Sweep- als auch den Burst-Modus und erm\u00f6glicht so eine vielseitige Signalerzeugung. Die minimal erreichbare Impulsbreite betr\u00e4gt 16 Nanosekunden, die \u00dcbergangszeit sogar nur 20 Nanosekunden. Dieses Modell ist f\u00fcr eine pr\u00e4zise Wellenformausgabe mit einer nicht spezifizierten vertikalen Aufl\u00f6sung ausgelegt. Der SDG830 eignet sich f\u00fcr Anwendungen, die eine detaillierte Wellenformsteuerung und Zeitgenauigkeit erfordern.<\/p>","protected":false},"excerpt":{"rendered":"<p>30MHz; 1 Kanal; 125MSa\/s; AWG\/AFG<\/p>","protected":false},"featured_media":4889,"comment_status":"closed","ping_status":"closed","template":"","meta":{"_acf_changed":false,"slim_seo":{"title":"SDG830 - YOTAVIS AG","description":"30MHz; 1 Kanal; 125MSa\/s; AWG\/AFG"}},"product_brand":[506],"product_cat":[1189,541,513],"product_tag":[],"class_list":{"0":"post-3573","1":"product","2":"type-product","3":"status-publish","4":"has-post-thumbnail","6":"product_brand-siglent","7":"product_cat-afg","8":"product_cat-awg","9":"product_cat-generator","10":"pa_amplitude-v-106","11":"pa_burst-yes","12":"pa_channels-384","13":"pa_frequency-mhz-116","14":"pa_memory-mpts-0-016","15":"pa_pulse-width-min-ns-112","16":"pa_sampling-rate-ms-s-109","17":"pa_sweep-yes","18":"pa_transition-time-min-ns-111","19":"pa_vertical-resolution-bits-113","21":"first","22":"instock","23":"taxable","24":"shipping-taxable","25":"purchasable","26":"product-type-simple"},"acf":[],"_links":{"self":[{"href":"https:\/\/yotavis.ch\/de\/wp-json\/wp\/v2\/product\/3573","targetHints":{"allow":["GET"]}}],"collection":[{"href":"https:\/\/yotavis.ch\/de\/wp-json\/wp\/v2\/product"}],"about":[{"href":"https:\/\/yotavis.ch\/de\/wp-json\/wp\/v2\/types\/product"}],"replies":[{"embeddable":true,"href":"https:\/\/yotavis.ch\/de\/wp-json\/wp\/v2\/comments?post=3573"}],"wp:featuredmedia":[{"embeddable":true,"href":"https:\/\/yotavis.ch\/de\/wp-json\/wp\/v2\/media\/4889"}],"wp:attachment":[{"href":"https:\/\/yotavis.ch\/de\/wp-json\/wp\/v2\/media?parent=3573"}],"wp:term":[{"taxonomy":"product_brand","embeddable":true,"href":"https:\/\/yotavis.ch\/de\/wp-json\/wp\/v2\/product_brand?post=3573"},{"taxonomy":"product_cat","embeddable":true,"href":"https:\/\/yotavis.ch\/de\/wp-json\/wp\/v2\/product_cat?post=3573"},{"taxonomy":"product_tag","embeddable":true,"href":"https:\/\/yotavis.ch\/de\/wp-json\/wp\/v2\/product_tag?post=3573"}],"curies":[{"name":"wp","href":"https:\/\/api.w.org\/{rel}","templated":true}]}}