{"id":3575,"date":"2025-10-09T00:00:00","date_gmt":"2025-10-08T22:00:00","guid":{"rendered":"https:\/\/yotavis.ch\/product\/sdg1062x\/"},"modified":"2026-04-24T13:27:24","modified_gmt":"2026-04-24T11:27:24","slug":"sdg1062x","status":"publish","type":"product","link":"https:\/\/yotavis.ch\/de\/produkt\/sdg1062x\/","title":{"rendered":"SDG1062X"},"content":{"rendered":"<p>Der Siglent SDG1062X ist ein 60MHz Zweikanal-Arbitrary-Waveform-Generator und Funktionsgenerator, der f\u00fcr eine pr\u00e4zise Signalausgabe ausgelegt ist. Er arbeitet mit einer maximalen Frequenz von 60MHz und unterst\u00fctzt eine Amplitude von bis zu 10 Volt. Das Ger\u00e4t verf\u00fcgt \u00fcber eine Abtastrate von 150MSa\/s, was eine detaillierte Wellenformerzeugung und -analyse erm\u00f6glicht. Es verf\u00fcgt \u00fcber Sweep- und Burst-Funktionen, die seine Vielseitigkeit f\u00fcr verschiedene Testszenarien erh\u00f6hen. Die Speichertiefe des SDG1062X betr\u00e4gt 0,016 Mpts, was die Speicherung und Wiedergabe komplexer Wellenformen unterst\u00fctzt. Die minimale \u00dcbergangszeit betr\u00e4gt 16,80 Nanosekunden und die minimale Impulsbreite 32,6 Nanosekunden, was die Erzeugung von scharfen und genauen Impulsen erm\u00f6glicht. Dieses Modell eignet sich f\u00fcr Anwendungen, die eine pr\u00e4zise Zeit- und Wellenformsteuerung erfordern.<\/p>","protected":false},"excerpt":{"rendered":"<p>60MHz; 2 Kan\u00e4le; 150MSa\/s; AWG\/AFG<\/p>","protected":false},"featured_media":4901,"comment_status":"closed","ping_status":"closed","template":"","meta":{"_acf_changed":false,"slim_seo":{"title":"SDG1062X - YOTAVIS AG","description":"60MHz; 2 Kan\u00e4le; 150MSa\/s; AWG\/AFG"}},"product_brand":[506],"product_cat":[1189,541,513],"product_tag":[],"class_list":{"0":"post-3575","1":"product","2":"type-product","3":"status-publish","4":"has-post-thumbnail","6":"product_brand-siglent","7":"product_cat-afg","8":"product_cat-awg","9":"product_cat-generator","10":"pa_amplitude-v-106","11":"pa_burst-yes","12":"pa_channels-350","13":"pa_frequency-mhz-120","14":"pa_memory-mpts-0-016","15":"pa_pulse-width-min-ns-32-6","16":"pa_sampling-rate-ms-s-117","17":"pa_sweep-yes","18":"pa_transition-time-min-ns-16-80","19":"pa_vertical-resolution-bits-113","21":"first","22":"instock","23":"taxable","24":"shipping-taxable","25":"purchasable","26":"product-type-simple"},"acf":[],"_links":{"self":[{"href":"https:\/\/yotavis.ch\/de\/wp-json\/wp\/v2\/product\/3575","targetHints":{"allow":["GET"]}}],"collection":[{"href":"https:\/\/yotavis.ch\/de\/wp-json\/wp\/v2\/product"}],"about":[{"href":"https:\/\/yotavis.ch\/de\/wp-json\/wp\/v2\/types\/product"}],"replies":[{"embeddable":true,"href":"https:\/\/yotavis.ch\/de\/wp-json\/wp\/v2\/comments?post=3575"}],"wp:featuredmedia":[{"embeddable":true,"href":"https:\/\/yotavis.ch\/de\/wp-json\/wp\/v2\/media\/4901"}],"wp:attachment":[{"href":"https:\/\/yotavis.ch\/de\/wp-json\/wp\/v2\/media?parent=3575"}],"wp:term":[{"taxonomy":"product_brand","embeddable":true,"href":"https:\/\/yotavis.ch\/de\/wp-json\/wp\/v2\/product_brand?post=3575"},{"taxonomy":"product_cat","embeddable":true,"href":"https:\/\/yotavis.ch\/de\/wp-json\/wp\/v2\/product_cat?post=3575"},{"taxonomy":"product_tag","embeddable":true,"href":"https:\/\/yotavis.ch\/de\/wp-json\/wp\/v2\/product_tag?post=3575"}],"curies":[{"name":"wp","href":"https:\/\/api.w.org\/{rel}","templated":true}]}}