{"id":3576,"date":"2025-10-09T00:00:00","date_gmt":"2025-10-08T22:00:00","guid":{"rendered":"https:\/\/yotavis.ch\/product\/sdg1022x-plus\/"},"modified":"2026-04-24T13:27:25","modified_gmt":"2026-04-24T11:27:25","slug":"sdg1022x-plus","status":"publish","type":"product","link":"https:\/\/yotavis.ch\/de\/produkt\/sdg1022x-plus\/","title":{"rendered":"SDG1022X Plus"},"content":{"rendered":"<p>Der SDG1022X Plus von Siglent ist ein 25-MHz-Zweikanal-Arbitr\u00e4rwellenformgenerator mit einer Abtastrate von 1 GSa\/s und einer vertikalen Aufl\u00f6sung von 16 Bit. Er bietet eine Arbitrary-Wellenform-L\u00e4nge von 8 Mpts pro Kanal und erm\u00f6glicht so eine detaillierte Signalerzeugung. Der Baustein unterst\u00fctzt eine maximale Amplitude von \u00b110 V und bietet damit einen gro\u00dfen Ausgangsbereich f\u00fcr verschiedene Anwendungen. Es umfasst Wobbel- und Burst-Funktionen, die seine Vielseitigkeit bei der Signalpr\u00fcfung erh\u00f6hen. Die Abtastrate ist mit 250 MS\/s und einer Speichertiefe von 0,016 Mpts spezifiziert. Die minimale \u00dcbergangszeit betr\u00e4gt 10 ns und die minimale Impulsbreite 19,4 ns, was eine pr\u00e4zise Kontrolle der Wellenformeigenschaften erm\u00f6glicht. Dieses Modell ist f\u00fcr die genaue und flexible Erzeugung von Wellenformen f\u00fcr Test- und Entwicklungszwecke konzipiert.<\/p>","protected":false},"excerpt":{"rendered":"<p>25 MHz 2 CH AWG; 1 GSa\/s Abtastrate; 16-bits vertikale Aufl\u00f6sung; 8 Mpts\/CH Beliebige Wellenforml\u00e4nge; \u00b110 V Maximalamplitude;<\/p>","protected":false},"featured_media":4905,"comment_status":"closed","ping_status":"closed","template":"","meta":{"_acf_changed":false,"slim_seo":{"title":"SDG1022X Plus - YOTAVIS AG","description":"25 MHz 2 CH AWG; 1 GSa\/s Abtastrate; 16-bits vertikale Aufl\u00f6sung; 8 Mpts\/CH Beliebige Wellenforml\u00e4nge; \u00b110 V Maximalamplitude;"}},"product_brand":[506],"product_cat":[1189,541,513],"product_tag":[],"class_list":{"0":"post-3576","1":"product","2":"type-product","3":"status-publish","4":"has-post-thumbnail","6":"product_brand-siglent","7":"product_cat-afg","8":"product_cat-awg","9":"product_cat-generator","10":"pa_amplitude-v-106","11":"pa_burst-yes","12":"pa_channels-350","13":"pa_frequency-mhz-121","14":"pa_memory-mpts-0-016","15":"pa_pulse-width-min-ns-19-4","16":"pa_sampling-rate-ms-s-122","17":"pa_sweep-yes","18":"pa_transition-time-min-ns-123","19":"pa_vertical-resolution-bits-125","21":"first","22":"instock","23":"taxable","24":"shipping-taxable","25":"purchasable","26":"product-type-simple"},"acf":[],"_links":{"self":[{"href":"https:\/\/yotavis.ch\/de\/wp-json\/wp\/v2\/product\/3576","targetHints":{"allow":["GET"]}}],"collection":[{"href":"https:\/\/yotavis.ch\/de\/wp-json\/wp\/v2\/product"}],"about":[{"href":"https:\/\/yotavis.ch\/de\/wp-json\/wp\/v2\/types\/product"}],"replies":[{"embeddable":true,"href":"https:\/\/yotavis.ch\/de\/wp-json\/wp\/v2\/comments?post=3576"}],"wp:featuredmedia":[{"embeddable":true,"href":"https:\/\/yotavis.ch\/de\/wp-json\/wp\/v2\/media\/4905"}],"wp:attachment":[{"href":"https:\/\/yotavis.ch\/de\/wp-json\/wp\/v2\/media?parent=3576"}],"wp:term":[{"taxonomy":"product_brand","embeddable":true,"href":"https:\/\/yotavis.ch\/de\/wp-json\/wp\/v2\/product_brand?post=3576"},{"taxonomy":"product_cat","embeddable":true,"href":"https:\/\/yotavis.ch\/de\/wp-json\/wp\/v2\/product_cat?post=3576"},{"taxonomy":"product_tag","embeddable":true,"href":"https:\/\/yotavis.ch\/de\/wp-json\/wp\/v2\/product_tag?post=3576"}],"curies":[{"name":"wp","href":"https:\/\/api.w.org\/{rel}","templated":true}]}}