{"id":3578,"date":"2025-10-09T00:00:00","date_gmt":"2025-10-08T22:00:00","guid":{"rendered":"https:\/\/yotavis.ch\/product\/sdg1062x-plus\/"},"modified":"2026-04-24T13:27:25","modified_gmt":"2026-04-24T11:27:25","slug":"sdg1062x-plus","status":"publish","type":"product","link":"https:\/\/yotavis.ch\/de\/produkt\/sdg1062x-plus\/","title":{"rendered":"SDG1062X Plus"},"content":{"rendered":"<p>Der SDG1062X Plus von Siglent ist ein 60-MHz-Arbitr\u00e4rsignalgenerator mit zwei Kan\u00e4len und einer maximalen Amplitude von \u00b110 V. Er bietet eine Abtastrate von 1 GSa\/s und eine vertikale Aufl\u00f6sung von 16 Bit, was eine pr\u00e4zise Signalgenerierung gew\u00e4hrleistet. Jeder Kanal unterst\u00fctzt eine Arbitr\u00e4rwellenforml\u00e4nge von bis zu 8 Mpts und erm\u00f6glicht so die Erzeugung komplexer Signale. Das Ger\u00e4t verf\u00fcgt \u00fcber Wobbel- und Burst-Funktionen, die seine Vielseitigkeit f\u00fcr verschiedene Testszenarien erh\u00f6hen. Er arbeitet mit einer Abtastrate von 250 MS\/s und hat eine Speichertiefe von 0,016 Mpts. Die minimale \u00dcbergangszeit betr\u00e4gt 10 ns und die minimale Pulsbreite 19,4 ns, was eine detaillierte Signalformung erm\u00f6glicht. Dieses Modell erf\u00fcllt die Anforderungen von Anwendern, die Arbitr\u00e4rsignale mit hoher Aufl\u00f6sung und hoher Geschwindigkeit erzeugen wollen.<\/p>","protected":false},"excerpt":{"rendered":"<p>60 MHz 2 CH AWG; 1 GSa\/s Abtastrate; 16-bits vertikale Aufl\u00f6sung; 8 Mpts\/CH Beliebige Wellenforml\u00e4nge; \u00b110 V Maximalamplitude;<\/p>","protected":false},"featured_media":4914,"comment_status":"closed","ping_status":"closed","template":"","meta":{"_acf_changed":false,"slim_seo":{"title":"SDG1062X Plus - YOTAVIS AG","description":"60 MHz 2 CH AWG; 1 GSa\/s Abtastrate; 16-bits vertikale Aufl\u00f6sung; 8 Mpts\/CH Beliebige Wellenforml\u00e4nge; \u00b110 V Maximalamplitude;"}},"product_brand":[506],"product_cat":[1189,541,513],"product_tag":[],"class_list":{"0":"post-3578","1":"product","2":"type-product","3":"status-publish","4":"has-post-thumbnail","6":"product_brand-siglent","7":"product_cat-afg","8":"product_cat-awg","9":"product_cat-generator","10":"pa_amplitude-v-106","11":"pa_burst-yes","12":"pa_channels-350","13":"pa_frequency-mhz-120","14":"pa_memory-mpts-0-016","15":"pa_pulse-width-min-ns-19-4","16":"pa_sampling-rate-ms-s-122","17":"pa_sweep-yes","18":"pa_transition-time-min-ns-123","19":"pa_vertical-resolution-bits-125","21":"first","22":"instock","23":"taxable","24":"shipping-taxable","25":"purchasable","26":"product-type-simple"},"acf":[],"_links":{"self":[{"href":"https:\/\/yotavis.ch\/de\/wp-json\/wp\/v2\/product\/3578","targetHints":{"allow":["GET"]}}],"collection":[{"href":"https:\/\/yotavis.ch\/de\/wp-json\/wp\/v2\/product"}],"about":[{"href":"https:\/\/yotavis.ch\/de\/wp-json\/wp\/v2\/types\/product"}],"replies":[{"embeddable":true,"href":"https:\/\/yotavis.ch\/de\/wp-json\/wp\/v2\/comments?post=3578"}],"wp:featuredmedia":[{"embeddable":true,"href":"https:\/\/yotavis.ch\/de\/wp-json\/wp\/v2\/media\/4914"}],"wp:attachment":[{"href":"https:\/\/yotavis.ch\/de\/wp-json\/wp\/v2\/media?parent=3578"}],"wp:term":[{"taxonomy":"product_brand","embeddable":true,"href":"https:\/\/yotavis.ch\/de\/wp-json\/wp\/v2\/product_brand?post=3578"},{"taxonomy":"product_cat","embeddable":true,"href":"https:\/\/yotavis.ch\/de\/wp-json\/wp\/v2\/product_cat?post=3578"},{"taxonomy":"product_tag","embeddable":true,"href":"https:\/\/yotavis.ch\/de\/wp-json\/wp\/v2\/product_tag?post=3578"}],"curies":[{"name":"wp","href":"https:\/\/api.w.org\/{rel}","templated":true}]}}