{"id":3579,"date":"2025-10-09T00:00:00","date_gmt":"2025-10-08T22:00:00","guid":{"rendered":"https:\/\/yotavis.ch\/product\/sdg2042x\/"},"modified":"2026-04-24T13:27:26","modified_gmt":"2026-04-24T11:27:26","slug":"sdg2042x","status":"publish","type":"product","link":"https:\/\/yotavis.ch\/de\/produkt\/sdg2042x\/","title":{"rendered":"SDG2042X"},"content":{"rendered":"<p>Der Siglent SDG2042X ist ein Wellenformgenerator mit einer maximalen Frequenz von 40 MHz und zwei Ausgangskan\u00e4len. Er unterst\u00fctzt eine Abtastrate von 1,2 GSa\/s und bietet eine Speichertiefe von 8 Mpts, was eine detaillierte Wellenformerzeugung und -speicherung erm\u00f6glicht. Das Ger\u00e4t enth\u00e4lt die EasyPulse-Technologie, die die Erzeugung von Impulssignalen mit einer minimalen \u00dcbergangszeit von 8,4 ns und einer minimalen Impulsbreite von 16,3 ns verbessert. Er bietet einen Amplitudenausgang von bis zu 10 V und unterst\u00fctzt sowohl Sweep- als auch Burst-Funktionen f\u00fcr eine vielseitige Signalmodulation. Die Wellenformausgabe kann von 8 Punkten bis zu 8 Millionen Punkten reichen, wodurch eine Vielzahl von Signalkomplexit\u00e4ten abgedeckt wird. Mit einer Abtastrate von 300 MS\/s und einer Speicherkapazit\u00e4t von 8 MPts ist der SDG2042X f\u00fcr pr\u00e4zise und komplexe Arbitr\u00e4rsignalausgaben ausgelegt. Durch diese Kombination von Merkmalen eignet er sich f\u00fcr Anwendungen, die eine detaillierte und flexible Signalerzeugung erfordern.<\/p>","protected":false},"excerpt":{"rendered":"<p>40MHz; 2 Kan\u00e4le; 1,2GSa\/s; Wellenl\u00e4nge: 8pts-8Mpts Funktion\/beliebige Wellenformausgabe; EasyPulse Technologie<\/p>","protected":false},"featured_media":4921,"comment_status":"closed","ping_status":"closed","template":"","meta":{"_acf_changed":false,"slim_seo":{"title":"SDG2042X - YOTAVIS AG","description":"40MHz; 2 Kan\u00e4le; 1,2GSa\/s; Wellenl\u00e4nge: 8pts-8Mpts Funktion\/beliebige Wellenformausgabe; EasyPulse Technologie"}},"product_brand":[506],"product_cat":[1189,541,513],"product_tag":[],"class_list":{"0":"post-3579","1":"product","2":"type-product","3":"status-publish","4":"has-post-thumbnail","6":"product_brand-siglent","7":"product_cat-afg","8":"product_cat-awg","9":"product_cat-generator","10":"pa_amplitude-v-106","11":"pa_burst-yes","12":"pa_channels-350","13":"pa_frequency-mhz-126","14":"pa_memory-mpts-128","15":"pa_pulse-width-min-ns-16-3","16":"pa_sampling-rate-ms-s-127","17":"pa_sweep-yes","18":"pa_transition-time-min-ns-8-4","19":"pa_vertical-resolution-bits-125","21":"first","22":"instock","23":"taxable","24":"shipping-taxable","25":"purchasable","26":"product-type-simple"},"acf":[],"_links":{"self":[{"href":"https:\/\/yotavis.ch\/de\/wp-json\/wp\/v2\/product\/3579","targetHints":{"allow":["GET"]}}],"collection":[{"href":"https:\/\/yotavis.ch\/de\/wp-json\/wp\/v2\/product"}],"about":[{"href":"https:\/\/yotavis.ch\/de\/wp-json\/wp\/v2\/types\/product"}],"replies":[{"embeddable":true,"href":"https:\/\/yotavis.ch\/de\/wp-json\/wp\/v2\/comments?post=3579"}],"wp:featuredmedia":[{"embeddable":true,"href":"https:\/\/yotavis.ch\/de\/wp-json\/wp\/v2\/media\/4921"}],"wp:attachment":[{"href":"https:\/\/yotavis.ch\/de\/wp-json\/wp\/v2\/media?parent=3579"}],"wp:term":[{"taxonomy":"product_brand","embeddable":true,"href":"https:\/\/yotavis.ch\/de\/wp-json\/wp\/v2\/product_brand?post=3579"},{"taxonomy":"product_cat","embeddable":true,"href":"https:\/\/yotavis.ch\/de\/wp-json\/wp\/v2\/product_cat?post=3579"},{"taxonomy":"product_tag","embeddable":true,"href":"https:\/\/yotavis.ch\/de\/wp-json\/wp\/v2\/product_tag?post=3579"}],"curies":[{"name":"wp","href":"https:\/\/api.w.org\/{rel}","templated":true}]}}