{"id":3581,"date":"2025-10-09T00:00:00","date_gmt":"2025-10-08T22:00:00","guid":{"rendered":"https:\/\/yotavis.ch\/product\/sdg2122x\/"},"modified":"2026-04-24T13:27:26","modified_gmt":"2026-04-24T11:27:26","slug":"sdg2122x","status":"publish","type":"product","link":"https:\/\/yotavis.ch\/de\/produkt\/sdg2122x\/","title":{"rendered":"SDG2122X"},"content":{"rendered":"<p>Der Siglent SDG2122X hat eine maximale Frequenz von 120 MHz und bietet 2 Kan\u00e4le f\u00fcr die Wellenformausgabe. Es unterst\u00fctzt eine Abtastrate von 300 MS\/s und eine Speichertiefe von 8 Mpts, was eine detaillierte Wellenformerzeugung und -analyse erm\u00f6glicht. Das Ger\u00e4t verf\u00fcgt \u00fcber die EasyPulse-Technologie und kann Wellenformen mit einer L\u00e4nge von 8 Punkten bis 8 Millionen Punkten ausgeben. Es unterst\u00fctzt sowohl Sweep- als auch Burst-Funktionen, was seine Vielseitigkeit bei der Signalerzeugung erh\u00f6ht. Die minimale \u00dcbergangszeit betr\u00e4gt 8,4 ns und die minimale Impulsbreite 16,3 ns, was eine pr\u00e4zise Kontrolle des Signaltimings erm\u00f6glicht. Die Amplitude kann bis zu 10 V erreichen und bietet damit einen breiten Bereich von Ausgangspegeln f\u00fcr verschiedene Anwendungen. Dieses Modell ist f\u00fcr die Ausgabe beliebiger Wellenformen mit hoher Aufl\u00f6sung und Flexibilit\u00e4t ausgelegt.<\/p>","protected":false},"excerpt":{"rendered":"<p>120MHz; 2 Kan\u00e4le; 1,2GSa\/s; Wellenl\u00e4nge: 8pts-8Mpts Funktion\/arbitr\u00e4re Wellenformausgabe; EasyPulse Technologie<\/p>","protected":false},"featured_media":4921,"comment_status":"closed","ping_status":"closed","template":"","meta":{"_acf_changed":false,"slim_seo":{"title":"SDG2122X - YOTAVIS AG","description":"120MHz; 2 Kan\u00e4le; 1,2GSa\/s; Wellenl\u00e4nge: 8pts-8Mpts Funktion\/arbitr\u00e4re Wellenformausgabe; EasyPulse Technologie"}},"product_brand":[506],"product_cat":[1189,541,513],"product_tag":[],"class_list":{"0":"post-3581","1":"product","2":"type-product","3":"status-publish","4":"has-post-thumbnail","6":"product_brand-siglent","7":"product_cat-afg","8":"product_cat-awg","9":"product_cat-generator","10":"pa_amplitude-v-106","11":"pa_burst-yes","12":"pa_channels-350","13":"pa_frequency-mhz-120","14":"pa_memory-mpts-128","15":"pa_pulse-width-min-ns-16-3","16":"pa_sampling-rate-ms-s-127","17":"pa_sweep-yes","18":"pa_transition-time-min-ns-8-4","19":"pa_vertical-resolution-bits-125","21":"first","22":"instock","23":"taxable","24":"shipping-taxable","25":"purchasable","26":"product-type-simple"},"acf":[],"_links":{"self":[{"href":"https:\/\/yotavis.ch\/de\/wp-json\/wp\/v2\/product\/3581","targetHints":{"allow":["GET"]}}],"collection":[{"href":"https:\/\/yotavis.ch\/de\/wp-json\/wp\/v2\/product"}],"about":[{"href":"https:\/\/yotavis.ch\/de\/wp-json\/wp\/v2\/types\/product"}],"replies":[{"embeddable":true,"href":"https:\/\/yotavis.ch\/de\/wp-json\/wp\/v2\/comments?post=3581"}],"wp:featuredmedia":[{"embeddable":true,"href":"https:\/\/yotavis.ch\/de\/wp-json\/wp\/v2\/media\/4921"}],"wp:attachment":[{"href":"https:\/\/yotavis.ch\/de\/wp-json\/wp\/v2\/media?parent=3581"}],"wp:term":[{"taxonomy":"product_brand","embeddable":true,"href":"https:\/\/yotavis.ch\/de\/wp-json\/wp\/v2\/product_brand?post=3581"},{"taxonomy":"product_cat","embeddable":true,"href":"https:\/\/yotavis.ch\/de\/wp-json\/wp\/v2\/product_cat?post=3581"},{"taxonomy":"product_tag","embeddable":true,"href":"https:\/\/yotavis.ch\/de\/wp-json\/wp\/v2\/product_tag?post=3581"}],"curies":[{"name":"wp","href":"https:\/\/api.w.org\/{rel}","templated":true}]}}