{"id":3582,"date":"2025-10-09T00:00:00","date_gmt":"2025-10-08T22:00:00","guid":{"rendered":"https:\/\/yotavis.ch\/product\/sdg6022x\/"},"modified":"2026-04-24T13:27:29","modified_gmt":"2026-04-24T11:27:29","slug":"sdg6022x","status":"publish","type":"product","link":"https:\/\/yotavis.ch\/de\/produkt\/sdg6022x\/","title":{"rendered":"SDG6022X"},"content":{"rendered":"<p>Der SDG6022X von Siglent hat eine maximale Frequenz von 200 MHz und bietet zwei Kan\u00e4le f\u00fcr die Signalausgabe. Er unterst\u00fctzt eine Abtastrate von 2,4 GSa\/s und bietet eine vertikale Aufl\u00f6sung von 16 Bit. Das Ger\u00e4t kann Funktionen und Arbitr\u00e4rwellenformen ausgeben, wobei die L\u00e4nge der Arb-Wellenform zwischen 2 und 20 Millionen Punkten liegt. Zur Verbesserung der Wellenformerzeugung sind EasyPulse- und TrueArb-Technologie integriert. Die Speichertiefe betr\u00e4gt 20 Millionen Punkte, und die Abtastrate ist mit 300 MS\/s spezifiziert. Weitere Merkmale sind Sweep- und Burst-Modi, eine minimale \u00dcbergangszeit von 2 Nanosekunden und eine minimale Impulsbreite von 3,4 Nanosekunden. Die Amplitude kann bis zu 10 Volt erreichen.<\/p>","protected":false},"excerpt":{"rendered":"<p>200 MHz; 2 Kan\u00e4le; 2,4 GSa\/s; 16 Bit; Arb-Wellenforml\u00e4nge: 2~20 Mpts; Funktions-\/Arbitr\u00e4rwellenformausgang; EasyPulse- und TrueArb-Technologie;<\/p>","protected":false},"featured_media":4927,"comment_status":"closed","ping_status":"closed","template":"","meta":{"_acf_changed":false,"slim_seo":{"title":"SDG6022X - YOTAVIS AG","description":"200 MHz; 2 Kan\u00e4le; 2,4 GSa\/s; 16 Bit; Arb-Wellenforml\u00e4nge: 2~20 Mpts; Funktions-\/Arbitr\u00e4rwellenformausgang; EasyPulse- und TrueArb-Technologie;"}},"product_brand":[506],"product_cat":[1189,541,513],"product_tag":[],"class_list":{"0":"post-3582","1":"product","2":"type-product","3":"status-publish","4":"has-post-thumbnail","6":"product_brand-siglent","7":"product_cat-afg","8":"product_cat-awg","9":"product_cat-generator","10":"pa_amplitude-v-106","11":"pa_burst-yes","12":"pa_channels-350","13":"pa_frequency-mhz-132","14":"pa_memory-mpts-133","15":"pa_pulse-width-min-ns-3-4","16":"pa_sampling-rate-ms-s-127","17":"pa_sweep-yes","18":"pa_transition-time-min-ns-134","19":"pa_vertical-resolution-bits-125","21":"first","22":"instock","23":"taxable","24":"shipping-taxable","25":"purchasable","26":"product-type-simple"},"acf":[],"_links":{"self":[{"href":"https:\/\/yotavis.ch\/de\/wp-json\/wp\/v2\/product\/3582","targetHints":{"allow":["GET"]}}],"collection":[{"href":"https:\/\/yotavis.ch\/de\/wp-json\/wp\/v2\/product"}],"about":[{"href":"https:\/\/yotavis.ch\/de\/wp-json\/wp\/v2\/types\/product"}],"replies":[{"embeddable":true,"href":"https:\/\/yotavis.ch\/de\/wp-json\/wp\/v2\/comments?post=3582"}],"wp:featuredmedia":[{"embeddable":true,"href":"https:\/\/yotavis.ch\/de\/wp-json\/wp\/v2\/media\/4927"}],"wp:attachment":[{"href":"https:\/\/yotavis.ch\/de\/wp-json\/wp\/v2\/media?parent=3582"}],"wp:term":[{"taxonomy":"product_brand","embeddable":true,"href":"https:\/\/yotavis.ch\/de\/wp-json\/wp\/v2\/product_brand?post=3582"},{"taxonomy":"product_cat","embeddable":true,"href":"https:\/\/yotavis.ch\/de\/wp-json\/wp\/v2\/product_cat?post=3582"},{"taxonomy":"product_tag","embeddable":true,"href":"https:\/\/yotavis.ch\/de\/wp-json\/wp\/v2\/product_tag?post=3582"}],"curies":[{"name":"wp","href":"https:\/\/api.w.org\/{rel}","templated":true}]}}