{"id":3583,"date":"2025-10-09T00:00:00","date_gmt":"2025-10-08T22:00:00","guid":{"rendered":"https:\/\/yotavis.ch\/product\/sdg6032x\/"},"modified":"2026-04-24T13:27:29","modified_gmt":"2026-04-24T11:27:29","slug":"sdg6032x","status":"publish","type":"product","link":"https:\/\/yotavis.ch\/de\/produkt\/sdg6032x\/","title":{"rendered":"SDG6032X"},"content":{"rendered":"<p>Der SDG6032X von Siglent ist ein Funktions-\/Arbitrary-Wellenformgenerator mit einer maximalen Frequenz von 350 MHz und zwei Ausgangskan\u00e4len. Er unterst\u00fctzt eine Abtastrate von 2,4 GSa\/s mit einer vertikalen Aufl\u00f6sung von 16 Bit und erm\u00f6glicht so eine detaillierte Wellenformerzeugung. Das Ger\u00e4t verf\u00fcgt \u00fcber die EasyPulse- und TrueArb-Technologie, die die M\u00f6glichkeiten der Wellenformausgabe verbessern. Er bietet eine beliebige Wellenforml\u00e4nge von 2 bis 20 Millionen Punkten und damit eine gro\u00dfe Speichertiefe f\u00fcr die Erzeugung komplexer Signale. Der Generator unterst\u00fctzt Sweep- und Burst-Modi mit einer minimalen Pulsbreite von 3,3 Nanosekunden und einer \u00dcbergangszeit von nur 1 Nanosekunde. Die Amplitude kann bis zu 10 Volt erreichen, und die Abtastrate ist mit 300 MS\/s spezifiziert. Mit einer Speicherkapazit\u00e4t von 20 Millionen Punkten ist der SDG6032X f\u00fcr ein breites Spektrum von Signalerzeugungsaufgaben ausgelegt, die Pr\u00e4zision und Flexibilit\u00e4t erfordern.<\/p>","protected":false},"excerpt":{"rendered":"<p>350MHz; 2 Kan\u00e4le; 2,4GSa\/s; 16bit; Arb-Wellenforml\u00e4nge: 2~20Mpts; Funktions-\/Arbitr\u00e4rwellenformausgang; EasyPulse- und TrueArb-Technologie;<\/p>","protected":false},"featured_media":4939,"comment_status":"closed","ping_status":"closed","template":"","meta":{"_acf_changed":false,"slim_seo":{"title":"SDG6032X - YOTAVIS AG","description":"350MHz; 2 Kan\u00e4le; 2,4GSa\/s; 16bit; Arb-Wellenforml\u00e4nge: 2~20Mpts; Funktions-\/Arbitr\u00e4rwellenformausgang; EasyPulse- und TrueArb-Technologie;"}},"product_brand":[506],"product_cat":[1189,541,513],"product_tag":[],"class_list":{"0":"post-3583","1":"product","2":"type-product","3":"status-publish","4":"has-post-thumbnail","6":"product_brand-siglent","7":"product_cat-afg","8":"product_cat-awg","9":"product_cat-generator","10":"pa_amplitude-v-106","11":"pa_burst-yes","12":"pa_channels-350","13":"pa_frequency-mhz-136","14":"pa_memory-mpts-133","15":"pa_pulse-width-min-ns-3-3","16":"pa_sampling-rate-ms-s-127","17":"pa_sweep-yes","18":"pa_transition-time-min-ns-137","19":"pa_vertical-resolution-bits-125","21":"first","22":"instock","23":"taxable","24":"shipping-taxable","25":"purchasable","26":"product-type-simple"},"acf":[],"_links":{"self":[{"href":"https:\/\/yotavis.ch\/de\/wp-json\/wp\/v2\/product\/3583","targetHints":{"allow":["GET"]}}],"collection":[{"href":"https:\/\/yotavis.ch\/de\/wp-json\/wp\/v2\/product"}],"about":[{"href":"https:\/\/yotavis.ch\/de\/wp-json\/wp\/v2\/types\/product"}],"replies":[{"embeddable":true,"href":"https:\/\/yotavis.ch\/de\/wp-json\/wp\/v2\/comments?post=3583"}],"wp:featuredmedia":[{"embeddable":true,"href":"https:\/\/yotavis.ch\/de\/wp-json\/wp\/v2\/media\/4939"}],"wp:attachment":[{"href":"https:\/\/yotavis.ch\/de\/wp-json\/wp\/v2\/media?parent=3583"}],"wp:term":[{"taxonomy":"product_brand","embeddable":true,"href":"https:\/\/yotavis.ch\/de\/wp-json\/wp\/v2\/product_brand?post=3583"},{"taxonomy":"product_cat","embeddable":true,"href":"https:\/\/yotavis.ch\/de\/wp-json\/wp\/v2\/product_cat?post=3583"},{"taxonomy":"product_tag","embeddable":true,"href":"https:\/\/yotavis.ch\/de\/wp-json\/wp\/v2\/product_tag?post=3583"}],"curies":[{"name":"wp","href":"https:\/\/api.w.org\/{rel}","templated":true}]}}